{"id":996,"date":"2016-01-07T11:48:36","date_gmt":"2016-01-07T11:48:36","guid":{"rendered":"http:\/\/www.sailgreeceyachts.com\/pl\/?page_id=996"},"modified":"2016-07-07T20:56:03","modified_gmt":"2016-07-07T20:56:03","slug":"polnocne-srodkowe-cyklady","status":"publish","type":"page","link":"https:\/\/www.sailgreeceyachts.com\/pl\/polnocne-srodkowe-cyklady.html","title":{"rendered":"P\u00f3\u0142nocne i \u015arodkowe Cyklady"},"content":{"rendered":"<p>Kea jest najbardziej wysuni\u0119t\u0105 na zach\u00f3d wysp\u0105 Cyklad, le\u017c\u0105c\u0105 12 mil morskich od Przyl\u0105dka Sounion. W odleg\u0142o\u015bci 41 NM znajduje si\u0119 pag\u00f3rkowata wyspa Syros, mniej wi\u0119cej w po\u0142owie drogi mi\u0119dzy Kythnos a Mykonos. Jego centralne po\u0142o\u017cenie czyni go g\u0142\u00f3wnym centrum administracji, handlu i rybo\u0142\u00f3wstwa na Cykladach. Obie formy: Ermoupolis i Finikas (tak jak Paroikia na Paros) s\u0105 praktycznymi bazami czarterowymi w \u015brodkowych Cykladach.<\/p>\n<p><img loading=\"lazy\" decoding=\"async\" class=\"img-responsive alignnone wp-image-347 size-full\" src=\"http:\/\/www.sailgreeceyachts.com\/assets\/northern_and_middle_cyclades.jpg\" alt=\"northern_and_middle_cyclades\" width=\"1005\" height=\"775\" srcset=\"https:\/\/www.sailgreeceyachts.com\/assets\/northern_and_middle_cyclades.jpg 1005w, https:\/\/www.sailgreeceyachts.com\/assets\/northern_and_middle_cyclades-360x278.jpg 360w, https:\/\/www.sailgreeceyachts.com\/assets\/northern_and_middle_cyclades-500x386.jpg 500w\" sizes=\"auto, (max-width: 1005px) 100vw, 1005px\" \/><\/p>\n<table class=\"defaultTable mb20 routeTable\" width=\"480\" cellspacing=\"0\" cellpadding=\"0\">\n<tbody>\n<tr>\n<th>Z<\/th>\n<th>Do<\/th>\n<th>Odleg\u0142o\u015b\u0107<\/th>\n<\/tr>\n<tr>\n<td>Alimos marina<\/td>\n<td>Cape Sounio<\/td>\n<td>23 NM<\/td>\n<\/tr>\n<tr>\n<td>Cape Sounio<\/td>\n<td>Kea<\/td>\n<td>14 NM<\/td>\n<\/tr>\n<tr>\n<td>Kea<\/td>\n<td>Syros (Finikas)<\/td>\n<td>41 NM<\/td>\n<\/tr>\n<tr>\n<td>Syros (Finikas)<\/td>\n<td>Paros<\/td>\n<td>23 NM<\/td>\n<\/tr>\n<tr>\n<td>Paros<\/td>\n<td>Serifos<\/td>\n<td>31 NM<\/td>\n<\/tr>\n<tr>\n<td>Serifos<\/td>\n<td>Kythnos<\/td>\n<td>23 NM<\/td>\n<\/tr>\n<tr>\n<td>Kythnos<\/td>\n<td>Alimos marina<\/td>\n<td>48 NM<\/td>\n<\/tr>\n<tr>\n<th colspan=\"3\">Dystans jest mierzony w milach morskich (NM).<\/th>\n<\/tr>\n<\/tbody>\n<\/table>\n<p>Chcesz zaprojektowa\u0107 w\u0142asna trase? Wypr\u00f3buj nasz\u00a0<a href=\"http:\/\/www.sailgreeceyachts.com\/wp-admin\/sailing-distances-greece.html\">online distance calculator<\/a>\u00a0any lepiej wyobrazi\u0107 sobie jake odleg\u0142o\u015bci beda do pokonania. Mo\u017cesz wys\u0142a\u0107 lub udost\u0119pni\u0107 rezultaty reszcie \u00a0za\u0142ogi<\/p>\n<p><strong>Paros<\/strong><\/p>\n<p>Centralna wyspa Paros pokryta jest pasmem wzg\u00f3rz o delikatnie zaokr\u0105glonych konturach. Trzy zatoki g\u0142\u0119boko wcinaj\u0105 si\u0119 w l\u0105d: na zachodzie zaciszna Zatoka Paroikia, ze stolic\u0105 wyspy, s\u0142u\u017c\u0105ca za baz\u0119 czarterow\u0105 jacht\u00f3w. Druga \u2013 na p\u00f3\u0142nocy, kt\u00f3ra chroni ma\u0142e miasteczko Naoussa i na wschodzie \u2013 p\u0142aska Zatoka Marmara.<\/p>\n<p>Na p\u00f3\u0142nocnym zachodzie od Sifnos le\u017cy Wyspa Serifos, naga i skalista, kt\u00f3rej wzg\u00f3rza poci\u0119te s\u0105 przez liczne w\u0105wozy. Jej najwy\u017cszy punkt to Mount Tourlos (483 m). Z Koutalas na po\u0142udniowym wybrze\u017cu dostarczana jest ruda. W sezonie szczeg\u00f3lnie Livadi jest licznie odwiedzana przez czarterowe jachty; wej\u015bcie na Chor\u0119, wznosz\u0105c\u0105 si\u0119 nad zatok\u0105 Livadi zapewnia jedne z najbardziej osza\u0142amiaj\u0105cych widok\u00f3w.<\/p>\n<p><strong>Kythnos<\/strong><\/p>\n<p>Kythons le\u017cy na po\u0142udniowym wschodzie od Kei i jest skalist\u0105 i nieurodzajn\u0105 wysp\u0105 z krasowego wapienia, kt\u00f3ra jest wiosn\u0105 pokryta obfitym dywanem kolorowego kwiecia. Wybrze\u017ce jest pe\u0142ne zatok, z mn\u00f3stwem pi\u0119knych kotwicowisk i port\u00f3w dla jacht\u00f3w \u017caglowych i w przewa\u017caj\u0105cej wi\u0119kszo\u015bci opada stromo do morza. Mieszka\u0144cy \u017cyj\u0105 z rolnictwa i rybo\u0142\u00f3wstwa. W staro\u017cytno\u015bci na wyspie wydobywano \u017celazo.<\/p>\n","protected":false},"excerpt":{"rendered":"<p>Kea jest najbardziej wysuni\u0119t\u0105 na zach\u00f3d wysp\u0105 Cyklad, le\u017c\u0105c\u0105 12 mil morskich od Przyl\u0105dka Sounion. W odleg\u0142o\u015bci 41 NM znajduje si\u0119 pag\u00f3rkowata wyspa Syros, mniej wi\u0119cej w po\u0142owie drogi mi\u0119dzy Kythnos a Mykonos. Jego centralne po\u0142o\u017cenie czyni go g\u0142\u00f3wnym centrum administracji, handlu i rybo\u0142\u00f3wstwa na Cykladach. Obie formy: Ermoupolis i Finikas (tak jak Paroikia na &hellip; <a href=\"https:\/\/www.sailgreeceyachts.com\/pl\/polnocne-srodkowe-cyklady.html\">Continued<\/a><\/p>\n","protected":false},"author":2,"featured_media":0,"parent":0,"menu_order":0,"comment_status":"closed","ping_status":"closed","template":"","meta":{"_acf_changed":false,"footnotes":""},"class_list":["post-996","page","type-page","status-publish","hentry"],"acf":[],"yoast_head":"<!-- This site is optimized with the Yoast SEO plugin v27.1.1 - https:\/\/yoast.com\/product\/yoast-seo-wordpress\/ -->\n<title>P\u00f3\u0142nocne i \u015arodkowe Cyklady - Sail Greece Yacht Charters<\/title>\n<meta name=\"robots\" content=\"index, follow, max-snippet:-1, max-image-preview:large, max-video-preview:-1\" \/>\n<link rel=\"canonical\" href=\"https:\/\/www.sailgreeceyachts.com\/pl\/polnocne-srodkowe-cyklady.html\" \/>\n<meta property=\"og:locale\" content=\"pl_PL\" \/>\n<meta property=\"og:type\" content=\"article\" \/>\n<meta property=\"og:title\" content=\"P\u00f3\u0142nocne i \u015arodkowe Cyklady - Sail Greece Yacht Charters\" \/>\n<meta property=\"og:description\" content=\"Kea jest najbardziej wysuni\u0119t\u0105 na zach\u00f3d wysp\u0105 Cyklad, le\u017c\u0105c\u0105 12 mil morskich od Przyl\u0105dka Sounion. W odleg\u0142o\u015bci 41 NM znajduje si\u0119 pag\u00f3rkowata wyspa Syros, mniej wi\u0119cej w po\u0142owie drogi mi\u0119dzy Kythnos a Mykonos. Jego centralne po\u0142o\u017cenie czyni go g\u0142\u00f3wnym centrum administracji, handlu i rybo\u0142\u00f3wstwa na Cykladach. Obie formy: Ermoupolis i Finikas (tak jak Paroikia na &hellip; Continued\" \/>\n<meta property=\"og:url\" content=\"https:\/\/www.sailgreeceyachts.com\/pl\/polnocne-srodkowe-cyklady.html\" \/>\n<meta property=\"og:site_name\" content=\"Sail Greece Yacht Charters\" \/>\n<meta property=\"article:publisher\" content=\"https:\/\/www.facebook.com\/Sail.Greece.Yacht.Charters\/\" \/>\n<meta property=\"article:modified_time\" content=\"2016-07-07T20:56:03+00:00\" \/>\n<meta property=\"og:image\" content=\"http:\/\/www.sailgreeceyachts.com\/assets\/northern_and_middle_cyclades.jpg\" \/>\n<script type=\"application\/ld+json\" class=\"yoast-schema-graph\">{\"@context\":\"https:\/\/schema.org\",\"@graph\":[{\"@type\":\"WebPage\",\"@id\":\"https:\/\/www.sailgreeceyachts.com\/pl\/polnocne-srodkowe-cyklady.html\",\"url\":\"https:\/\/www.sailgreeceyachts.com\/pl\/polnocne-srodkowe-cyklady.html\",\"name\":\"P\u00f3\u0142nocne i \u015arodkowe Cyklady - Sail Greece Yacht Charters\",\"isPartOf\":{\"@id\":\"https:\/\/www.sailgreeceyachts.com\/pl#website\"},\"primaryImageOfPage\":{\"@id\":\"https:\/\/www.sailgreeceyachts.com\/pl\/polnocne-srodkowe-cyklady.html#primaryimage\"},\"image\":{\"@id\":\"https:\/\/www.sailgreeceyachts.com\/pl\/polnocne-srodkowe-cyklady.html#primaryimage\"},\"thumbnailUrl\":\"http:\/\/www.sailgreeceyachts.com\/assets\/northern_and_middle_cyclades.jpg\",\"datePublished\":\"2016-01-07T11:48:36+00:00\",\"dateModified\":\"2016-07-07T20:56:03+00:00\",\"breadcrumb\":{\"@id\":\"https:\/\/www.sailgreeceyachts.com\/pl\/polnocne-srodkowe-cyklady.html#breadcrumb\"},\"inLanguage\":\"pl-PL\",\"potentialAction\":[{\"@type\":\"ReadAction\",\"target\":[\"https:\/\/www.sailgreeceyachts.com\/pl\/polnocne-srodkowe-cyklady.html\"]}]},{\"@type\":\"ImageObject\",\"inLanguage\":\"pl-PL\",\"@id\":\"https:\/\/www.sailgreeceyachts.com\/pl\/polnocne-srodkowe-cyklady.html#primaryimage\",\"url\":\"http:\/\/www.sailgreeceyachts.com\/assets\/northern_and_middle_cyclades.jpg\",\"contentUrl\":\"http:\/\/www.sailgreeceyachts.com\/assets\/northern_and_middle_cyclades.jpg\"},{\"@type\":\"BreadcrumbList\",\"@id\":\"https:\/\/www.sailgreeceyachts.com\/pl\/polnocne-srodkowe-cyklady.html#breadcrumb\",\"itemListElement\":[{\"@type\":\"ListItem\",\"position\":1,\"name\":\"Home\",\"item\":\"https:\/\/www.sailgreeceyachts.com\/pl\"},{\"@type\":\"ListItem\",\"position\":2,\"name\":\"P\u00f3\u0142nocne i \u015arodkowe Cyklady\"}]},{\"@type\":\"WebSite\",\"@id\":\"https:\/\/www.sailgreeceyachts.com\/pl#website\",\"url\":\"https:\/\/www.sailgreeceyachts.com\/pl\",\"name\":\"Sail Greece Yacht Charters\",\"description\":\"\",\"potentialAction\":[{\"@type\":\"SearchAction\",\"target\":{\"@type\":\"EntryPoint\",\"urlTemplate\":\"https:\/\/www.sailgreeceyachts.com\/pl?s={search_term_string}\"},\"query-input\":{\"@type\":\"PropertyValueSpecification\",\"valueRequired\":true,\"valueName\":\"search_term_string\"}}],\"inLanguage\":\"pl-PL\"}]}<\/script>\n<!-- \/ Yoast SEO plugin. -->","yoast_head_json":{"title":"P\u00f3\u0142nocne i \u015arodkowe Cyklady - Sail Greece Yacht Charters","robots":{"index":"index","follow":"follow","max-snippet":"max-snippet:-1","max-image-preview":"max-image-preview:large","max-video-preview":"max-video-preview:-1"},"canonical":"https:\/\/www.sailgreeceyachts.com\/pl\/polnocne-srodkowe-cyklady.html","og_locale":"pl_PL","og_type":"article","og_title":"P\u00f3\u0142nocne i \u015arodkowe Cyklady - Sail Greece Yacht Charters","og_description":"Kea jest najbardziej wysuni\u0119t\u0105 na zach\u00f3d wysp\u0105 Cyklad, le\u017c\u0105c\u0105 12 mil morskich od Przyl\u0105dka Sounion. W odleg\u0142o\u015bci 41 NM znajduje si\u0119 pag\u00f3rkowata wyspa Syros, mniej wi\u0119cej w po\u0142owie drogi mi\u0119dzy Kythnos a Mykonos. Jego centralne po\u0142o\u017cenie czyni go g\u0142\u00f3wnym centrum administracji, handlu i rybo\u0142\u00f3wstwa na Cykladach. Obie formy: Ermoupolis i Finikas (tak jak Paroikia na &hellip; Continued","og_url":"https:\/\/www.sailgreeceyachts.com\/pl\/polnocne-srodkowe-cyklady.html","og_site_name":"Sail Greece Yacht Charters","article_publisher":"https:\/\/www.facebook.com\/Sail.Greece.Yacht.Charters\/","article_modified_time":"2016-07-07T20:56:03+00:00","og_image":[{"url":"http:\/\/www.sailgreeceyachts.com\/assets\/northern_and_middle_cyclades.jpg","type":"","width":"","height":""}],"schema":{"@context":"https:\/\/schema.org","@graph":[{"@type":"WebPage","@id":"https:\/\/www.sailgreeceyachts.com\/pl\/polnocne-srodkowe-cyklady.html","url":"https:\/\/www.sailgreeceyachts.com\/pl\/polnocne-srodkowe-cyklady.html","name":"P\u00f3\u0142nocne i \u015arodkowe Cyklady - Sail Greece Yacht Charters","isPartOf":{"@id":"https:\/\/www.sailgreeceyachts.com\/pl#website"},"primaryImageOfPage":{"@id":"https:\/\/www.sailgreeceyachts.com\/pl\/polnocne-srodkowe-cyklady.html#primaryimage"},"image":{"@id":"https:\/\/www.sailgreeceyachts.com\/pl\/polnocne-srodkowe-cyklady.html#primaryimage"},"thumbnailUrl":"http:\/\/www.sailgreeceyachts.com\/assets\/northern_and_middle_cyclades.jpg","datePublished":"2016-01-07T11:48:36+00:00","dateModified":"2016-07-07T20:56:03+00:00","breadcrumb":{"@id":"https:\/\/www.sailgreeceyachts.com\/pl\/polnocne-srodkowe-cyklady.html#breadcrumb"},"inLanguage":"pl-PL","potentialAction":[{"@type":"ReadAction","target":["https:\/\/www.sailgreeceyachts.com\/pl\/polnocne-srodkowe-cyklady.html"]}]},{"@type":"ImageObject","inLanguage":"pl-PL","@id":"https:\/\/www.sailgreeceyachts.com\/pl\/polnocne-srodkowe-cyklady.html#primaryimage","url":"http:\/\/www.sailgreeceyachts.com\/assets\/northern_and_middle_cyclades.jpg","contentUrl":"http:\/\/www.sailgreeceyachts.com\/assets\/northern_and_middle_cyclades.jpg"},{"@type":"BreadcrumbList","@id":"https:\/\/www.sailgreeceyachts.com\/pl\/polnocne-srodkowe-cyklady.html#breadcrumb","itemListElement":[{"@type":"ListItem","position":1,"name":"Home","item":"https:\/\/www.sailgreeceyachts.com\/pl"},{"@type":"ListItem","position":2,"name":"P\u00f3\u0142nocne i \u015arodkowe Cyklady"}]},{"@type":"WebSite","@id":"https:\/\/www.sailgreeceyachts.com\/pl#website","url":"https:\/\/www.sailgreeceyachts.com\/pl","name":"Sail Greece Yacht Charters","description":"","potentialAction":[{"@type":"SearchAction","target":{"@type":"EntryPoint","urlTemplate":"https:\/\/www.sailgreeceyachts.com\/pl?s={search_term_string}"},"query-input":{"@type":"PropertyValueSpecification","valueRequired":true,"valueName":"search_term_string"}}],"inLanguage":"pl-PL"}]}},"_links":{"self":[{"href":"https:\/\/www.sailgreeceyachts.com\/pl\/wp-json\/wp\/v2\/pages\/996","targetHints":{"allow":["GET"]}}],"collection":[{"href":"https:\/\/www.sailgreeceyachts.com\/pl\/wp-json\/wp\/v2\/pages"}],"about":[{"href":"https:\/\/www.sailgreeceyachts.com\/pl\/wp-json\/wp\/v2\/types\/page"}],"author":[{"embeddable":true,"href":"https:\/\/www.sailgreeceyachts.com\/pl\/wp-json\/wp\/v2\/users\/2"}],"replies":[{"embeddable":true,"href":"https:\/\/www.sailgreeceyachts.com\/pl\/wp-json\/wp\/v2\/comments?post=996"}],"version-history":[{"count":0,"href":"https:\/\/www.sailgreeceyachts.com\/pl\/wp-json\/wp\/v2\/pages\/996\/revisions"}],"wp:attachment":[{"href":"https:\/\/www.sailgreeceyachts.com\/pl\/wp-json\/wp\/v2\/media?parent=996"}],"curies":[{"name":"wp","href":"https:\/\/api.w.org\/{rel}","templated":true}]}}