{"id":994,"date":"2016-01-07T11:52:24","date_gmt":"2016-01-07T11:52:24","guid":{"rendered":"http:\/\/www.sailgreeceyachts.com\/pl\/?page_id=994"},"modified":"2016-07-07T11:07:47","modified_gmt":"2016-07-07T11:07:47","slug":"cyklady-i","status":"publish","type":"page","link":"https:\/\/www.sailgreeceyachts.com\/pl\/cyklady-i.html","title":{"rendered":"Cyklady I"},"content":{"rendered":"<p>Cyklady, ulokowane w centralnej i po\u0142udniowej cz\u0119\u015bci Morza Egejskiego s\u0105 niew\u0105tpliwie najs\u0142ynniejszymi i najcz\u0119\u015bciej odwiedzanymi wyspami ze wszystkich greckich cel\u00f3w podr\u00f3\u017cy dla jacht\u00f3w. Oferuj\u0105 one odwiedzaj\u0105cym r\u00f3\u017cnorodny wyb\u00f3r dozna\u0144: od spokoju  do  szalonej  zabawy, s\u0142awne zabytki, pi\u0119kno i egzotyk\u0119.<\/p>\n<p>Odkryj tak\u017ce wyj\u0105tkowe strony Santorini i Myken.<\/p>\n<p><img loading=\"lazy\" decoding=\"async\" class=\"img-responsive alignnone wp-image-350 size-full\" src=\"http:\/\/www.sailgreeceyachts.com\/assets\/cyclades_islands_1.jpg\" alt=\"cyclades_islands_1\" width=\"1275\" height=\"1005\" srcset=\"https:\/\/www.sailgreeceyachts.com\/assets\/cyclades_islands_1.jpg 1275w, https:\/\/www.sailgreeceyachts.com\/assets\/cyclades_islands_1-360x284.jpg 360w, https:\/\/www.sailgreeceyachts.com\/assets\/cyclades_islands_1-500x394.jpg 500w, https:\/\/www.sailgreeceyachts.com\/assets\/cyclades_islands_1-1200x946.jpg 1200w\" sizes=\"auto, (max-width: 1275px) 100vw, 1275px\" \/><\/p>\n<table class=\"defaultTable mb20 routeTable\" width=\"480\" cellspacing=\"0\" cellpadding=\"0\">\n<tbody>\n<tr>\n<th>Z<\/th>\n<th>Do<\/th>\n<th>Distance<\/th>\n<\/tr>\n<tr>\n<td>Alimos marina<\/td>\n<td>Cape Sounio<\/td>\n<td>23 NM<\/td>\n<\/tr>\n<tr>\n<td>Cape Sounio<\/td>\n<td>Kea<\/td>\n<td>14 NM<\/td>\n<\/tr>\n<tr>\n<td>Kea<\/td>\n<td>Syros (Finikas)<\/td>\n<td>41 NM<\/td>\n<\/tr>\n<tr>\n<td>Syros (Finikas)<\/td>\n<td>Mykonos<\/td>\n<td>25 NM<\/td>\n<\/tr>\n<tr>\n<td>Mykonos<\/td>\n<td>Naxos<\/td>\n<td>23 NM<\/td>\n<\/tr>\n<tr>\n<td>Naxos<\/td>\n<td>Skinoussa<\/td>\n<td>19 NM<\/td>\n<\/tr>\n<tr>\n<td>Skinoussa<\/td>\n<td>Ios<\/td>\n<td>19 NM<\/td>\n<\/tr>\n<tr>\n<td>Ios<\/td>\n<td>Folegandros<\/td>\n<td>18 NM<\/td>\n<\/tr>\n<tr>\n<td>Folegandros<\/td>\n<td>Milos<\/td>\n<td>37 NM<\/td>\n<\/tr>\n<tr>\n<td>Milos<\/td>\n<td>Sifnos<\/td>\n<td>24 NM<\/td>\n<\/tr>\n<tr>\n<td>Sifnos<\/td>\n<td>Serifos<\/td>\n<td>12 NM<\/td>\n<\/tr>\n<tr>\n<td>Serifos<\/td>\n<td>Kythnos<\/td>\n<td>23 NM<\/td>\n<\/tr>\n<tr>\n<td>Kythnos<\/td>\n<td>Poros<\/td>\n<td>46 NM<\/td>\n<\/tr>\n<tr>\n<td>Poros<\/td>\n<td>Alimos marina<\/td>\n<td>29 NM<\/td>\n<\/tr>\n<tr>\n<th colspan=\"3\">Dystans jest mierzony w milach morskich (NM).<\/th>\n<\/tr>\n<\/tbody>\n<\/table>\n","protected":false},"excerpt":{"rendered":"<p>Cyklady, ulokowane w centralnej i po\u0142udniowej cz\u0119\u015bci Morza Egejskiego s\u0105 niew\u0105tpliwie najs\u0142ynniejszymi i najcz\u0119\u015bciej odwiedzanymi wyspami ze wszystkich greckich cel\u00f3w podr\u00f3\u017cy dla jacht\u00f3w. Oferuj\u0105 one odwiedzaj\u0105cym r\u00f3\u017cnorodny wyb\u00f3r dozna\u0144: od spokoju do szalonej zabawy, s\u0142awne zabytki, pi\u0119kno i egzotyk\u0119. Odkryj tak\u017ce wyj\u0105tkowe strony Santorini i Myken. Z Do Distance Alimos marina Cape Sounio 23 NM &hellip; <a href=\"https:\/\/www.sailgreeceyachts.com\/pl\/cyklady-i.html\">Continued<\/a><\/p>\n","protected":false},"author":2,"featured_media":0,"parent":0,"menu_order":0,"comment_status":"closed","ping_status":"closed","template":"","meta":{"_acf_changed":false,"footnotes":""},"class_list":["post-994","page","type-page","status-publish","hentry"],"acf":[],"yoast_head":"<!-- This site is optimized with the Yoast SEO plugin v27.1.1 - https:\/\/yoast.com\/product\/yoast-seo-wordpress\/ -->\n<title>Cyklady I - Sail Greece Yacht Charters<\/title>\n<meta name=\"robots\" content=\"index, follow, max-snippet:-1, max-image-preview:large, max-video-preview:-1\" \/>\n<link rel=\"canonical\" href=\"https:\/\/www.sailgreeceyachts.com\/pl\/cyklady-i.html\" \/>\n<meta property=\"og:locale\" content=\"pl_PL\" \/>\n<meta property=\"og:type\" content=\"article\" \/>\n<meta property=\"og:title\" content=\"Cyklady I - Sail Greece Yacht Charters\" \/>\n<meta property=\"og:description\" content=\"Cyklady, ulokowane w centralnej i po\u0142udniowej cz\u0119\u015bci Morza Egejskiego s\u0105 niew\u0105tpliwie najs\u0142ynniejszymi i najcz\u0119\u015bciej odwiedzanymi wyspami ze wszystkich greckich cel\u00f3w podr\u00f3\u017cy dla jacht\u00f3w. Oferuj\u0105 one odwiedzaj\u0105cym r\u00f3\u017cnorodny wyb\u00f3r dozna\u0144: od spokoju do szalonej zabawy, s\u0142awne zabytki, pi\u0119kno i egzotyk\u0119. Odkryj tak\u017ce wyj\u0105tkowe strony Santorini i Myken. Z Do Distance Alimos marina Cape Sounio 23 NM &hellip; Continued\" \/>\n<meta property=\"og:url\" content=\"https:\/\/www.sailgreeceyachts.com\/pl\/cyklady-i.html\" \/>\n<meta property=\"og:site_name\" content=\"Sail Greece Yacht Charters\" \/>\n<meta property=\"article:publisher\" content=\"https:\/\/www.facebook.com\/Sail.Greece.Yacht.Charters\/\" \/>\n<meta property=\"article:modified_time\" content=\"2016-07-07T11:07:47+00:00\" \/>\n<meta property=\"og:image\" content=\"http:\/\/www.sailgreeceyachts.com\/assets\/cyclades_islands_1.jpg\" \/>\n<script type=\"application\/ld+json\" class=\"yoast-schema-graph\">{\"@context\":\"https:\/\/schema.org\",\"@graph\":[{\"@type\":\"WebPage\",\"@id\":\"https:\/\/www.sailgreeceyachts.com\/pl\/cyklady-i.html\",\"url\":\"https:\/\/www.sailgreeceyachts.com\/pl\/cyklady-i.html\",\"name\":\"Cyklady I - Sail Greece Yacht Charters\",\"isPartOf\":{\"@id\":\"https:\/\/www.sailgreeceyachts.com\/pl#website\"},\"primaryImageOfPage\":{\"@id\":\"https:\/\/www.sailgreeceyachts.com\/pl\/cyklady-i.html#primaryimage\"},\"image\":{\"@id\":\"https:\/\/www.sailgreeceyachts.com\/pl\/cyklady-i.html#primaryimage\"},\"thumbnailUrl\":\"http:\/\/www.sailgreeceyachts.com\/assets\/cyclades_islands_1.jpg\",\"datePublished\":\"2016-01-07T11:52:24+00:00\",\"dateModified\":\"2016-07-07T11:07:47+00:00\",\"breadcrumb\":{\"@id\":\"https:\/\/www.sailgreeceyachts.com\/pl\/cyklady-i.html#breadcrumb\"},\"inLanguage\":\"pl-PL\",\"potentialAction\":[{\"@type\":\"ReadAction\",\"target\":[\"https:\/\/www.sailgreeceyachts.com\/pl\/cyklady-i.html\"]}]},{\"@type\":\"ImageObject\",\"inLanguage\":\"pl-PL\",\"@id\":\"https:\/\/www.sailgreeceyachts.com\/pl\/cyklady-i.html#primaryimage\",\"url\":\"http:\/\/www.sailgreeceyachts.com\/assets\/cyclades_islands_1.jpg\",\"contentUrl\":\"http:\/\/www.sailgreeceyachts.com\/assets\/cyclades_islands_1.jpg\"},{\"@type\":\"BreadcrumbList\",\"@id\":\"https:\/\/www.sailgreeceyachts.com\/pl\/cyklady-i.html#breadcrumb\",\"itemListElement\":[{\"@type\":\"ListItem\",\"position\":1,\"name\":\"Home\",\"item\":\"https:\/\/www.sailgreeceyachts.com\/pl\"},{\"@type\":\"ListItem\",\"position\":2,\"name\":\"Cyklady I\"}]},{\"@type\":\"WebSite\",\"@id\":\"https:\/\/www.sailgreeceyachts.com\/pl#website\",\"url\":\"https:\/\/www.sailgreeceyachts.com\/pl\",\"name\":\"Sail Greece Yacht Charters\",\"description\":\"\",\"potentialAction\":[{\"@type\":\"SearchAction\",\"target\":{\"@type\":\"EntryPoint\",\"urlTemplate\":\"https:\/\/www.sailgreeceyachts.com\/pl?s={search_term_string}\"},\"query-input\":{\"@type\":\"PropertyValueSpecification\",\"valueRequired\":true,\"valueName\":\"search_term_string\"}}],\"inLanguage\":\"pl-PL\"}]}<\/script>\n<!-- \/ Yoast SEO plugin. -->","yoast_head_json":{"title":"Cyklady I - Sail Greece Yacht Charters","robots":{"index":"index","follow":"follow","max-snippet":"max-snippet:-1","max-image-preview":"max-image-preview:large","max-video-preview":"max-video-preview:-1"},"canonical":"https:\/\/www.sailgreeceyachts.com\/pl\/cyklady-i.html","og_locale":"pl_PL","og_type":"article","og_title":"Cyklady I - Sail Greece Yacht Charters","og_description":"Cyklady, ulokowane w centralnej i po\u0142udniowej cz\u0119\u015bci Morza Egejskiego s\u0105 niew\u0105tpliwie najs\u0142ynniejszymi i najcz\u0119\u015bciej odwiedzanymi wyspami ze wszystkich greckich cel\u00f3w podr\u00f3\u017cy dla jacht\u00f3w. Oferuj\u0105 one odwiedzaj\u0105cym r\u00f3\u017cnorodny wyb\u00f3r dozna\u0144: od spokoju do szalonej zabawy, s\u0142awne zabytki, pi\u0119kno i egzotyk\u0119. Odkryj tak\u017ce wyj\u0105tkowe strony Santorini i Myken. Z Do Distance Alimos marina Cape Sounio 23 NM &hellip; Continued","og_url":"https:\/\/www.sailgreeceyachts.com\/pl\/cyklady-i.html","og_site_name":"Sail Greece Yacht Charters","article_publisher":"https:\/\/www.facebook.com\/Sail.Greece.Yacht.Charters\/","article_modified_time":"2016-07-07T11:07:47+00:00","og_image":[{"url":"http:\/\/www.sailgreeceyachts.com\/assets\/cyclades_islands_1.jpg","type":"","width":"","height":""}],"schema":{"@context":"https:\/\/schema.org","@graph":[{"@type":"WebPage","@id":"https:\/\/www.sailgreeceyachts.com\/pl\/cyklady-i.html","url":"https:\/\/www.sailgreeceyachts.com\/pl\/cyklady-i.html","name":"Cyklady I - Sail Greece Yacht Charters","isPartOf":{"@id":"https:\/\/www.sailgreeceyachts.com\/pl#website"},"primaryImageOfPage":{"@id":"https:\/\/www.sailgreeceyachts.com\/pl\/cyklady-i.html#primaryimage"},"image":{"@id":"https:\/\/www.sailgreeceyachts.com\/pl\/cyklady-i.html#primaryimage"},"thumbnailUrl":"http:\/\/www.sailgreeceyachts.com\/assets\/cyclades_islands_1.jpg","datePublished":"2016-01-07T11:52:24+00:00","dateModified":"2016-07-07T11:07:47+00:00","breadcrumb":{"@id":"https:\/\/www.sailgreeceyachts.com\/pl\/cyklady-i.html#breadcrumb"},"inLanguage":"pl-PL","potentialAction":[{"@type":"ReadAction","target":["https:\/\/www.sailgreeceyachts.com\/pl\/cyklady-i.html"]}]},{"@type":"ImageObject","inLanguage":"pl-PL","@id":"https:\/\/www.sailgreeceyachts.com\/pl\/cyklady-i.html#primaryimage","url":"http:\/\/www.sailgreeceyachts.com\/assets\/cyclades_islands_1.jpg","contentUrl":"http:\/\/www.sailgreeceyachts.com\/assets\/cyclades_islands_1.jpg"},{"@type":"BreadcrumbList","@id":"https:\/\/www.sailgreeceyachts.com\/pl\/cyklady-i.html#breadcrumb","itemListElement":[{"@type":"ListItem","position":1,"name":"Home","item":"https:\/\/www.sailgreeceyachts.com\/pl"},{"@type":"ListItem","position":2,"name":"Cyklady I"}]},{"@type":"WebSite","@id":"https:\/\/www.sailgreeceyachts.com\/pl#website","url":"https:\/\/www.sailgreeceyachts.com\/pl","name":"Sail Greece Yacht Charters","description":"","potentialAction":[{"@type":"SearchAction","target":{"@type":"EntryPoint","urlTemplate":"https:\/\/www.sailgreeceyachts.com\/pl?s={search_term_string}"},"query-input":{"@type":"PropertyValueSpecification","valueRequired":true,"valueName":"search_term_string"}}],"inLanguage":"pl-PL"}]}},"_links":{"self":[{"href":"https:\/\/www.sailgreeceyachts.com\/pl\/wp-json\/wp\/v2\/pages\/994","targetHints":{"allow":["GET"]}}],"collection":[{"href":"https:\/\/www.sailgreeceyachts.com\/pl\/wp-json\/wp\/v2\/pages"}],"about":[{"href":"https:\/\/www.sailgreeceyachts.com\/pl\/wp-json\/wp\/v2\/types\/page"}],"author":[{"embeddable":true,"href":"https:\/\/www.sailgreeceyachts.com\/pl\/wp-json\/wp\/v2\/users\/2"}],"replies":[{"embeddable":true,"href":"https:\/\/www.sailgreeceyachts.com\/pl\/wp-json\/wp\/v2\/comments?post=994"}],"version-history":[{"count":0,"href":"https:\/\/www.sailgreeceyachts.com\/pl\/wp-json\/wp\/v2\/pages\/994\/revisions"}],"wp:attachment":[{"href":"https:\/\/www.sailgreeceyachts.com\/pl\/wp-json\/wp\/v2\/media?parent=994"}],"curies":[{"name":"wp","href":"https:\/\/api.w.org\/{rel}","templated":true}]}}