{"id":984,"date":"2015-12-16T08:47:47","date_gmt":"2015-12-16T08:47:47","guid":{"rendered":"http:\/\/www.sailgreeceyachts.com\/pl\/?page_id=984"},"modified":"2016-07-07T11:34:01","modified_gmt":"2016-07-07T11:34:01","slug":"rekomendacje-i-opinie","status":"publish","type":"page","link":"https:\/\/www.sailgreeceyachts.com\/pl\/rekomendacje-i-opinie.html","title":{"rendered":"Rekomendacje i opinie"},"content":{"rendered":"<p>Od 1986 roku go\u015bcimy klient\u00f3w z ca\u0142ego \u015bwiata na najlepszych wakacjach pod \u017caglami w Grecji. Bez wzgl\u0119du na to, gdzie mieszkasz, jeste\u015bmy dumni, \u017ce mo\u017cemy dostarczy\u0107 CI osobiste rekomendacje od \u017ceglarzy z Twojego regionu, kt\u00f3rzy ch\u0119tnie za\u015bwiadcz\u0105 o naszym wysokim poziomie us\u0142ug i rozs\u0105dnym cenom. <\/p>\n<p>Poni\u017cej zamie\u015bcili\u015bmy wybrane komentarze od naszych przyjaci\u00f3\u0142, kt\u00f3rzy czarterowali od nas jachty w przesz\u0142o\u015bci. Je\u015bli chcesz doda\u0107 swoje w\u0142asne opinie, zach\u0119camy do odwiedzenia google places pages, na kt\u00f3rych mo\u017cna dodawa\u0107 opinie lub \u2013 inaczej \u2013 po prostu daj nam zna\u0107! Z ch\u0119ci\u0105 us\u0142yszymy je od Ciebie!<\/p>\n","protected":false},"excerpt":{"rendered":"<p>Od 1986 roku go\u015bcimy klient\u00f3w z ca\u0142ego \u015bwiata na najlepszych wakacjach pod \u017caglami w Grecji. Bez wzgl\u0119du na to, gdzie mieszkasz, jeste\u015bmy dumni, \u017ce mo\u017cemy dostarczy\u0107 CI osobiste rekomendacje od \u017ceglarzy z Twojego regionu, kt\u00f3rzy ch\u0119tnie za\u015bwiadcz\u0105 o naszym wysokim poziomie us\u0142ug i rozs\u0105dnym cenom. Poni\u017cej zamie\u015bcili\u015bmy wybrane komentarze od naszych przyjaci\u00f3\u0142, kt\u00f3rzy czarterowali od &hellip; <a href=\"https:\/\/www.sailgreeceyachts.com\/pl\/rekomendacje-i-opinie.html\">Continued<\/a><\/p>\n","protected":false},"author":2,"featured_media":0,"parent":0,"menu_order":0,"comment_status":"closed","ping_status":"closed","template":"template-testimonials.php","meta":{"_acf_changed":false,"footnotes":""},"class_list":["post-984","page","type-page","status-publish","hentry"],"acf":[],"yoast_head":"<!-- This site is optimized with the Yoast SEO plugin v27.5 - https:\/\/yoast.com\/product\/yoast-seo-wordpress\/ -->\n<title>Rekomendacje i opinie - Sail Greece Yacht Charters<\/title>\n<meta name=\"robots\" content=\"index, follow, max-snippet:-1, max-image-preview:large, max-video-preview:-1\" \/>\n<link rel=\"canonical\" href=\"https:\/\/www.sailgreeceyachts.com\/pl\/rekomendacje-i-opinie.html\" \/>\n<meta property=\"og:locale\" content=\"pl_PL\" \/>\n<meta property=\"og:type\" content=\"article\" \/>\n<meta property=\"og:title\" content=\"Rekomendacje i opinie - Sail Greece Yacht Charters\" \/>\n<meta property=\"og:description\" content=\"Od 1986 roku go\u015bcimy klient\u00f3w z ca\u0142ego \u015bwiata na najlepszych wakacjach pod \u017caglami w Grecji. Bez wzgl\u0119du na to, gdzie mieszkasz, jeste\u015bmy dumni, \u017ce mo\u017cemy dostarczy\u0107 CI osobiste rekomendacje od \u017ceglarzy z Twojego regionu, kt\u00f3rzy ch\u0119tnie za\u015bwiadcz\u0105 o naszym wysokim poziomie us\u0142ug i rozs\u0105dnym cenom. Poni\u017cej zamie\u015bcili\u015bmy wybrane komentarze od naszych przyjaci\u00f3\u0142, kt\u00f3rzy czarterowali od &hellip; Continued\" \/>\n<meta property=\"og:url\" content=\"https:\/\/www.sailgreeceyachts.com\/pl\/rekomendacje-i-opinie.html\" \/>\n<meta property=\"og:site_name\" content=\"Sail Greece Yacht Charters\" \/>\n<meta property=\"article:publisher\" content=\"https:\/\/www.facebook.com\/Sail.Greece.Yacht.Charters\/\" \/>\n<meta property=\"article:modified_time\" content=\"2016-07-07T11:34:01+00:00\" \/>\n<meta property=\"og:image\" content=\"http:\/\/www.sailgreece.gr\/assets\/facebook-300-300.png\" \/>\n<script type=\"application\/ld+json\" class=\"yoast-schema-graph\">{\"@context\":\"https:\\\/\\\/schema.org\",\"@graph\":[{\"@type\":\"WebPage\",\"@id\":\"https:\\\/\\\/www.sailgreeceyachts.com\\\/pl\\\/rekomendacje-i-opinie.html\",\"url\":\"https:\\\/\\\/www.sailgreeceyachts.com\\\/pl\\\/rekomendacje-i-opinie.html\",\"name\":\"Rekomendacje i opinie - Sail Greece Yacht Charters\",\"isPartOf\":{\"@id\":\"https:\\\/\\\/www.sailgreeceyachts.com\\\/pl#website\"},\"datePublished\":\"2015-12-16T08:47:47+00:00\",\"dateModified\":\"2016-07-07T11:34:01+00:00\",\"breadcrumb\":{\"@id\":\"https:\\\/\\\/www.sailgreeceyachts.com\\\/pl\\\/rekomendacje-i-opinie.html#breadcrumb\"},\"inLanguage\":\"pl-PL\",\"potentialAction\":[{\"@type\":\"ReadAction\",\"target\":[\"https:\\\/\\\/www.sailgreeceyachts.com\\\/pl\\\/rekomendacje-i-opinie.html\"]}]},{\"@type\":\"BreadcrumbList\",\"@id\":\"https:\\\/\\\/www.sailgreeceyachts.com\\\/pl\\\/rekomendacje-i-opinie.html#breadcrumb\",\"itemListElement\":[{\"@type\":\"ListItem\",\"position\":1,\"name\":\"Home\",\"item\":\"https:\\\/\\\/www.sailgreeceyachts.com\\\/pl\"},{\"@type\":\"ListItem\",\"position\":2,\"name\":\"Rekomendacje i opinie\"}]},{\"@type\":\"WebSite\",\"@id\":\"https:\\\/\\\/www.sailgreeceyachts.com\\\/pl#website\",\"url\":\"https:\\\/\\\/www.sailgreeceyachts.com\\\/pl\",\"name\":\"Sail Greece Yacht Charters\",\"description\":\"\",\"potentialAction\":[{\"@type\":\"SearchAction\",\"target\":{\"@type\":\"EntryPoint\",\"urlTemplate\":\"https:\\\/\\\/www.sailgreeceyachts.com\\\/pl?s={search_term_string}\"},\"query-input\":{\"@type\":\"PropertyValueSpecification\",\"valueRequired\":true,\"valueName\":\"search_term_string\"}}],\"inLanguage\":\"pl-PL\"}]}<\/script>\n<!-- \/ Yoast SEO plugin. -->","yoast_head_json":{"title":"Rekomendacje i opinie - Sail Greece Yacht Charters","robots":{"index":"index","follow":"follow","max-snippet":"max-snippet:-1","max-image-preview":"max-image-preview:large","max-video-preview":"max-video-preview:-1"},"canonical":"https:\/\/www.sailgreeceyachts.com\/pl\/rekomendacje-i-opinie.html","og_locale":"pl_PL","og_type":"article","og_title":"Rekomendacje i opinie - Sail Greece Yacht Charters","og_description":"Od 1986 roku go\u015bcimy klient\u00f3w z ca\u0142ego \u015bwiata na najlepszych wakacjach pod \u017caglami w Grecji. Bez wzgl\u0119du na to, gdzie mieszkasz, jeste\u015bmy dumni, \u017ce mo\u017cemy dostarczy\u0107 CI osobiste rekomendacje od \u017ceglarzy z Twojego regionu, kt\u00f3rzy ch\u0119tnie za\u015bwiadcz\u0105 o naszym wysokim poziomie us\u0142ug i rozs\u0105dnym cenom. Poni\u017cej zamie\u015bcili\u015bmy wybrane komentarze od naszych przyjaci\u00f3\u0142, kt\u00f3rzy czarterowali od &hellip; Continued","og_url":"https:\/\/www.sailgreeceyachts.com\/pl\/rekomendacje-i-opinie.html","og_site_name":"Sail Greece Yacht Charters","article_publisher":"https:\/\/www.facebook.com\/Sail.Greece.Yacht.Charters\/","article_modified_time":"2016-07-07T11:34:01+00:00","og_image":[{"url":"http:\/\/www.sailgreece.gr\/assets\/facebook-300-300.png","type":"","width":"","height":""}],"schema":{"@context":"https:\/\/schema.org","@graph":[{"@type":"WebPage","@id":"https:\/\/www.sailgreeceyachts.com\/pl\/rekomendacje-i-opinie.html","url":"https:\/\/www.sailgreeceyachts.com\/pl\/rekomendacje-i-opinie.html","name":"Rekomendacje i opinie - Sail Greece Yacht Charters","isPartOf":{"@id":"https:\/\/www.sailgreeceyachts.com\/pl#website"},"datePublished":"2015-12-16T08:47:47+00:00","dateModified":"2016-07-07T11:34:01+00:00","breadcrumb":{"@id":"https:\/\/www.sailgreeceyachts.com\/pl\/rekomendacje-i-opinie.html#breadcrumb"},"inLanguage":"pl-PL","potentialAction":[{"@type":"ReadAction","target":["https:\/\/www.sailgreeceyachts.com\/pl\/rekomendacje-i-opinie.html"]}]},{"@type":"BreadcrumbList","@id":"https:\/\/www.sailgreeceyachts.com\/pl\/rekomendacje-i-opinie.html#breadcrumb","itemListElement":[{"@type":"ListItem","position":1,"name":"Home","item":"https:\/\/www.sailgreeceyachts.com\/pl"},{"@type":"ListItem","position":2,"name":"Rekomendacje i opinie"}]},{"@type":"WebSite","@id":"https:\/\/www.sailgreeceyachts.com\/pl#website","url":"https:\/\/www.sailgreeceyachts.com\/pl","name":"Sail Greece Yacht Charters","description":"","potentialAction":[{"@type":"SearchAction","target":{"@type":"EntryPoint","urlTemplate":"https:\/\/www.sailgreeceyachts.com\/pl?s={search_term_string}"},"query-input":{"@type":"PropertyValueSpecification","valueRequired":true,"valueName":"search_term_string"}}],"inLanguage":"pl-PL"}]}},"_links":{"self":[{"href":"https:\/\/www.sailgreeceyachts.com\/pl\/wp-json\/wp\/v2\/pages\/984","targetHints":{"allow":["GET"]}}],"collection":[{"href":"https:\/\/www.sailgreeceyachts.com\/pl\/wp-json\/wp\/v2\/pages"}],"about":[{"href":"https:\/\/www.sailgreeceyachts.com\/pl\/wp-json\/wp\/v2\/types\/page"}],"author":[{"embeddable":true,"href":"https:\/\/www.sailgreeceyachts.com\/pl\/wp-json\/wp\/v2\/users\/2"}],"replies":[{"embeddable":true,"href":"https:\/\/www.sailgreeceyachts.com\/pl\/wp-json\/wp\/v2\/comments?post=984"}],"version-history":[{"count":0,"href":"https:\/\/www.sailgreeceyachts.com\/pl\/wp-json\/wp\/v2\/pages\/984\/revisions"}],"wp:attachment":[{"href":"https:\/\/www.sailgreeceyachts.com\/pl\/wp-json\/wp\/v2\/media?parent=984"}],"curies":[{"name":"wp","href":"https:\/\/api.w.org\/{rel}","templated":true}]}}