{"id":972,"date":"2015-12-16T08:45:13","date_gmt":"2015-12-16T08:45:13","guid":{"rendered":"http:\/\/www.sailgreeceyachts.com\/pl\/?page_id=972"},"modified":"2016-07-07T19:30:41","modified_gmt":"2016-07-07T19:30:41","slug":"o-sail-greece","status":"publish","type":"page","link":"https:\/\/www.sailgreeceyachts.com\/pl\/o-sail-greece.html","title":{"rendered":"O Sail Greece"},"content":{"rendered":"<p>Jeste\u015bmy par\u0105 przyjaci\u00f3\u0142: Giannis Makridiakis \u2013 \u00a0kapitan marynarki handlowej i Vassilis Patiniotis, in\u017cynier zajmuj\u0105cy si\u0119 utrzymywaniem w nienagannym stanie w\u0142asnych jacht\u00f3w. Za\u0142o\u017cyli\u015bmy nasz\u0105 firm\u0119 w 1986 roku, rozpoczynaj\u0105c nowe \u017ceglarskie do\u015bwiadczenie, jakim jest rado\u015b\u0107 z \u017ceglowania po Grecji od wiek\u00f3w.<\/p>\n<p>Staramy si\u0119 my\u015ble\u0107 jak klienci i troszczymy si\u0119 o o to, by czuli si\u0119 oni raczej jak nasi przyjaciele, kt\u00f3rzy czerpi\u0105 rado\u015b\u0107 z p\u0142ywania, ni\u017c tylko klienci. Jeste\u015bmy cz\u0142onkami Greek Professional Yacht Owners Association (SITESAP).<\/p>\n<blockquote><p>Czarterujemy nasze w\u0142asne, prywatne jachty bez \u017cadnej prowizji. Nie jeste\u015bmy wielk\u0105, bezosobow\u0105 firm\u0105, wynajmuj\u0105c\u0105 nie swoje jachty.<\/p><\/blockquote>\n<h2>Dlaczego wybra\u0107 Sail Greece?<\/h2>\n<ol>\n<li>Jeste\u015bmy w\u0142a\u015bcicielami jacht\u00f3w, kt\u00f3re czarterujemy.<\/li>\n<li>W naszym w\u0142asnym interesie jest utrzymanie naszych jacht\u00f3w w najwy\u017cszych standardach i jako\u015bci, kt\u00f3r\u0105 mo\u017cemy gwarantowa\u0107.<\/li>\n<li>Mieli\u015bmy przyjemno\u015b\u0107 go\u015bci\u0107 \u017ceglarzy z ca\u0142ego \u015bwiata od 1986 roku, wi\u0119c niewa\u017cne, gdzie \u017cyjesz, z przyjemno\u015bci\u0105 dostarczymy CI pisemnych gwarancji od klient\u00f3w z Twojego regionu, potwierdzaj\u0105cych najwy\u017csz\u0105 jako\u015b\u0107 naszych us\u0142ug.<\/li>\n<\/ol>\n<h2>Nasza przysta\u0144 w Aimnos Marina<\/h2>\n<p>Nasza przysta\u0144 znajduje si\u0119 w Alimnos Marina w Atenach, w Grecji. Nasze jachty cumuj\u0105 przy molo nr 6, stanowiska numer 610-616. Wi\u0119cej informacji oraz szczeg\u00f3\u0142owa mapa tego obszaru znajduje si\u0119 tutaj: <a href=\"nasza-baza-w-alimnos-marina.html\">Alimos Marina<\/a><\/p>\n","protected":false},"excerpt":{"rendered":"<p>Jeste\u015bmy par\u0105 przyjaci\u00f3\u0142: Giannis Makridiakis \u2013 \u00a0kapitan marynarki handlowej i Vassilis Patiniotis, in\u017cynier zajmuj\u0105cy si\u0119 utrzymywaniem w nienagannym stanie w\u0142asnych jacht\u00f3w. Za\u0142o\u017cyli\u015bmy nasz\u0105 firm\u0119 w 1986 roku, rozpoczynaj\u0105c nowe \u017ceglarskie do\u015bwiadczenie, jakim jest rado\u015b\u0107 z \u017ceglowania po Grecji od wiek\u00f3w. Staramy si\u0119 my\u015ble\u0107 jak klienci i troszczymy si\u0119 o o to, by czuli si\u0119 oni &hellip; <a href=\"https:\/\/www.sailgreeceyachts.com\/pl\/o-sail-greece.html\">Continued<\/a><\/p>\n","protected":false},"author":2,"featured_media":0,"parent":0,"menu_order":0,"comment_status":"closed","ping_status":"closed","template":"","meta":{"_acf_changed":false,"footnotes":""},"class_list":["post-972","page","type-page","status-publish","hentry"],"acf":[],"yoast_head":"<!-- This site is optimized with the Yoast SEO plugin v27.1.1 - https:\/\/yoast.com\/product\/yoast-seo-wordpress\/ -->\n<title>O Sail Greece - Sail Greece Yacht Charters<\/title>\n<meta name=\"robots\" content=\"index, follow, max-snippet:-1, max-image-preview:large, max-video-preview:-1\" \/>\n<link rel=\"canonical\" href=\"https:\/\/www.sailgreeceyachts.com\/pl\/o-sail-greece.html\" \/>\n<meta property=\"og:locale\" content=\"pl_PL\" \/>\n<meta property=\"og:type\" content=\"article\" \/>\n<meta property=\"og:title\" content=\"O Sail Greece - Sail Greece Yacht Charters\" \/>\n<meta property=\"og:description\" content=\"Jeste\u015bmy par\u0105 przyjaci\u00f3\u0142: Giannis Makridiakis \u2013 \u00a0kapitan marynarki handlowej i Vassilis Patiniotis, in\u017cynier zajmuj\u0105cy si\u0119 utrzymywaniem w nienagannym stanie w\u0142asnych jacht\u00f3w. Za\u0142o\u017cyli\u015bmy nasz\u0105 firm\u0119 w 1986 roku, rozpoczynaj\u0105c nowe \u017ceglarskie do\u015bwiadczenie, jakim jest rado\u015b\u0107 z \u017ceglowania po Grecji od wiek\u00f3w. Staramy si\u0119 my\u015ble\u0107 jak klienci i troszczymy si\u0119 o o to, by czuli si\u0119 oni &hellip; Continued\" \/>\n<meta property=\"og:url\" content=\"https:\/\/www.sailgreeceyachts.com\/pl\/o-sail-greece.html\" \/>\n<meta property=\"og:site_name\" content=\"Sail Greece Yacht Charters\" \/>\n<meta property=\"article:publisher\" content=\"https:\/\/www.facebook.com\/Sail.Greece.Yacht.Charters\/\" \/>\n<meta property=\"article:modified_time\" content=\"2016-07-07T19:30:41+00:00\" \/>\n<meta property=\"og:image\" content=\"http:\/\/www.sailgreece.gr\/assets\/facebook-300-300.png\" \/>\n<script type=\"application\/ld+json\" class=\"yoast-schema-graph\">{\"@context\":\"https:\/\/schema.org\",\"@graph\":[{\"@type\":\"WebPage\",\"@id\":\"https:\/\/www.sailgreeceyachts.com\/pl\/o-sail-greece.html\",\"url\":\"https:\/\/www.sailgreeceyachts.com\/pl\/o-sail-greece.html\",\"name\":\"O Sail Greece - Sail Greece Yacht Charters\",\"isPartOf\":{\"@id\":\"https:\/\/www.sailgreeceyachts.com\/pl#website\"},\"datePublished\":\"2015-12-16T08:45:13+00:00\",\"dateModified\":\"2016-07-07T19:30:41+00:00\",\"breadcrumb\":{\"@id\":\"https:\/\/www.sailgreeceyachts.com\/pl\/o-sail-greece.html#breadcrumb\"},\"inLanguage\":\"pl-PL\",\"potentialAction\":[{\"@type\":\"ReadAction\",\"target\":[\"https:\/\/www.sailgreeceyachts.com\/pl\/o-sail-greece.html\"]}]},{\"@type\":\"BreadcrumbList\",\"@id\":\"https:\/\/www.sailgreeceyachts.com\/pl\/o-sail-greece.html#breadcrumb\",\"itemListElement\":[{\"@type\":\"ListItem\",\"position\":1,\"name\":\"Home\",\"item\":\"https:\/\/www.sailgreeceyachts.com\/pl\"},{\"@type\":\"ListItem\",\"position\":2,\"name\":\"O Sail Greece\"}]},{\"@type\":\"WebSite\",\"@id\":\"https:\/\/www.sailgreeceyachts.com\/pl#website\",\"url\":\"https:\/\/www.sailgreeceyachts.com\/pl\",\"name\":\"Sail Greece Yacht Charters\",\"description\":\"\",\"potentialAction\":[{\"@type\":\"SearchAction\",\"target\":{\"@type\":\"EntryPoint\",\"urlTemplate\":\"https:\/\/www.sailgreeceyachts.com\/pl?s={search_term_string}\"},\"query-input\":{\"@type\":\"PropertyValueSpecification\",\"valueRequired\":true,\"valueName\":\"search_term_string\"}}],\"inLanguage\":\"pl-PL\"}]}<\/script>\n<!-- \/ Yoast SEO plugin. -->","yoast_head_json":{"title":"O Sail Greece - Sail Greece Yacht Charters","robots":{"index":"index","follow":"follow","max-snippet":"max-snippet:-1","max-image-preview":"max-image-preview:large","max-video-preview":"max-video-preview:-1"},"canonical":"https:\/\/www.sailgreeceyachts.com\/pl\/o-sail-greece.html","og_locale":"pl_PL","og_type":"article","og_title":"O Sail Greece - Sail Greece Yacht Charters","og_description":"Jeste\u015bmy par\u0105 przyjaci\u00f3\u0142: Giannis Makridiakis \u2013 \u00a0kapitan marynarki handlowej i Vassilis Patiniotis, in\u017cynier zajmuj\u0105cy si\u0119 utrzymywaniem w nienagannym stanie w\u0142asnych jacht\u00f3w. Za\u0142o\u017cyli\u015bmy nasz\u0105 firm\u0119 w 1986 roku, rozpoczynaj\u0105c nowe \u017ceglarskie do\u015bwiadczenie, jakim jest rado\u015b\u0107 z \u017ceglowania po Grecji od wiek\u00f3w. Staramy si\u0119 my\u015ble\u0107 jak klienci i troszczymy si\u0119 o o to, by czuli si\u0119 oni &hellip; Continued","og_url":"https:\/\/www.sailgreeceyachts.com\/pl\/o-sail-greece.html","og_site_name":"Sail Greece Yacht Charters","article_publisher":"https:\/\/www.facebook.com\/Sail.Greece.Yacht.Charters\/","article_modified_time":"2016-07-07T19:30:41+00:00","og_image":[{"url":"http:\/\/www.sailgreece.gr\/assets\/facebook-300-300.png","type":"","width":"","height":""}],"schema":{"@context":"https:\/\/schema.org","@graph":[{"@type":"WebPage","@id":"https:\/\/www.sailgreeceyachts.com\/pl\/o-sail-greece.html","url":"https:\/\/www.sailgreeceyachts.com\/pl\/o-sail-greece.html","name":"O Sail Greece - Sail Greece Yacht Charters","isPartOf":{"@id":"https:\/\/www.sailgreeceyachts.com\/pl#website"},"datePublished":"2015-12-16T08:45:13+00:00","dateModified":"2016-07-07T19:30:41+00:00","breadcrumb":{"@id":"https:\/\/www.sailgreeceyachts.com\/pl\/o-sail-greece.html#breadcrumb"},"inLanguage":"pl-PL","potentialAction":[{"@type":"ReadAction","target":["https:\/\/www.sailgreeceyachts.com\/pl\/o-sail-greece.html"]}]},{"@type":"BreadcrumbList","@id":"https:\/\/www.sailgreeceyachts.com\/pl\/o-sail-greece.html#breadcrumb","itemListElement":[{"@type":"ListItem","position":1,"name":"Home","item":"https:\/\/www.sailgreeceyachts.com\/pl"},{"@type":"ListItem","position":2,"name":"O Sail Greece"}]},{"@type":"WebSite","@id":"https:\/\/www.sailgreeceyachts.com\/pl#website","url":"https:\/\/www.sailgreeceyachts.com\/pl","name":"Sail Greece Yacht Charters","description":"","potentialAction":[{"@type":"SearchAction","target":{"@type":"EntryPoint","urlTemplate":"https:\/\/www.sailgreeceyachts.com\/pl?s={search_term_string}"},"query-input":{"@type":"PropertyValueSpecification","valueRequired":true,"valueName":"search_term_string"}}],"inLanguage":"pl-PL"}]}},"_links":{"self":[{"href":"https:\/\/www.sailgreeceyachts.com\/pl\/wp-json\/wp\/v2\/pages\/972","targetHints":{"allow":["GET"]}}],"collection":[{"href":"https:\/\/www.sailgreeceyachts.com\/pl\/wp-json\/wp\/v2\/pages"}],"about":[{"href":"https:\/\/www.sailgreeceyachts.com\/pl\/wp-json\/wp\/v2\/types\/page"}],"author":[{"embeddable":true,"href":"https:\/\/www.sailgreeceyachts.com\/pl\/wp-json\/wp\/v2\/users\/2"}],"replies":[{"embeddable":true,"href":"https:\/\/www.sailgreeceyachts.com\/pl\/wp-json\/wp\/v2\/comments?post=972"}],"version-history":[{"count":0,"href":"https:\/\/www.sailgreeceyachts.com\/pl\/wp-json\/wp\/v2\/pages\/972\/revisions"}],"wp:attachment":[{"href":"https:\/\/www.sailgreeceyachts.com\/pl\/wp-json\/wp\/v2\/media?parent=972"}],"curies":[{"name":"wp","href":"https:\/\/api.w.org\/{rel}","templated":true}]}}