{"id":965,"date":"2015-12-16T08:19:43","date_gmt":"2015-12-16T08:19:43","guid":{"rendered":"http:\/\/www.sailgreeceyachts.com\/pl\/?page_id=965"},"modified":"2019-02-21T23:13:45","modified_gmt":"2019-02-21T23:13:45","slug":"sail-greece-czarter-jachtow","status":"publish","type":"page","link":"https:\/\/www.sailgreeceyachts.com\/pl","title":{"rendered":"Sail Greece Czarter Jacht\u00f3w"},"content":{"rendered":"<p><img loading=\"lazy\" decoding=\"async\" class=\"alignnone size-full wp-image-286 img-responsive\" style=\"float: right; margin: 0px 0px 20px 20px;\" src=\"https:\/\/www.sailgreeceyachts.com\/assets\/polaroid_home_page.jpg\" alt=\"Sailing in Greece\" width=\"182\" height=\"213\" \/>Sail Greece zaprasza \u00a0do \u017ceglowania po wspania\u0142ych morzach Grecji. Wykorzystaj szans\u0119 do\u015bwiadczenia niezwyk\u0142ego \u017ceglarskiego doznania! Po prostu wybierz jacht zgodny z Twoimi preferencjami i b\u0105d\u017a gotowy, by rozkoszowa\u0107 si\u0119 \u017ceglowaniem po krystalicznych wodach Morza Egejskiego, kt\u00f3rego historyczne i kosmopolityczne skupiska Cyklad i Wysp Saro\u0144skich z ca\u0142\u0105 pewno\u015bci\u0105 Ci\u0119 oczaruj\u0105!<\/p>\n<p>W Sail Greece nasz\u0105 pasj\u0105 jest poznawanie nowych przyjaci\u00f3\u0142, kt\u00f3rzy czerpi\u0105 przyjemno\u015b\u0107 z \u017ceglowania i w przysz\u0142o\u015bci wr\u00f3c\u0105 jeszcze wiele razy do Grecji, by cieszy\u0107 si\u0119 \u017ceglarstwem, fantastyczn\u0105 pogod\u0105 i pi\u0119knymi wyspami , z kt\u00f3rych jeste\u015bmy dumni. Cieszymy sie, \u017ce mo\u017cemy uczestniczy\u0107 w wybieraniu odpowiedniego jachtu dla Twoich potrzeb i w doradzaniu najlepszej trasy do \u017ceglowania, zgodnej z Twoimi preferencjami. Po prostu skontaktuj si\u0119 z nami, \u017ceby zacz\u0105\u0107!<\/p>\n<blockquote>\n<p class=\"mb0\" align=\"center\">Sail Greece jest w\u0142a\u015bcicielem wszystkich jacht\u00f3w, kt\u00f3re czarteruje. Dlatego mo\u017cesz liczy\u0107 na lepsze ceny wynajmu i cieszy\u0107 si\u0119 lepszymi mo\u017cliwo\u015bciami wsparcia, by mie\u0107 wspania\u0142e \u017ceglarskie wakacje w Grecji!<\/p>\n<\/blockquote>\n<h2>Wynajem jacht\u00f3w w Grecji<\/h2>\n<p>Wielka przewaga czarter\u00f3w \u017ceglarskich w Grecji polega na niewielkich odleg\u0142o\u015bciach mi\u0119dzy wieloma wyspami. Je\u015bli masz tydzie\u0144 (lub nawet tylko weekend), mo\u017cesz z \u0142atwo\u015bci\u0105 odwiedzi\u0107 wyspy Zatoki Saro\u0144skiej lub Cyklad.<br \/>\nTym z Was, kt\u00f3rzy pragn\u0105 \u017ceglowa\u0107 po Grecji po raz pierwszy, sugerujemy zwiedzi\u0107 kt\u00f3r\u0105\u015b z popularnych tras i rozejrze\u0107 si\u0119 w naszej flocie. Je\u015bli macie jakie\u015b pytania, nie wahajcie si\u0119 z nami skontaktowa\u0107 \u2013 z przyjemno\u015bci\u0105 na nie odpowiemy!<\/p>\n<h2>O Sail Greece<\/h2>\n<p>Sail Greece zosta\u0142a stworzona 20 lat temu przez par\u0119 przyjaci\u00f3\u0142: Giannisa Makridakisa i Vassillisa Patiniotisa. Staramy si\u0119 my\u015ble\u0107 jak nasi klienci i dbamy o to, by czuli si\u0119 raczej jak nasi przyjaciele, czerpi\u0105cy rado\u015b\u0107 z \u017ceglarstwa, ni\u017c klienci. Czarterujemy nasze w\u0142asne, prywatne jachty \u2013 bez \u017cadnej prowizji.<\/p>\n<h2>Dlaczego czarterowa\u0107 od Sail Greece?<\/h2>\n<p>Jeste\u015bmy dumni z tego, \u017ce mamy wielu zadowolonych klient\u00f3w w wi\u0119kszo\u015bci kraj\u00f3w na \u015bwiecie, a jeszcze bardziej z tego, \u017ce wielu z nich jest gotowych dostarczy\u0107 osobistych rekomendacji tym, kt\u00f3rzy zastanawiaj\u0105 si\u0119 nad wyczarterowaniem naszych jacht\u00f3w. Zach\u0119camy, by\u015b spojrza\u0142 na nasze listy polecaj\u0105ce i z ch\u0119ci\u0105 zapewnimy Ci kontakt osobisty w Twoim kraju, by\u015b m\u00f3g\u0142 dowiedzie\u0107 si\u0119 o jako\u015bci naszych us\u0142ug.<\/p>\n","protected":false},"excerpt":{"rendered":"<p>Sail Greece zaprasza \u00a0do \u017ceglowania po wspania\u0142ych morzach Grecji. Wykorzystaj szans\u0119 do\u015bwiadczenia niezwyk\u0142ego \u017ceglarskiego doznania! Po prostu wybierz jacht zgodny z Twoimi preferencjami i b\u0105d\u017a gotowy, by rozkoszowa\u0107 si\u0119 \u017ceglowaniem po krystalicznych wodach Morza Egejskiego, kt\u00f3rego historyczne i kosmopolityczne skupiska Cyklad i Wysp Saro\u0144skich z ca\u0142\u0105 pewno\u015bci\u0105 Ci\u0119 oczaruj\u0105! W Sail Greece nasz\u0105 pasj\u0105 jest &hellip; <a href=\"https:\/\/www.sailgreeceyachts.com\/pl\">Continued<\/a><\/p>\n","protected":false},"author":2,"featured_media":0,"parent":0,"menu_order":-1,"comment_status":"closed","ping_status":"closed","template":"","meta":{"_acf_changed":false,"footnotes":""},"class_list":["post-965","page","type-page","status-publish","hentry"],"acf":[],"yoast_head":"<!-- This site is optimized with the Yoast SEO plugin v27.1.1 - https:\/\/yoast.com\/product\/yoast-seo-wordpress\/ -->\n<title>Sail Greece Czarter Jacht\u00f3w<\/title>\n<meta name=\"robots\" content=\"index, follow, max-snippet:-1, max-image-preview:large, max-video-preview:-1\" \/>\n<link rel=\"canonical\" href=\"https:\/\/www.sailgreeceyachts.com\/pl\" \/>\n<meta property=\"og:locale\" content=\"pl_PL\" \/>\n<meta property=\"og:type\" content=\"article\" \/>\n<meta property=\"og:title\" content=\"Sail Greece Czarter Jacht\u00f3w\" \/>\n<meta property=\"og:description\" content=\"Sail Greece zaprasza \u00a0do \u017ceglowania po wspania\u0142ych morzach Grecji. Wykorzystaj szans\u0119 do\u015bwiadczenia niezwyk\u0142ego \u017ceglarskiego doznania! Po prostu wybierz jacht zgodny z Twoimi preferencjami i b\u0105d\u017a gotowy, by rozkoszowa\u0107 si\u0119 \u017ceglowaniem po krystalicznych wodach Morza Egejskiego, kt\u00f3rego historyczne i kosmopolityczne skupiska Cyklad i Wysp Saro\u0144skich z ca\u0142\u0105 pewno\u015bci\u0105 Ci\u0119 oczaruj\u0105! W Sail Greece nasz\u0105 pasj\u0105 jest &hellip; Continued\" \/>\n<meta property=\"og:url\" content=\"https:\/\/www.sailgreeceyachts.com\/pl\" \/>\n<meta property=\"og:site_name\" content=\"Sail Greece Yacht Charters\" \/>\n<meta property=\"article:publisher\" content=\"https:\/\/www.facebook.com\/Sail.Greece.Yacht.Charters\/\" \/>\n<meta property=\"article:modified_time\" content=\"2019-02-21T23:13:45+00:00\" \/>\n<meta property=\"og:image\" content=\"https:\/\/www.sailgreeceyachts.com\/assets\/polaroid_home_page.jpg\" \/>\n<script type=\"application\/ld+json\" class=\"yoast-schema-graph\">{\"@context\":\"https:\/\/schema.org\",\"@graph\":[{\"@type\":\"WebPage\",\"@id\":\"https:\/\/www.sailgreeceyachts.com\/pl\",\"url\":\"https:\/\/www.sailgreeceyachts.com\/pl\",\"name\":\"Sail Greece Czarter Jacht\u00f3w\",\"isPartOf\":{\"@id\":\"https:\/\/www.sailgreeceyachts.com\/pl#website\"},\"primaryImageOfPage\":{\"@id\":\"https:\/\/www.sailgreeceyachts.com\/pl#primaryimage\"},\"image\":{\"@id\":\"https:\/\/www.sailgreeceyachts.com\/pl#primaryimage\"},\"thumbnailUrl\":\"https:\/\/www.sailgreeceyachts.com\/assets\/polaroid_home_page.jpg\",\"datePublished\":\"2015-12-16T08:19:43+00:00\",\"dateModified\":\"2019-02-21T23:13:45+00:00\",\"breadcrumb\":{\"@id\":\"https:\/\/www.sailgreeceyachts.com\/pl#breadcrumb\"},\"inLanguage\":\"pl-PL\",\"potentialAction\":[{\"@type\":\"ReadAction\",\"target\":[\"https:\/\/www.sailgreeceyachts.com\/pl\"]}]},{\"@type\":\"ImageObject\",\"inLanguage\":\"pl-PL\",\"@id\":\"https:\/\/www.sailgreeceyachts.com\/pl#primaryimage\",\"url\":\"https:\/\/www.sailgreeceyachts.com\/assets\/polaroid_home_page.jpg\",\"contentUrl\":\"https:\/\/www.sailgreeceyachts.com\/assets\/polaroid_home_page.jpg\"},{\"@type\":\"BreadcrumbList\",\"@id\":\"https:\/\/www.sailgreeceyachts.com\/pl#breadcrumb\",\"itemListElement\":[{\"@type\":\"ListItem\",\"position\":1,\"name\":\"Home\",\"item\":\"https:\/\/www.sailgreeceyachts.com\/pl\"},{\"@type\":\"ListItem\",\"position\":2,\"name\":\"Sail Greece Czarter Jacht\u00f3w\"}]},{\"@type\":\"WebSite\",\"@id\":\"https:\/\/www.sailgreeceyachts.com\/pl#website\",\"url\":\"https:\/\/www.sailgreeceyachts.com\/pl\",\"name\":\"Sail Greece Yacht Charters\",\"description\":\"\",\"potentialAction\":[{\"@type\":\"SearchAction\",\"target\":{\"@type\":\"EntryPoint\",\"urlTemplate\":\"https:\/\/www.sailgreeceyachts.com\/pl?s={search_term_string}\"},\"query-input\":{\"@type\":\"PropertyValueSpecification\",\"valueRequired\":true,\"valueName\":\"search_term_string\"}}],\"inLanguage\":\"pl-PL\"}]}<\/script>\n<!-- \/ Yoast SEO plugin. -->","yoast_head_json":{"title":"Sail Greece Czarter Jacht\u00f3w","robots":{"index":"index","follow":"follow","max-snippet":"max-snippet:-1","max-image-preview":"max-image-preview:large","max-video-preview":"max-video-preview:-1"},"canonical":"https:\/\/www.sailgreeceyachts.com\/pl","og_locale":"pl_PL","og_type":"article","og_title":"Sail Greece Czarter Jacht\u00f3w","og_description":"Sail Greece zaprasza \u00a0do \u017ceglowania po wspania\u0142ych morzach Grecji. Wykorzystaj szans\u0119 do\u015bwiadczenia niezwyk\u0142ego \u017ceglarskiego doznania! Po prostu wybierz jacht zgodny z Twoimi preferencjami i b\u0105d\u017a gotowy, by rozkoszowa\u0107 si\u0119 \u017ceglowaniem po krystalicznych wodach Morza Egejskiego, kt\u00f3rego historyczne i kosmopolityczne skupiska Cyklad i Wysp Saro\u0144skich z ca\u0142\u0105 pewno\u015bci\u0105 Ci\u0119 oczaruj\u0105! W Sail Greece nasz\u0105 pasj\u0105 jest &hellip; Continued","og_url":"https:\/\/www.sailgreeceyachts.com\/pl","og_site_name":"Sail Greece Yacht Charters","article_publisher":"https:\/\/www.facebook.com\/Sail.Greece.Yacht.Charters\/","article_modified_time":"2019-02-21T23:13:45+00:00","og_image":[{"url":"https:\/\/www.sailgreeceyachts.com\/assets\/polaroid_home_page.jpg","type":"","width":"","height":""}],"schema":{"@context":"https:\/\/schema.org","@graph":[{"@type":"WebPage","@id":"https:\/\/www.sailgreeceyachts.com\/pl","url":"https:\/\/www.sailgreeceyachts.com\/pl","name":"Sail Greece Czarter Jacht\u00f3w","isPartOf":{"@id":"https:\/\/www.sailgreeceyachts.com\/pl#website"},"primaryImageOfPage":{"@id":"https:\/\/www.sailgreeceyachts.com\/pl#primaryimage"},"image":{"@id":"https:\/\/www.sailgreeceyachts.com\/pl#primaryimage"},"thumbnailUrl":"https:\/\/www.sailgreeceyachts.com\/assets\/polaroid_home_page.jpg","datePublished":"2015-12-16T08:19:43+00:00","dateModified":"2019-02-21T23:13:45+00:00","breadcrumb":{"@id":"https:\/\/www.sailgreeceyachts.com\/pl#breadcrumb"},"inLanguage":"pl-PL","potentialAction":[{"@type":"ReadAction","target":["https:\/\/www.sailgreeceyachts.com\/pl"]}]},{"@type":"ImageObject","inLanguage":"pl-PL","@id":"https:\/\/www.sailgreeceyachts.com\/pl#primaryimage","url":"https:\/\/www.sailgreeceyachts.com\/assets\/polaroid_home_page.jpg","contentUrl":"https:\/\/www.sailgreeceyachts.com\/assets\/polaroid_home_page.jpg"},{"@type":"BreadcrumbList","@id":"https:\/\/www.sailgreeceyachts.com\/pl#breadcrumb","itemListElement":[{"@type":"ListItem","position":1,"name":"Home","item":"https:\/\/www.sailgreeceyachts.com\/pl"},{"@type":"ListItem","position":2,"name":"Sail Greece Czarter Jacht\u00f3w"}]},{"@type":"WebSite","@id":"https:\/\/www.sailgreeceyachts.com\/pl#website","url":"https:\/\/www.sailgreeceyachts.com\/pl","name":"Sail Greece Yacht Charters","description":"","potentialAction":[{"@type":"SearchAction","target":{"@type":"EntryPoint","urlTemplate":"https:\/\/www.sailgreeceyachts.com\/pl?s={search_term_string}"},"query-input":{"@type":"PropertyValueSpecification","valueRequired":true,"valueName":"search_term_string"}}],"inLanguage":"pl-PL"}]}},"_links":{"self":[{"href":"https:\/\/www.sailgreeceyachts.com\/pl\/wp-json\/wp\/v2\/pages\/965","targetHints":{"allow":["GET"]}}],"collection":[{"href":"https:\/\/www.sailgreeceyachts.com\/pl\/wp-json\/wp\/v2\/pages"}],"about":[{"href":"https:\/\/www.sailgreeceyachts.com\/pl\/wp-json\/wp\/v2\/types\/page"}],"author":[{"embeddable":true,"href":"https:\/\/www.sailgreeceyachts.com\/pl\/wp-json\/wp\/v2\/users\/2"}],"replies":[{"embeddable":true,"href":"https:\/\/www.sailgreeceyachts.com\/pl\/wp-json\/wp\/v2\/comments?post=965"}],"version-history":[{"count":0,"href":"https:\/\/www.sailgreeceyachts.com\/pl\/wp-json\/wp\/v2\/pages\/965\/revisions"}],"wp:attachment":[{"href":"https:\/\/www.sailgreeceyachts.com\/pl\/wp-json\/wp\/v2\/media?parent=965"}],"curies":[{"name":"wp","href":"https:\/\/api.w.org\/{rel}","templated":true}]}}