{"id":1003,"date":"2015-12-16T08:49:31","date_gmt":"2015-12-16T08:49:31","guid":{"rendered":"http:\/\/www.sailgreeceyachts.com\/pl\/?page_id=1003"},"modified":"2016-07-07T11:26:29","modified_gmt":"2016-07-07T11:26:29","slug":"trasy-zeglarskie","status":"publish","type":"page","link":"https:\/\/www.sailgreeceyachts.com\/pl\/trasy-zeglarskie.html","title":{"rendered":"Trasy \u017ceglarskie"},"content":{"rendered":"<p>W Grecji jest 1400 wysp, z kt\u00f3rych 169 jest zamieszka\u0142ych, wi\u0119c ka\u017cdy z \u0142atwo\u015bci\u0105 znajdzie to, czego szuka. Je\u015bli kto\u015b chce uciec jachtem na odludn\u0105 wysp\u0119, lub w miejsce pe\u0142ne \u017cycia i rozrywek, a nawet odkrywa\u0107 pozosta\u0142o\u015bci po europejskich staro\u017cytnych cywilizacjach \u2013 to wszystko jest dost\u0119pne. Dodatkowo \u2013 powab pla\u017cy, morze i wi\u0119kszo\u015b\u0107 s\u0142onecznych dni w roku \u2013 oto najwi\u0119ksze atrakcje Grecji.<\/p>\n<p>Odkrywaj\u0105c z jachtu 13 676 km wybrze\u017ca, pewnego dnia mo\u017cna trafi\u0107 na pla\u017c\u0119 marze\u0144: d\u0142ugie, bia\u0142e, piaszczyste wybrze\u017ce z turkusow\u0105, krystalicznie czyst\u0105 wod\u0105 lub malutkie pla\u017ce otoczone wysokimi klifami i piniowymi lub palmowymi lasami, a tak\u017ce laguny z wod\u0105 o kolorze powsta\u0142ym z przemieszania niebieskiej wody Morza \u015ar\u00f3dziemnego z biel\u0105. Mo\u017cna te\u017c ujrze\u0107 jedne z najbardziej popularnych wysp, wliczaj\u0105c Mykonos, Santorini, Korfu, Lefkad\u0119, Zakintos, Skiathos, Skopelos, Naxos i Aegin\u0119. Oto par\u0119 sugerowanych, atrakcyjnych tras \u017ceglarskich na wakacje wraz z portami zawini\u0119cia, odleg\u0142o\u015bciami i innymi u\u017cytecznymi informacjami:<\/p>\n<h3 style=\"font-size: 1.5em; margin-bottom: 5px;\"><a href=\"sailing_route_saronic_gulf.html\">Trasa &#8211; Zatoka Saro\u0144ska<\/a><\/h3>\n<h3 style=\"font-size: 1.5em; margin-bottom: 5px;\"><a href=\"trasa-wyspy-saronskie-peloponez-wschodni.html\">Trasa \u2013 Wyspy Saronskie i Peloponez wschodni<\/a><\/h3>\n<h3 style=\"font-size: 1.5em; margin-bottom: 5px;\"><a href=\"polnocne-srodkowe-cyklady.html\">P\u00f3\u0142nocne i \u015arodkowe Cyklady<\/a><\/h3>\n<h3 style=\"font-size: 1.5em; margin-bottom: 5px;\"><a href=\"cyklady-i.html\">Trasa &#8211; Cyklady I<\/a><\/h3>\n<h3 style=\"font-size: 1.5em; margin-bottom: 5px;\"><a href=\"cyklady-ii.html\">Trasa &#8211; Cyklady II<\/a><\/h3>\n","protected":false},"excerpt":{"rendered":"<p>W Grecji jest 1400 wysp, z kt\u00f3rych 169 jest zamieszka\u0142ych, wi\u0119c ka\u017cdy z \u0142atwo\u015bci\u0105 znajdzie to, czego szuka. Je\u015bli kto\u015b chce uciec jachtem na odludn\u0105 wysp\u0119, lub w miejsce pe\u0142ne \u017cycia i rozrywek, a nawet odkrywa\u0107 pozosta\u0142o\u015bci po europejskich staro\u017cytnych cywilizacjach \u2013 to wszystko jest dost\u0119pne. Dodatkowo \u2013 powab pla\u017cy, morze i wi\u0119kszo\u015b\u0107 s\u0142onecznych dni &hellip; <a href=\"https:\/\/www.sailgreeceyachts.com\/pl\/trasy-zeglarskie.html\">Continued<\/a><\/p>\n","protected":false},"author":2,"featured_media":0,"parent":0,"menu_order":0,"comment_status":"closed","ping_status":"closed","template":"","meta":{"_acf_changed":false,"footnotes":""},"class_list":["post-1003","page","type-page","status-publish","hentry"],"acf":[],"yoast_head":"<!-- This site is optimized with the Yoast SEO plugin v27.1.1 - https:\/\/yoast.com\/product\/yoast-seo-wordpress\/ -->\n<title>Trasy \u017ceglarskie - Sail Greece Yacht Charters<\/title>\n<meta name=\"robots\" content=\"index, follow, max-snippet:-1, max-image-preview:large, max-video-preview:-1\" \/>\n<link rel=\"canonical\" href=\"https:\/\/www.sailgreeceyachts.com\/pl\/trasy-zeglarskie.html\" \/>\n<meta property=\"og:locale\" content=\"pl_PL\" \/>\n<meta property=\"og:type\" content=\"article\" \/>\n<meta property=\"og:title\" content=\"Trasy \u017ceglarskie - Sail Greece Yacht Charters\" \/>\n<meta property=\"og:description\" content=\"W Grecji jest 1400 wysp, z kt\u00f3rych 169 jest zamieszka\u0142ych, wi\u0119c ka\u017cdy z \u0142atwo\u015bci\u0105 znajdzie to, czego szuka. Je\u015bli kto\u015b chce uciec jachtem na odludn\u0105 wysp\u0119, lub w miejsce pe\u0142ne \u017cycia i rozrywek, a nawet odkrywa\u0107 pozosta\u0142o\u015bci po europejskich staro\u017cytnych cywilizacjach \u2013 to wszystko jest dost\u0119pne. Dodatkowo \u2013 powab pla\u017cy, morze i wi\u0119kszo\u015b\u0107 s\u0142onecznych dni &hellip; Continued\" \/>\n<meta property=\"og:url\" content=\"https:\/\/www.sailgreeceyachts.com\/pl\/trasy-zeglarskie.html\" \/>\n<meta property=\"og:site_name\" content=\"Sail Greece Yacht Charters\" \/>\n<meta property=\"article:publisher\" content=\"https:\/\/www.facebook.com\/Sail.Greece.Yacht.Charters\/\" \/>\n<meta property=\"article:modified_time\" content=\"2016-07-07T11:26:29+00:00\" \/>\n<meta property=\"og:image\" content=\"http:\/\/www.sailgreece.gr\/assets\/facebook-300-300.png\" \/>\n<script type=\"application\/ld+json\" class=\"yoast-schema-graph\">{\"@context\":\"https:\/\/schema.org\",\"@graph\":[{\"@type\":\"WebPage\",\"@id\":\"https:\/\/www.sailgreeceyachts.com\/pl\/trasy-zeglarskie.html\",\"url\":\"https:\/\/www.sailgreeceyachts.com\/pl\/trasy-zeglarskie.html\",\"name\":\"Trasy \u017ceglarskie - Sail Greece Yacht Charters\",\"isPartOf\":{\"@id\":\"https:\/\/www.sailgreeceyachts.com\/pl#website\"},\"datePublished\":\"2015-12-16T08:49:31+00:00\",\"dateModified\":\"2016-07-07T11:26:29+00:00\",\"breadcrumb\":{\"@id\":\"https:\/\/www.sailgreeceyachts.com\/pl\/trasy-zeglarskie.html#breadcrumb\"},\"inLanguage\":\"pl-PL\",\"potentialAction\":[{\"@type\":\"ReadAction\",\"target\":[\"https:\/\/www.sailgreeceyachts.com\/pl\/trasy-zeglarskie.html\"]}]},{\"@type\":\"BreadcrumbList\",\"@id\":\"https:\/\/www.sailgreeceyachts.com\/pl\/trasy-zeglarskie.html#breadcrumb\",\"itemListElement\":[{\"@type\":\"ListItem\",\"position\":1,\"name\":\"Home\",\"item\":\"https:\/\/www.sailgreeceyachts.com\/pl\"},{\"@type\":\"ListItem\",\"position\":2,\"name\":\"Trasy \u017ceglarskie\"}]},{\"@type\":\"WebSite\",\"@id\":\"https:\/\/www.sailgreeceyachts.com\/pl#website\",\"url\":\"https:\/\/www.sailgreeceyachts.com\/pl\",\"name\":\"Sail Greece Yacht Charters\",\"description\":\"\",\"potentialAction\":[{\"@type\":\"SearchAction\",\"target\":{\"@type\":\"EntryPoint\",\"urlTemplate\":\"https:\/\/www.sailgreeceyachts.com\/pl?s={search_term_string}\"},\"query-input\":{\"@type\":\"PropertyValueSpecification\",\"valueRequired\":true,\"valueName\":\"search_term_string\"}}],\"inLanguage\":\"pl-PL\"}]}<\/script>\n<!-- \/ Yoast SEO plugin. -->","yoast_head_json":{"title":"Trasy \u017ceglarskie - Sail Greece Yacht Charters","robots":{"index":"index","follow":"follow","max-snippet":"max-snippet:-1","max-image-preview":"max-image-preview:large","max-video-preview":"max-video-preview:-1"},"canonical":"https:\/\/www.sailgreeceyachts.com\/pl\/trasy-zeglarskie.html","og_locale":"pl_PL","og_type":"article","og_title":"Trasy \u017ceglarskie - Sail Greece Yacht Charters","og_description":"W Grecji jest 1400 wysp, z kt\u00f3rych 169 jest zamieszka\u0142ych, wi\u0119c ka\u017cdy z \u0142atwo\u015bci\u0105 znajdzie to, czego szuka. Je\u015bli kto\u015b chce uciec jachtem na odludn\u0105 wysp\u0119, lub w miejsce pe\u0142ne \u017cycia i rozrywek, a nawet odkrywa\u0107 pozosta\u0142o\u015bci po europejskich staro\u017cytnych cywilizacjach \u2013 to wszystko jest dost\u0119pne. Dodatkowo \u2013 powab pla\u017cy, morze i wi\u0119kszo\u015b\u0107 s\u0142onecznych dni &hellip; Continued","og_url":"https:\/\/www.sailgreeceyachts.com\/pl\/trasy-zeglarskie.html","og_site_name":"Sail Greece Yacht Charters","article_publisher":"https:\/\/www.facebook.com\/Sail.Greece.Yacht.Charters\/","article_modified_time":"2016-07-07T11:26:29+00:00","og_image":[{"url":"http:\/\/www.sailgreece.gr\/assets\/facebook-300-300.png","type":"","width":"","height":""}],"schema":{"@context":"https:\/\/schema.org","@graph":[{"@type":"WebPage","@id":"https:\/\/www.sailgreeceyachts.com\/pl\/trasy-zeglarskie.html","url":"https:\/\/www.sailgreeceyachts.com\/pl\/trasy-zeglarskie.html","name":"Trasy \u017ceglarskie - Sail Greece Yacht Charters","isPartOf":{"@id":"https:\/\/www.sailgreeceyachts.com\/pl#website"},"datePublished":"2015-12-16T08:49:31+00:00","dateModified":"2016-07-07T11:26:29+00:00","breadcrumb":{"@id":"https:\/\/www.sailgreeceyachts.com\/pl\/trasy-zeglarskie.html#breadcrumb"},"inLanguage":"pl-PL","potentialAction":[{"@type":"ReadAction","target":["https:\/\/www.sailgreeceyachts.com\/pl\/trasy-zeglarskie.html"]}]},{"@type":"BreadcrumbList","@id":"https:\/\/www.sailgreeceyachts.com\/pl\/trasy-zeglarskie.html#breadcrumb","itemListElement":[{"@type":"ListItem","position":1,"name":"Home","item":"https:\/\/www.sailgreeceyachts.com\/pl"},{"@type":"ListItem","position":2,"name":"Trasy \u017ceglarskie"}]},{"@type":"WebSite","@id":"https:\/\/www.sailgreeceyachts.com\/pl#website","url":"https:\/\/www.sailgreeceyachts.com\/pl","name":"Sail Greece Yacht Charters","description":"","potentialAction":[{"@type":"SearchAction","target":{"@type":"EntryPoint","urlTemplate":"https:\/\/www.sailgreeceyachts.com\/pl?s={search_term_string}"},"query-input":{"@type":"PropertyValueSpecification","valueRequired":true,"valueName":"search_term_string"}}],"inLanguage":"pl-PL"}]}},"_links":{"self":[{"href":"https:\/\/www.sailgreeceyachts.com\/pl\/wp-json\/wp\/v2\/pages\/1003","targetHints":{"allow":["GET"]}}],"collection":[{"href":"https:\/\/www.sailgreeceyachts.com\/pl\/wp-json\/wp\/v2\/pages"}],"about":[{"href":"https:\/\/www.sailgreeceyachts.com\/pl\/wp-json\/wp\/v2\/types\/page"}],"author":[{"embeddable":true,"href":"https:\/\/www.sailgreeceyachts.com\/pl\/wp-json\/wp\/v2\/users\/2"}],"replies":[{"embeddable":true,"href":"https:\/\/www.sailgreeceyachts.com\/pl\/wp-json\/wp\/v2\/comments?post=1003"}],"version-history":[{"count":0,"href":"https:\/\/www.sailgreeceyachts.com\/pl\/wp-json\/wp\/v2\/pages\/1003\/revisions"}],"wp:attachment":[{"href":"https:\/\/www.sailgreeceyachts.com\/pl\/wp-json\/wp\/v2\/media?parent=1003"}],"curies":[{"name":"wp","href":"https:\/\/api.w.org\/{rel}","templated":true}]}}