{"id":1000,"date":"2016-01-07T11:41:23","date_gmt":"2016-01-07T11:41:23","guid":{"rendered":"http:\/\/www.sailgreeceyachts.com\/pl\/?page_id=1000"},"modified":"2016-07-07T11:20:29","modified_gmt":"2016-07-07T11:20:29","slug":"trasa-zatoka-saronska","status":"publish","type":"page","link":"https:\/\/www.sailgreeceyachts.com\/pl\/trasa-zatoka-saronska.html","title":{"rendered":"Trasa  &#8211; Zatoka Saro\u0144ska"},"content":{"rendered":"<p>Wyspy Zatoki Saro\u0144skiej to najbardziej dost\u0119pny kierunek \u017ceglugi z Aten. Znacz\u0105co r\u00f3\u017cni\u0105 si\u0119 od Grecji kontynentalnej i s\u0105 idealnym wyborem na kilkudniowe wakacje. Mo\u017cesz zacz\u0105\u0107 swoj\u0105 podr\u00f3\u017c jachtem z mariny Alimnos i odwiedzi\u0107 wyspy: Aigin\u0119, Spetses, Hydr\u0119 i Poros z dwoma dodatkowymi postojami na Ermioni i Epidavros, kt\u00f3re znajduj\u0105 si\u0119 na s\u0105siaduj\u0105cym wybrze\u017cu Peloponezu. <\/p>\n<p><img loading=\"lazy\" decoding=\"async\" class=\"img-responsive alignnone wp-image-343 size-full\" src=\"http:\/\/www.sailgreeceyachts.com\/assets\/saronic-gulf-large.jpg\" alt=\"saronic-gulf-large\" width=\"1005\" height=\"613\" srcset=\"https:\/\/www.sailgreeceyachts.com\/assets\/saronic-gulf-large.jpg 1005w, https:\/\/www.sailgreeceyachts.com\/assets\/saronic-gulf-large-360x220.jpg 360w, https:\/\/www.sailgreeceyachts.com\/assets\/saronic-gulf-large-500x305.jpg 500w\" sizes=\"auto, (max-width: 1005px) 100vw, 1005px\" \/><\/p>\n<table class=\"defaultTable mb20 routeTable\" width=\"480\" cellspacing=\"0\" cellpadding=\"0\">\n<tbody>\n<tr>\n<th>Z<\/th>\n<th>Do<\/th>\n<th>Odleg\u0142o\u015b\u0107<\/th>\n<\/tr>\n<tr>\n<td>Alimos marina<\/td>\n<td>Aegina<\/td>\n<td>18 NM<\/td>\n<\/tr>\n<tr>\n<td>Aegina<\/td>\n<td>Ermioni<\/td>\n<td>34 NM<\/td>\n<\/tr>\n<tr>\n<td>Ermioni<\/td>\n<td>Spetses<\/td>\n<td>10 NM<\/td>\n<\/tr>\n<tr>\n<td>Spetses<\/td>\n<td>Hydra<\/td>\n<td>16 NM<\/td>\n<\/tr>\n<tr>\n<td>Hydra<\/td>\n<td>Poros<\/td>\n<td>12 NM<\/td>\n<\/tr>\n<tr>\n<td>Poros<\/td>\n<td>Epidaurus<\/td>\n<td>21 NM<\/td>\n<\/tr>\n<tr>\n<td>Epidaurus<\/td>\n<td>Alimos marina<\/td>\n<td>30 NM<\/td>\n<\/tr>\n<tr>\n<th colspan=\"3\">Dystans jest mierzony w milach morskich (NM).<\/th>\n<\/tr>\n<\/tbody>\n<\/table>\n","protected":false},"excerpt":{"rendered":"<p>Wyspy Zatoki Saro\u0144skiej to najbardziej dost\u0119pny kierunek \u017ceglugi z Aten. Znacz\u0105co r\u00f3\u017cni\u0105 si\u0119 od Grecji kontynentalnej i s\u0105 idealnym wyborem na kilkudniowe wakacje. Mo\u017cesz zacz\u0105\u0107 swoj\u0105 podr\u00f3\u017c jachtem z mariny Alimnos i odwiedzi\u0107 wyspy: Aigin\u0119, Spetses, Hydr\u0119 i Poros z dwoma dodatkowymi postojami na Ermioni i Epidavros, kt\u00f3re znajduj\u0105 si\u0119 na s\u0105siaduj\u0105cym wybrze\u017cu Peloponezu. Z &hellip; <a href=\"https:\/\/www.sailgreeceyachts.com\/pl\/trasa-zatoka-saronska.html\">Continued<\/a><\/p>\n","protected":false},"author":2,"featured_media":0,"parent":0,"menu_order":0,"comment_status":"closed","ping_status":"closed","template":"","meta":{"_acf_changed":false,"footnotes":""},"class_list":["post-1000","page","type-page","status-publish","hentry"],"acf":[],"yoast_head":"<!-- This site is optimized with the Yoast SEO plugin v27.1.1 - https:\/\/yoast.com\/product\/yoast-seo-wordpress\/ -->\n<title>Trasa - Zatoka Saro\u0144ska - Sail Greece Yacht Charters<\/title>\n<meta name=\"robots\" content=\"index, follow, max-snippet:-1, max-image-preview:large, max-video-preview:-1\" \/>\n<link rel=\"canonical\" href=\"https:\/\/www.sailgreeceyachts.com\/pl\/trasa-zatoka-saronska.html\" \/>\n<meta property=\"og:locale\" content=\"pl_PL\" \/>\n<meta property=\"og:type\" content=\"article\" \/>\n<meta property=\"og:title\" content=\"Trasa - Zatoka Saro\u0144ska - Sail Greece Yacht Charters\" \/>\n<meta property=\"og:description\" content=\"Wyspy Zatoki Saro\u0144skiej to najbardziej dost\u0119pny kierunek \u017ceglugi z Aten. Znacz\u0105co r\u00f3\u017cni\u0105 si\u0119 od Grecji kontynentalnej i s\u0105 idealnym wyborem na kilkudniowe wakacje. Mo\u017cesz zacz\u0105\u0107 swoj\u0105 podr\u00f3\u017c jachtem z mariny Alimnos i odwiedzi\u0107 wyspy: Aigin\u0119, Spetses, Hydr\u0119 i Poros z dwoma dodatkowymi postojami na Ermioni i Epidavros, kt\u00f3re znajduj\u0105 si\u0119 na s\u0105siaduj\u0105cym wybrze\u017cu Peloponezu. Z &hellip; Continued\" \/>\n<meta property=\"og:url\" content=\"https:\/\/www.sailgreeceyachts.com\/pl\/trasa-zatoka-saronska.html\" \/>\n<meta property=\"og:site_name\" content=\"Sail Greece Yacht Charters\" \/>\n<meta property=\"article:publisher\" content=\"https:\/\/www.facebook.com\/Sail.Greece.Yacht.Charters\/\" \/>\n<meta property=\"article:modified_time\" content=\"2016-07-07T11:20:29+00:00\" \/>\n<meta property=\"og:image\" content=\"http:\/\/www.sailgreeceyachts.com\/assets\/saronic-gulf-large.jpg\" \/>\n<script type=\"application\/ld+json\" class=\"yoast-schema-graph\">{\"@context\":\"https:\/\/schema.org\",\"@graph\":[{\"@type\":\"WebPage\",\"@id\":\"https:\/\/www.sailgreeceyachts.com\/pl\/trasa-zatoka-saronska.html\",\"url\":\"https:\/\/www.sailgreeceyachts.com\/pl\/trasa-zatoka-saronska.html\",\"name\":\"Trasa - Zatoka Saro\u0144ska - Sail Greece Yacht Charters\",\"isPartOf\":{\"@id\":\"https:\/\/www.sailgreeceyachts.com\/pl#website\"},\"primaryImageOfPage\":{\"@id\":\"https:\/\/www.sailgreeceyachts.com\/pl\/trasa-zatoka-saronska.html#primaryimage\"},\"image\":{\"@id\":\"https:\/\/www.sailgreeceyachts.com\/pl\/trasa-zatoka-saronska.html#primaryimage\"},\"thumbnailUrl\":\"http:\/\/www.sailgreeceyachts.com\/assets\/saronic-gulf-large.jpg\",\"datePublished\":\"2016-01-07T11:41:23+00:00\",\"dateModified\":\"2016-07-07T11:20:29+00:00\",\"breadcrumb\":{\"@id\":\"https:\/\/www.sailgreeceyachts.com\/pl\/trasa-zatoka-saronska.html#breadcrumb\"},\"inLanguage\":\"pl-PL\",\"potentialAction\":[{\"@type\":\"ReadAction\",\"target\":[\"https:\/\/www.sailgreeceyachts.com\/pl\/trasa-zatoka-saronska.html\"]}]},{\"@type\":\"ImageObject\",\"inLanguage\":\"pl-PL\",\"@id\":\"https:\/\/www.sailgreeceyachts.com\/pl\/trasa-zatoka-saronska.html#primaryimage\",\"url\":\"http:\/\/www.sailgreeceyachts.com\/assets\/saronic-gulf-large.jpg\",\"contentUrl\":\"http:\/\/www.sailgreeceyachts.com\/assets\/saronic-gulf-large.jpg\"},{\"@type\":\"BreadcrumbList\",\"@id\":\"https:\/\/www.sailgreeceyachts.com\/pl\/trasa-zatoka-saronska.html#breadcrumb\",\"itemListElement\":[{\"@type\":\"ListItem\",\"position\":1,\"name\":\"Home\",\"item\":\"https:\/\/www.sailgreeceyachts.com\/pl\"},{\"@type\":\"ListItem\",\"position\":2,\"name\":\"Trasa &#8211; Zatoka Saro\u0144ska\"}]},{\"@type\":\"WebSite\",\"@id\":\"https:\/\/www.sailgreeceyachts.com\/pl#website\",\"url\":\"https:\/\/www.sailgreeceyachts.com\/pl\",\"name\":\"Sail Greece Yacht Charters\",\"description\":\"\",\"potentialAction\":[{\"@type\":\"SearchAction\",\"target\":{\"@type\":\"EntryPoint\",\"urlTemplate\":\"https:\/\/www.sailgreeceyachts.com\/pl?s={search_term_string}\"},\"query-input\":{\"@type\":\"PropertyValueSpecification\",\"valueRequired\":true,\"valueName\":\"search_term_string\"}}],\"inLanguage\":\"pl-PL\"}]}<\/script>\n<!-- \/ Yoast SEO plugin. -->","yoast_head_json":{"title":"Trasa - Zatoka Saro\u0144ska - Sail Greece Yacht Charters","robots":{"index":"index","follow":"follow","max-snippet":"max-snippet:-1","max-image-preview":"max-image-preview:large","max-video-preview":"max-video-preview:-1"},"canonical":"https:\/\/www.sailgreeceyachts.com\/pl\/trasa-zatoka-saronska.html","og_locale":"pl_PL","og_type":"article","og_title":"Trasa - Zatoka Saro\u0144ska - Sail Greece Yacht Charters","og_description":"Wyspy Zatoki Saro\u0144skiej to najbardziej dost\u0119pny kierunek \u017ceglugi z Aten. Znacz\u0105co r\u00f3\u017cni\u0105 si\u0119 od Grecji kontynentalnej i s\u0105 idealnym wyborem na kilkudniowe wakacje. Mo\u017cesz zacz\u0105\u0107 swoj\u0105 podr\u00f3\u017c jachtem z mariny Alimnos i odwiedzi\u0107 wyspy: Aigin\u0119, Spetses, Hydr\u0119 i Poros z dwoma dodatkowymi postojami na Ermioni i Epidavros, kt\u00f3re znajduj\u0105 si\u0119 na s\u0105siaduj\u0105cym wybrze\u017cu Peloponezu. Z &hellip; Continued","og_url":"https:\/\/www.sailgreeceyachts.com\/pl\/trasa-zatoka-saronska.html","og_site_name":"Sail Greece Yacht Charters","article_publisher":"https:\/\/www.facebook.com\/Sail.Greece.Yacht.Charters\/","article_modified_time":"2016-07-07T11:20:29+00:00","og_image":[{"url":"http:\/\/www.sailgreeceyachts.com\/assets\/saronic-gulf-large.jpg","type":"","width":"","height":""}],"schema":{"@context":"https:\/\/schema.org","@graph":[{"@type":"WebPage","@id":"https:\/\/www.sailgreeceyachts.com\/pl\/trasa-zatoka-saronska.html","url":"https:\/\/www.sailgreeceyachts.com\/pl\/trasa-zatoka-saronska.html","name":"Trasa - Zatoka Saro\u0144ska - Sail Greece Yacht Charters","isPartOf":{"@id":"https:\/\/www.sailgreeceyachts.com\/pl#website"},"primaryImageOfPage":{"@id":"https:\/\/www.sailgreeceyachts.com\/pl\/trasa-zatoka-saronska.html#primaryimage"},"image":{"@id":"https:\/\/www.sailgreeceyachts.com\/pl\/trasa-zatoka-saronska.html#primaryimage"},"thumbnailUrl":"http:\/\/www.sailgreeceyachts.com\/assets\/saronic-gulf-large.jpg","datePublished":"2016-01-07T11:41:23+00:00","dateModified":"2016-07-07T11:20:29+00:00","breadcrumb":{"@id":"https:\/\/www.sailgreeceyachts.com\/pl\/trasa-zatoka-saronska.html#breadcrumb"},"inLanguage":"pl-PL","potentialAction":[{"@type":"ReadAction","target":["https:\/\/www.sailgreeceyachts.com\/pl\/trasa-zatoka-saronska.html"]}]},{"@type":"ImageObject","inLanguage":"pl-PL","@id":"https:\/\/www.sailgreeceyachts.com\/pl\/trasa-zatoka-saronska.html#primaryimage","url":"http:\/\/www.sailgreeceyachts.com\/assets\/saronic-gulf-large.jpg","contentUrl":"http:\/\/www.sailgreeceyachts.com\/assets\/saronic-gulf-large.jpg"},{"@type":"BreadcrumbList","@id":"https:\/\/www.sailgreeceyachts.com\/pl\/trasa-zatoka-saronska.html#breadcrumb","itemListElement":[{"@type":"ListItem","position":1,"name":"Home","item":"https:\/\/www.sailgreeceyachts.com\/pl"},{"@type":"ListItem","position":2,"name":"Trasa &#8211; Zatoka Saro\u0144ska"}]},{"@type":"WebSite","@id":"https:\/\/www.sailgreeceyachts.com\/pl#website","url":"https:\/\/www.sailgreeceyachts.com\/pl","name":"Sail Greece Yacht Charters","description":"","potentialAction":[{"@type":"SearchAction","target":{"@type":"EntryPoint","urlTemplate":"https:\/\/www.sailgreeceyachts.com\/pl?s={search_term_string}"},"query-input":{"@type":"PropertyValueSpecification","valueRequired":true,"valueName":"search_term_string"}}],"inLanguage":"pl-PL"}]}},"_links":{"self":[{"href":"https:\/\/www.sailgreeceyachts.com\/pl\/wp-json\/wp\/v2\/pages\/1000","targetHints":{"allow":["GET"]}}],"collection":[{"href":"https:\/\/www.sailgreeceyachts.com\/pl\/wp-json\/wp\/v2\/pages"}],"about":[{"href":"https:\/\/www.sailgreeceyachts.com\/pl\/wp-json\/wp\/v2\/types\/page"}],"author":[{"embeddable":true,"href":"https:\/\/www.sailgreeceyachts.com\/pl\/wp-json\/wp\/v2\/users\/2"}],"replies":[{"embeddable":true,"href":"https:\/\/www.sailgreeceyachts.com\/pl\/wp-json\/wp\/v2\/comments?post=1000"}],"version-history":[{"count":0,"href":"https:\/\/www.sailgreeceyachts.com\/pl\/wp-json\/wp\/v2\/pages\/1000\/revisions"}],"wp:attachment":[{"href":"https:\/\/www.sailgreeceyachts.com\/pl\/wp-json\/wp\/v2\/media?parent=1000"}],"curies":[{"name":"wp","href":"https:\/\/api.w.org\/{rel}","templated":true}]}}