{"id":651,"date":"2016-01-07T11:41:23","date_gmt":"2016-01-07T11:41:23","guid":{"rendered":"http:\/\/www.kollective.gr\/sailgreeceyachts-dev\/de\/?page_id=651"},"modified":"2016-04-20T14:26:41","modified_gmt":"2016-04-20T14:26:41","slug":"inseln-im-saronischen-golf","status":"publish","type":"page","link":"https:\/\/www.sailgreeceyachts.com\/de\/inseln-im-saronischen-golf.html","title":{"rendered":"Inseln im Saronischen Golf"},"content":{"rendered":"<p>Die Inseln des Saronischen Golfs sind von Athen mit der Segelyacht leicht zu erreichen. Der Saronische Golf und der benachbarte Argolische Golf am Peloponnes sind ideal f\u00fcr kurze T\u00f6rns von Athen aus und kommen dem nicht so erfahrenen Segler aufgrund der kurzen Entfernungen und moderaten Winde sehr entgegen.<\/p>\n<p>Sie k\u00f6nnen Ihren T\u00f6rn in Alimos Marina beginnen und besuchen Inseln \u00c4gina, Spetses, Hydra und Poros sowie Erminoni und Epidavros an der Peloponnesk\u00fcste. Diese Reiseroute ist ideal f\u00fcr eine Woche Charter. Diejenigen, die l\u00e4nger unterwegs sind k\u00f6nnen auch noch die historischen St\u00e4dte Monemvasia und Nafplion besuchen. Weitere Einzelheiten zu einem l\u00e4ngeren T\u00f6rn erfahren Sie hier: <a href=\"saronischen-golf-ost-peleponnese.html\">Die Inseln des Saronischen Golf &#038; Ost Peleponnese<\/a><\/p>\n<p>Eine kurze Beschreibung der Inseln sowie Entfernungsangaben und weiterf\u00fchrende Links sind unten zusannengefasst. Happy Sailing!<\/p>\n<p><img loading=\"lazy\" decoding=\"async\" class=\"img-responsive alignnone wp-image-343 size-full\" src=\"http:\/\/www.sailgreeceyachts.com\/assets\/saronic-gulf-large.jpg\" alt=\"saronic-gulf-large\" width=\"1005\" height=\"613\" srcset=\"https:\/\/www.sailgreeceyachts.com\/assets\/saronic-gulf-large.jpg 1005w, https:\/\/www.sailgreeceyachts.com\/assets\/saronic-gulf-large-360x220.jpg 360w, https:\/\/www.sailgreeceyachts.com\/assets\/saronic-gulf-large-500x305.jpg 500w\" sizes=\"auto, (max-width: 1005px) 100vw, 1005px\" \/><\/p>\n<table class=\"defaultTable mb20 routeTable\" width=\"480\" cellspacing=\"0\" cellpadding=\"0\">\n<tbody>\n<tr>\n<th>From<\/th>\n<th>To<\/th>\n<th>Distance<\/th>\n<\/tr>\n<tr>\n<td>Alimos marina<\/td>\n<td>Aegina<\/td>\n<td>18 NM<\/td>\n<\/tr>\n<tr>\n<td>Aegina<\/td>\n<td>Ermioni<\/td>\n<td>34 NM<\/td>\n<\/tr>\n<tr>\n<td>Ermioni<\/td>\n<td>Spetses<\/td>\n<td>10 NM<\/td>\n<\/tr>\n<tr>\n<td>Spetses<\/td>\n<td>Hydra<\/td>\n<td>16 NM<\/td>\n<\/tr>\n<tr>\n<td>Hydra<\/td>\n<td>Poros<\/td>\n<td>12 NM<\/td>\n<\/tr>\n<tr>\n<td>Poros<\/td>\n<td>Epidaurus<\/td>\n<td>21 NM<\/td>\n<\/tr>\n<tr>\n<td>Epidaurus<\/td>\n<td>Alimos marina<\/td>\n<td>30 NM<\/td>\n<\/tr>\n<tr>\n<th colspan=\"3\">Distance is measured in nautical miles (NM)<\/th>\n<\/tr>\n<\/tbody>\n<\/table>\n<p><strong>Die Inseln im Detail<\/strong><\/p>\n<p><strong>Aegina<\/strong><br \/>\nNur 18 NM von Athen entfernt ist \u00c4gina ein beliebtes Ziel f\u00fcr Segelt\u00f6rns, beginnend oder endend in Athen. Man sollte nicht verpassen, den im 5.Jahrhundert nach Chr. gebauten Tempel &#8222;Apeha&#8220; zu besichtigen. Auch ist \u00c4gina ber\u00fchmt f\u00fcr seine fantastischen Pistazien, die in dem dortigen Boden sehr gut gedeihen; nicht vergessen ein paar T\u00fcten mitzunehmen.<\/p>\n<p><strong>Poros<\/strong><br \/>\nPoros ist eine weltoffene Insel und bei Seglern sehr beliebt, mit vielen M\u00f6glichkeiten f\u00fcr gutes Essen und Trinken an der Promenade und in den Nebenstra\u00dfen. Ein Aufstieg zum Uhrturm belohnt mit fantastischer Aussicht \u00fcber den Hafen und das gegen\u00fcber liegende Festland. F\u00fcr diejenigen, die altert\u00fcmliche St\u00e4tte m\u00f6gen, gibt es im Norden der Insel den &#8222;Tempel des Poseidon&#8220; auf einem wundersch\u00f6nen Gebiet mit toller Aussicht, allerdingst ist von den Strukturen nichts mehr erhalten. Das arch\u00e4ologische Museum zeigt relevante Funde aus dem Ort.<\/p>\n<p><strong>Spetses<\/strong><br \/>\nZusammen mit Hydra und Poros spielte Spetses eine ma\u00dfgebliche Rolle im Unabh\u00e4ngigkeitskrieg des fr\u00fchen 19 Jht. Setses war die Heimat der ber\u00fchmten griechischen Heldin Laskarina Bouboulinas. Ihr Haus ist heute ein Museum das Ihr Leben und den Drang nach Unabh\u00e4ngigkeit zeigt.<\/p>\n<p><strong>Hydra<\/strong><br \/>\nHydra ist ein historisch reiche Insel und Wochenendziel der Athener. Bekannt geworden ist sie durch viele K\u00fcnstler ( es gibt viele Kunstgalerien und Austellungen ). Leonard Cohen wohnte hier. Auch bekannt geworden ist Hydra durch ihre Architektur, die sch\u00f6nen H\u00e4user im Hafen, sowie als Insel ohne Autos und Motorr\u00e4der. Genie\u00dfen Sie die Ruhe w\u00e4hrend Sie dort sind.<\/p>\n<p><strong>Ermioni<\/strong><br \/>\nGegen\u00fcber von Hydra befindet sich die Stadt Ermioni. Die Stadt ist bekannt f\u00fcr ihre sch\u00f6nen Str\u00e4nde und eine Reihe von historischen Geb\u00e4uden, darunter die Kirche Taxiarchon. Im Osten befinden sich die Ruinen des antiken Hafen.<\/p>\n<p><strong>Epidaurus<\/strong><br \/>\nDer Hafen von Epidavros ist der Startpunkt zum ber\u00fchmten Amphitheater von Epidaurus (UNESCO-Weltkulturerbe). Im Sommer gibt es viele Auff\u00fchrungen, falls Sie ein Ticket bekommen k\u00f6nnen sollten Sie das nicht verpassen.<\/p>\n","protected":false},"excerpt":{"rendered":"<p>Die Inseln des Saronischen Golfs sind von Athen mit der Segelyacht leicht zu erreichen. Der Saronische Golf und der benachbarte Argolische Golf am Peloponnes sind ideal f\u00fcr kurze T\u00f6rns von Athen aus und kommen dem nicht so erfahrenen Segler aufgrund der kurzen Entfernungen und moderaten Winde sehr entgegen. Sie k\u00f6nnen Ihren T\u00f6rn in Alimos Marina &hellip; <a href=\"https:\/\/www.sailgreeceyachts.com\/de\/inseln-im-saronischen-golf.html\">Continued<\/a><\/p>\n","protected":false},"author":2,"featured_media":0,"parent":0,"menu_order":0,"comment_status":"closed","ping_status":"closed","template":"","meta":{"_acf_changed":false,"footnotes":""},"class_list":["post-651","page","type-page","status-publish","hentry"],"acf":[],"yoast_head":"<!-- This site is optimized with the Yoast SEO plugin v27.1.1 - https:\/\/yoast.com\/product\/yoast-seo-wordpress\/ -->\n<title>Inseln im Saronischen Golf - Sail Greece Yacht Charters<\/title>\n<meta name=\"robots\" content=\"index, follow, max-snippet:-1, max-image-preview:large, max-video-preview:-1\" \/>\n<link rel=\"canonical\" href=\"https:\/\/www.sailgreeceyachts.com\/de\/inseln-im-saronischen-golf.html\" \/>\n<meta property=\"og:locale\" content=\"de_DE\" \/>\n<meta property=\"og:type\" content=\"article\" \/>\n<meta property=\"og:title\" content=\"Inseln im Saronischen Golf - Sail Greece Yacht Charters\" \/>\n<meta property=\"og:description\" content=\"Die Inseln des Saronischen Golfs sind von Athen mit der Segelyacht leicht zu erreichen. Der Saronische Golf und der benachbarte Argolische Golf am Peloponnes sind ideal f\u00fcr kurze T\u00f6rns von Athen aus und kommen dem nicht so erfahrenen Segler aufgrund der kurzen Entfernungen und moderaten Winde sehr entgegen. Sie k\u00f6nnen Ihren T\u00f6rn in Alimos Marina &hellip; Continued\" \/>\n<meta property=\"og:url\" content=\"https:\/\/www.sailgreeceyachts.com\/de\/inseln-im-saronischen-golf.html\" \/>\n<meta property=\"og:site_name\" content=\"Sail Greece Yacht Charters\" \/>\n<meta property=\"article:publisher\" content=\"https:\/\/www.facebook.com\/Sail.Greece.Yacht.Charters\/\" \/>\n<meta property=\"article:modified_time\" content=\"2016-04-20T14:26:41+00:00\" \/>\n<meta property=\"og:image\" content=\"http:\/\/www.sailgreeceyachts.com\/assets\/saronic-gulf-large.jpg\" \/>\n<script type=\"application\/ld+json\" class=\"yoast-schema-graph\">{\"@context\":\"https:\/\/schema.org\",\"@graph\":[{\"@type\":\"WebPage\",\"@id\":\"https:\/\/www.sailgreeceyachts.com\/de\/inseln-im-saronischen-golf.html\",\"url\":\"https:\/\/www.sailgreeceyachts.com\/de\/inseln-im-saronischen-golf.html\",\"name\":\"Inseln im Saronischen Golf - Sail Greece Yacht Charters\",\"isPartOf\":{\"@id\":\"https:\/\/www.sailgreeceyachts.com\/de#website\"},\"primaryImageOfPage\":{\"@id\":\"https:\/\/www.sailgreeceyachts.com\/de\/inseln-im-saronischen-golf.html#primaryimage\"},\"image\":{\"@id\":\"https:\/\/www.sailgreeceyachts.com\/de\/inseln-im-saronischen-golf.html#primaryimage\"},\"thumbnailUrl\":\"http:\/\/www.sailgreeceyachts.com\/assets\/saronic-gulf-large.jpg\",\"datePublished\":\"2016-01-07T11:41:23+00:00\",\"dateModified\":\"2016-04-20T14:26:41+00:00\",\"breadcrumb\":{\"@id\":\"https:\/\/www.sailgreeceyachts.com\/de\/inseln-im-saronischen-golf.html#breadcrumb\"},\"inLanguage\":\"de\",\"potentialAction\":[{\"@type\":\"ReadAction\",\"target\":[\"https:\/\/www.sailgreeceyachts.com\/de\/inseln-im-saronischen-golf.html\"]}]},{\"@type\":\"ImageObject\",\"inLanguage\":\"de\",\"@id\":\"https:\/\/www.sailgreeceyachts.com\/de\/inseln-im-saronischen-golf.html#primaryimage\",\"url\":\"http:\/\/www.sailgreeceyachts.com\/assets\/saronic-gulf-large.jpg\",\"contentUrl\":\"http:\/\/www.sailgreeceyachts.com\/assets\/saronic-gulf-large.jpg\"},{\"@type\":\"BreadcrumbList\",\"@id\":\"https:\/\/www.sailgreeceyachts.com\/de\/inseln-im-saronischen-golf.html#breadcrumb\",\"itemListElement\":[{\"@type\":\"ListItem\",\"position\":1,\"name\":\"Home\",\"item\":\"https:\/\/www.sailgreeceyachts.com\/de\"},{\"@type\":\"ListItem\",\"position\":2,\"name\":\"Inseln im Saronischen Golf\"}]},{\"@type\":\"WebSite\",\"@id\":\"https:\/\/www.sailgreeceyachts.com\/de#website\",\"url\":\"https:\/\/www.sailgreeceyachts.com\/de\",\"name\":\"Sail Greece Yacht Charters\",\"description\":\"\",\"potentialAction\":[{\"@type\":\"SearchAction\",\"target\":{\"@type\":\"EntryPoint\",\"urlTemplate\":\"https:\/\/www.sailgreeceyachts.com\/de?s={search_term_string}\"},\"query-input\":{\"@type\":\"PropertyValueSpecification\",\"valueRequired\":true,\"valueName\":\"search_term_string\"}}],\"inLanguage\":\"de\"}]}<\/script>\n<!-- \/ Yoast SEO plugin. -->","yoast_head_json":{"title":"Inseln im Saronischen Golf - Sail Greece Yacht Charters","robots":{"index":"index","follow":"follow","max-snippet":"max-snippet:-1","max-image-preview":"max-image-preview:large","max-video-preview":"max-video-preview:-1"},"canonical":"https:\/\/www.sailgreeceyachts.com\/de\/inseln-im-saronischen-golf.html","og_locale":"de_DE","og_type":"article","og_title":"Inseln im Saronischen Golf - Sail Greece Yacht Charters","og_description":"Die Inseln des Saronischen Golfs sind von Athen mit der Segelyacht leicht zu erreichen. Der Saronische Golf und der benachbarte Argolische Golf am Peloponnes sind ideal f\u00fcr kurze T\u00f6rns von Athen aus und kommen dem nicht so erfahrenen Segler aufgrund der kurzen Entfernungen und moderaten Winde sehr entgegen. Sie k\u00f6nnen Ihren T\u00f6rn in Alimos Marina &hellip; Continued","og_url":"https:\/\/www.sailgreeceyachts.com\/de\/inseln-im-saronischen-golf.html","og_site_name":"Sail Greece Yacht Charters","article_publisher":"https:\/\/www.facebook.com\/Sail.Greece.Yacht.Charters\/","article_modified_time":"2016-04-20T14:26:41+00:00","og_image":[{"url":"http:\/\/www.sailgreeceyachts.com\/assets\/saronic-gulf-large.jpg","type":"","width":"","height":""}],"schema":{"@context":"https:\/\/schema.org","@graph":[{"@type":"WebPage","@id":"https:\/\/www.sailgreeceyachts.com\/de\/inseln-im-saronischen-golf.html","url":"https:\/\/www.sailgreeceyachts.com\/de\/inseln-im-saronischen-golf.html","name":"Inseln im Saronischen Golf - Sail Greece Yacht Charters","isPartOf":{"@id":"https:\/\/www.sailgreeceyachts.com\/de#website"},"primaryImageOfPage":{"@id":"https:\/\/www.sailgreeceyachts.com\/de\/inseln-im-saronischen-golf.html#primaryimage"},"image":{"@id":"https:\/\/www.sailgreeceyachts.com\/de\/inseln-im-saronischen-golf.html#primaryimage"},"thumbnailUrl":"http:\/\/www.sailgreeceyachts.com\/assets\/saronic-gulf-large.jpg","datePublished":"2016-01-07T11:41:23+00:00","dateModified":"2016-04-20T14:26:41+00:00","breadcrumb":{"@id":"https:\/\/www.sailgreeceyachts.com\/de\/inseln-im-saronischen-golf.html#breadcrumb"},"inLanguage":"de","potentialAction":[{"@type":"ReadAction","target":["https:\/\/www.sailgreeceyachts.com\/de\/inseln-im-saronischen-golf.html"]}]},{"@type":"ImageObject","inLanguage":"de","@id":"https:\/\/www.sailgreeceyachts.com\/de\/inseln-im-saronischen-golf.html#primaryimage","url":"http:\/\/www.sailgreeceyachts.com\/assets\/saronic-gulf-large.jpg","contentUrl":"http:\/\/www.sailgreeceyachts.com\/assets\/saronic-gulf-large.jpg"},{"@type":"BreadcrumbList","@id":"https:\/\/www.sailgreeceyachts.com\/de\/inseln-im-saronischen-golf.html#breadcrumb","itemListElement":[{"@type":"ListItem","position":1,"name":"Home","item":"https:\/\/www.sailgreeceyachts.com\/de"},{"@type":"ListItem","position":2,"name":"Inseln im Saronischen Golf"}]},{"@type":"WebSite","@id":"https:\/\/www.sailgreeceyachts.com\/de#website","url":"https:\/\/www.sailgreeceyachts.com\/de","name":"Sail Greece Yacht Charters","description":"","potentialAction":[{"@type":"SearchAction","target":{"@type":"EntryPoint","urlTemplate":"https:\/\/www.sailgreeceyachts.com\/de?s={search_term_string}"},"query-input":{"@type":"PropertyValueSpecification","valueRequired":true,"valueName":"search_term_string"}}],"inLanguage":"de"}]}},"_links":{"self":[{"href":"https:\/\/www.sailgreeceyachts.com\/de\/wp-json\/wp\/v2\/pages\/651","targetHints":{"allow":["GET"]}}],"collection":[{"href":"https:\/\/www.sailgreeceyachts.com\/de\/wp-json\/wp\/v2\/pages"}],"about":[{"href":"https:\/\/www.sailgreeceyachts.com\/de\/wp-json\/wp\/v2\/types\/page"}],"author":[{"embeddable":true,"href":"https:\/\/www.sailgreeceyachts.com\/de\/wp-json\/wp\/v2\/users\/2"}],"replies":[{"embeddable":true,"href":"https:\/\/www.sailgreeceyachts.com\/de\/wp-json\/wp\/v2\/comments?post=651"}],"version-history":[{"count":0,"href":"https:\/\/www.sailgreeceyachts.com\/de\/wp-json\/wp\/v2\/pages\/651\/revisions"}],"wp:attachment":[{"href":"https:\/\/www.sailgreeceyachts.com\/de\/wp-json\/wp\/v2\/media?parent=651"}],"curies":[{"name":"wp","href":"https:\/\/api.w.org\/{rel}","templated":true}]}}