{"id":646,"date":"2016-01-07T11:48:36","date_gmt":"2016-01-07T11:48:36","guid":{"rendered":"http:\/\/www.kollective.gr\/sailgreeceyachts-dev\/de\/?page_id=646"},"modified":"2016-04-20T14:21:08","modified_gmt":"2016-04-20T14:21:08","slug":"die-kykladen","status":"publish","type":"page","link":"https:\/\/www.sailgreeceyachts.com\/de\/die-kykladen.html","title":{"rendered":"Die Kykladen"},"content":{"rendered":"<p>Die Kykladen sind die zentralen Inseln Griechenlands. Jeder liebt sie, atemberaubende Sonnenunterg\u00e4nge sch\u00f6ne Str\u00e4nde und &#8230; Unsere Route f\u00fcr die n\u00f6rdlichen und mittleren Kykladeninseln f\u00fchrt Sie nach Serifos und Kythnos (gut zum Entspannen) , zu der beliebten Insel Paros und zu den weltoffenen Inseln Syros und Kea.<\/p>\n<p>Eine kurze Beschreibung der Inseln sowie Entfernungsangaben und weiterf\u00fchrende Links sind unten zusannengefasst. Happy Sailing!<\/p>\n<p><img loading=\"lazy\" decoding=\"async\" class=\"img-responsive alignnone wp-image-347 size-full\" src=\"http:\/\/www.sailgreeceyachts.com\/assets\/northern_and_middle_cyclades.jpg\" alt=\"northern_and_middle_cyclades\" width=\"1005\" height=\"775\" srcset=\"https:\/\/www.sailgreeceyachts.com\/assets\/northern_and_middle_cyclades.jpg 1005w, https:\/\/www.sailgreeceyachts.com\/assets\/northern_and_middle_cyclades-360x278.jpg 360w, https:\/\/www.sailgreeceyachts.com\/assets\/northern_and_middle_cyclades-500x386.jpg 500w\" sizes=\"auto, (max-width: 1005px) 100vw, 1005px\" \/><\/p>\n<table class=\"defaultTable mb20 routeTable\" width=\"480\" cellspacing=\"0\" cellpadding=\"0\">\n<tbody>\n<tr>\n<th>From<\/th>\n<th>To<\/th>\n<th>Distance<\/th>\n<\/tr>\n<tr>\n<td>Alimos marina<\/td>\n<td>Cape Sounio<\/td>\n<td>23 NM<\/td>\n<\/tr>\n<tr>\n<td>Cape Sounio<\/td>\n<td>Kea<\/td>\n<td>14 NM<\/td>\n<\/tr>\n<tr>\n<td>Kea<\/td>\n<td>Syros (Finikas)<\/td>\n<td>41 NM<\/td>\n<\/tr>\n<tr>\n<td>Syros (Finikas)<\/td>\n<td>Paros<\/td>\n<td>23 NM<\/td>\n<\/tr>\n<tr>\n<td>Paros<\/td>\n<td>Serifos<\/td>\n<td>31 NM<\/td>\n<\/tr>\n<tr>\n<td>Serifos<\/td>\n<td>Kythnos<\/td>\n<td>23 NM<\/td>\n<\/tr>\n<tr>\n<td>Kythnos<\/td>\n<td>Alimos marina<\/td>\n<td>48 NM<\/td>\n<\/tr>\n<tr>\n<th colspan=\"3\">Distance is measured in nautical miles (NM)<\/th>\n<\/tr>\n<\/tbody>\n<\/table>\n<p><strong>Die Inseln im Detail<\/strong><\/p>\n<p><strong>Kea<\/strong><br \/>\nNur ca 2 Std von Kap Sounion entfernt hat Kea viele Ferienh\u00e4user und f\u00fcr jeden etwas zu bieten. Der wichtigste Hafen, Voukduri, wird oft von Seglern besucht und bietet Entspannung, Essen und Trinken in H\u00fclle und F\u00fclle. Man sollte das Dorf Ioulida besuchen. Man betritt das Dorf durch das Haupttor ( Keine Autos erlaubt). Das kleine Musem dort ist einen Besuch wert sowie der ber\u00fchmte &#8222;l\u00e4chelnde L\u00f6we &#8220; von Kea, eine seltsame Statue in Form eines L\u00f6wen mit verwaschenem Gesicht, der nur einen kurzen Spaziergang entfernt ist. Diejenigen die mehr Zeit auf Ihrem Ausflug haben sollten sich auch die Ruinen von Karthea anschauen.<\/p>\n<p><strong>Syros<\/strong><br \/>\nDie Hauptstadt von Syros ist Ermoupolis, eine sch\u00f6ne Stadt mit einer Reihe von alten orthodoxen und katholischen Kirchen . Die Stadt bietet viele kleine Gassen und Stra\u00dfen, die alle sternf\u00f6rmig zu demPlatz vor dem Parlament f\u00fchren. Ermoupolis hat einen sehr geschichtlichen und religi\u00f6sen Hintergrund, au\u00dferdem befindet sich hier die Verwaltung aller Kykladeninseln. Die Marina in Finikas ist ruhig und bietet alle Annehmlichkeiten die Sie brauchen.<\/p>\n<p><strong>Paros<\/strong><br \/>\nParos ist die zweitgr\u00f6\u00dfte Kykladeninsel mit kilometerlangen sch\u00f6nen Str\u00e4nden mit kristallklarem Wasser und vielen wei\u00dfen H\u00e4usern.Der Hauptort Paroika hat viel gute Cafes und Tavernen. Auch Nachtschw\u00e4rmer kommen hier auf Ihre Kosten. Ebenfalls in Paroika befindet sich das arch\u00e4ologische und das byzantinische Museum.<\/p>\n<p><strong>Serifos<\/strong><br \/>\nSerifos ist eine wunderbar ruhige Insel mit einer gro\u00dfen Anzahl von gesch\u00fctzten Buchten und wundersch\u00f6ne Str\u00e4nden f\u00fcr Leute die Sonne, Sand und Meer lieben. Der Hauptort Chora ist oben in den Bergen mit herrlichem Blick auf den Hafen . Chora hat auch ein paar kleine Museen und viele kleine Caf\u00e9s ideal f\u00fcr einen schnellen Ouzo oder k\u00fchles Bier.<\/p>\n<p><strong>Kythnos<\/strong><br \/>\nEin Geheimtip f\u00fcr Touristen die sich auskennen, ruhig, Str\u00e4nde und kristallklares Wasser. Zu den sehenswerten Highlight geh\u00f6ren das Schloss von Oria, die Katafiki H\u00f6hle und eine Reihe von Kirchen und Kl\u00f6stern. Kythnos ist wirklich eine sehr sch\u00f6ne Insel.<\/p>\n","protected":false},"excerpt":{"rendered":"<p>Die Kykladen sind die zentralen Inseln Griechenlands. Jeder liebt sie, atemberaubende Sonnenunterg\u00e4nge sch\u00f6ne Str\u00e4nde und &#8230; Unsere Route f\u00fcr die n\u00f6rdlichen und mittleren Kykladeninseln f\u00fchrt Sie nach Serifos und Kythnos (gut zum Entspannen) , zu der beliebten Insel Paros und zu den weltoffenen Inseln Syros und Kea. Eine kurze Beschreibung der Inseln sowie Entfernungsangaben und &hellip; <a href=\"https:\/\/www.sailgreeceyachts.com\/de\/die-kykladen.html\">Continued<\/a><\/p>\n","protected":false},"author":2,"featured_media":0,"parent":0,"menu_order":0,"comment_status":"closed","ping_status":"closed","template":"","meta":{"_acf_changed":false,"footnotes":""},"class_list":["post-646","page","type-page","status-publish","hentry"],"acf":[],"yoast_head":"<!-- This site is optimized with the Yoast SEO plugin v27.1.1 - https:\/\/yoast.com\/product\/yoast-seo-wordpress\/ -->\n<title>Die Kykladen - Sail Greece Yacht Charters<\/title>\n<meta name=\"robots\" content=\"index, follow, max-snippet:-1, max-image-preview:large, max-video-preview:-1\" \/>\n<link rel=\"canonical\" href=\"https:\/\/www.sailgreeceyachts.com\/de\/die-kykladen.html\" \/>\n<meta property=\"og:locale\" content=\"de_DE\" \/>\n<meta property=\"og:type\" content=\"article\" \/>\n<meta property=\"og:title\" content=\"Die Kykladen - Sail Greece Yacht Charters\" \/>\n<meta property=\"og:description\" content=\"Die Kykladen sind die zentralen Inseln Griechenlands. Jeder liebt sie, atemberaubende Sonnenunterg\u00e4nge sch\u00f6ne Str\u00e4nde und &#8230; Unsere Route f\u00fcr die n\u00f6rdlichen und mittleren Kykladeninseln f\u00fchrt Sie nach Serifos und Kythnos (gut zum Entspannen) , zu der beliebten Insel Paros und zu den weltoffenen Inseln Syros und Kea. Eine kurze Beschreibung der Inseln sowie Entfernungsangaben und &hellip; Continued\" \/>\n<meta property=\"og:url\" content=\"https:\/\/www.sailgreeceyachts.com\/de\/die-kykladen.html\" \/>\n<meta property=\"og:site_name\" content=\"Sail Greece Yacht Charters\" \/>\n<meta property=\"article:publisher\" content=\"https:\/\/www.facebook.com\/Sail.Greece.Yacht.Charters\/\" \/>\n<meta property=\"article:modified_time\" content=\"2016-04-20T14:21:08+00:00\" \/>\n<meta property=\"og:image\" content=\"http:\/\/www.sailgreeceyachts.com\/assets\/northern_and_middle_cyclades.jpg\" \/>\n<script type=\"application\/ld+json\" class=\"yoast-schema-graph\">{\"@context\":\"https:\/\/schema.org\",\"@graph\":[{\"@type\":\"WebPage\",\"@id\":\"https:\/\/www.sailgreeceyachts.com\/de\/die-kykladen.html\",\"url\":\"https:\/\/www.sailgreeceyachts.com\/de\/die-kykladen.html\",\"name\":\"Die Kykladen - Sail Greece Yacht Charters\",\"isPartOf\":{\"@id\":\"https:\/\/www.sailgreeceyachts.com\/de#website\"},\"primaryImageOfPage\":{\"@id\":\"https:\/\/www.sailgreeceyachts.com\/de\/die-kykladen.html#primaryimage\"},\"image\":{\"@id\":\"https:\/\/www.sailgreeceyachts.com\/de\/die-kykladen.html#primaryimage\"},\"thumbnailUrl\":\"http:\/\/www.sailgreeceyachts.com\/assets\/northern_and_middle_cyclades.jpg\",\"datePublished\":\"2016-01-07T11:48:36+00:00\",\"dateModified\":\"2016-04-20T14:21:08+00:00\",\"breadcrumb\":{\"@id\":\"https:\/\/www.sailgreeceyachts.com\/de\/die-kykladen.html#breadcrumb\"},\"inLanguage\":\"de\",\"potentialAction\":[{\"@type\":\"ReadAction\",\"target\":[\"https:\/\/www.sailgreeceyachts.com\/de\/die-kykladen.html\"]}]},{\"@type\":\"ImageObject\",\"inLanguage\":\"de\",\"@id\":\"https:\/\/www.sailgreeceyachts.com\/de\/die-kykladen.html#primaryimage\",\"url\":\"http:\/\/www.sailgreeceyachts.com\/assets\/northern_and_middle_cyclades.jpg\",\"contentUrl\":\"http:\/\/www.sailgreeceyachts.com\/assets\/northern_and_middle_cyclades.jpg\"},{\"@type\":\"BreadcrumbList\",\"@id\":\"https:\/\/www.sailgreeceyachts.com\/de\/die-kykladen.html#breadcrumb\",\"itemListElement\":[{\"@type\":\"ListItem\",\"position\":1,\"name\":\"Home\",\"item\":\"https:\/\/www.sailgreeceyachts.com\/de\"},{\"@type\":\"ListItem\",\"position\":2,\"name\":\"Die Kykladen\"}]},{\"@type\":\"WebSite\",\"@id\":\"https:\/\/www.sailgreeceyachts.com\/de#website\",\"url\":\"https:\/\/www.sailgreeceyachts.com\/de\",\"name\":\"Sail Greece Yacht Charters\",\"description\":\"\",\"potentialAction\":[{\"@type\":\"SearchAction\",\"target\":{\"@type\":\"EntryPoint\",\"urlTemplate\":\"https:\/\/www.sailgreeceyachts.com\/de?s={search_term_string}\"},\"query-input\":{\"@type\":\"PropertyValueSpecification\",\"valueRequired\":true,\"valueName\":\"search_term_string\"}}],\"inLanguage\":\"de\"}]}<\/script>\n<!-- \/ Yoast SEO plugin. -->","yoast_head_json":{"title":"Die Kykladen - Sail Greece Yacht Charters","robots":{"index":"index","follow":"follow","max-snippet":"max-snippet:-1","max-image-preview":"max-image-preview:large","max-video-preview":"max-video-preview:-1"},"canonical":"https:\/\/www.sailgreeceyachts.com\/de\/die-kykladen.html","og_locale":"de_DE","og_type":"article","og_title":"Die Kykladen - Sail Greece Yacht Charters","og_description":"Die Kykladen sind die zentralen Inseln Griechenlands. Jeder liebt sie, atemberaubende Sonnenunterg\u00e4nge sch\u00f6ne Str\u00e4nde und &#8230; Unsere Route f\u00fcr die n\u00f6rdlichen und mittleren Kykladeninseln f\u00fchrt Sie nach Serifos und Kythnos (gut zum Entspannen) , zu der beliebten Insel Paros und zu den weltoffenen Inseln Syros und Kea. Eine kurze Beschreibung der Inseln sowie Entfernungsangaben und &hellip; Continued","og_url":"https:\/\/www.sailgreeceyachts.com\/de\/die-kykladen.html","og_site_name":"Sail Greece Yacht Charters","article_publisher":"https:\/\/www.facebook.com\/Sail.Greece.Yacht.Charters\/","article_modified_time":"2016-04-20T14:21:08+00:00","og_image":[{"url":"http:\/\/www.sailgreeceyachts.com\/assets\/northern_and_middle_cyclades.jpg","type":"","width":"","height":""}],"schema":{"@context":"https:\/\/schema.org","@graph":[{"@type":"WebPage","@id":"https:\/\/www.sailgreeceyachts.com\/de\/die-kykladen.html","url":"https:\/\/www.sailgreeceyachts.com\/de\/die-kykladen.html","name":"Die Kykladen - Sail Greece Yacht Charters","isPartOf":{"@id":"https:\/\/www.sailgreeceyachts.com\/de#website"},"primaryImageOfPage":{"@id":"https:\/\/www.sailgreeceyachts.com\/de\/die-kykladen.html#primaryimage"},"image":{"@id":"https:\/\/www.sailgreeceyachts.com\/de\/die-kykladen.html#primaryimage"},"thumbnailUrl":"http:\/\/www.sailgreeceyachts.com\/assets\/northern_and_middle_cyclades.jpg","datePublished":"2016-01-07T11:48:36+00:00","dateModified":"2016-04-20T14:21:08+00:00","breadcrumb":{"@id":"https:\/\/www.sailgreeceyachts.com\/de\/die-kykladen.html#breadcrumb"},"inLanguage":"de","potentialAction":[{"@type":"ReadAction","target":["https:\/\/www.sailgreeceyachts.com\/de\/die-kykladen.html"]}]},{"@type":"ImageObject","inLanguage":"de","@id":"https:\/\/www.sailgreeceyachts.com\/de\/die-kykladen.html#primaryimage","url":"http:\/\/www.sailgreeceyachts.com\/assets\/northern_and_middle_cyclades.jpg","contentUrl":"http:\/\/www.sailgreeceyachts.com\/assets\/northern_and_middle_cyclades.jpg"},{"@type":"BreadcrumbList","@id":"https:\/\/www.sailgreeceyachts.com\/de\/die-kykladen.html#breadcrumb","itemListElement":[{"@type":"ListItem","position":1,"name":"Home","item":"https:\/\/www.sailgreeceyachts.com\/de"},{"@type":"ListItem","position":2,"name":"Die Kykladen"}]},{"@type":"WebSite","@id":"https:\/\/www.sailgreeceyachts.com\/de#website","url":"https:\/\/www.sailgreeceyachts.com\/de","name":"Sail Greece Yacht Charters","description":"","potentialAction":[{"@type":"SearchAction","target":{"@type":"EntryPoint","urlTemplate":"https:\/\/www.sailgreeceyachts.com\/de?s={search_term_string}"},"query-input":{"@type":"PropertyValueSpecification","valueRequired":true,"valueName":"search_term_string"}}],"inLanguage":"de"}]}},"_links":{"self":[{"href":"https:\/\/www.sailgreeceyachts.com\/de\/wp-json\/wp\/v2\/pages\/646","targetHints":{"allow":["GET"]}}],"collection":[{"href":"https:\/\/www.sailgreeceyachts.com\/de\/wp-json\/wp\/v2\/pages"}],"about":[{"href":"https:\/\/www.sailgreeceyachts.com\/de\/wp-json\/wp\/v2\/types\/page"}],"author":[{"embeddable":true,"href":"https:\/\/www.sailgreeceyachts.com\/de\/wp-json\/wp\/v2\/users\/2"}],"replies":[{"embeddable":true,"href":"https:\/\/www.sailgreeceyachts.com\/de\/wp-json\/wp\/v2\/comments?post=646"}],"version-history":[{"count":0,"href":"https:\/\/www.sailgreeceyachts.com\/de\/wp-json\/wp\/v2\/pages\/646\/revisions"}],"wp:attachment":[{"href":"https:\/\/www.sailgreeceyachts.com\/de\/wp-json\/wp\/v2\/media?parent=646"}],"curies":[{"name":"wp","href":"https:\/\/api.w.org\/{rel}","templated":true}]}}