{"id":632,"date":"2015-12-16T08:49:31","date_gmt":"2015-12-16T08:49:31","guid":{"rendered":"http:\/\/www.kollective.gr\/sailgreeceyachts-dev\/de\/?page_id=632"},"modified":"2016-04-05T20:05:52","modified_gmt":"2016-04-05T20:05:52","slug":"torns-griechischen-inseln","status":"publish","type":"page","link":"https:\/\/www.sailgreeceyachts.com\/de\/torns-griechischen-inseln.html","title":{"rendered":"T\u00f6rns durch die Griechischen Inseln"},"content":{"rendered":"<p><strong>Die 13,676 km K\u00fcstenline Griechenlands mit dem Segelboot zu erkunden ist eine der sch\u00f6nen Dinge im Leben (sagen wir), hier k\u00f6nnen Sie den Strand Ihrer Tr\u00e4ume finden<\/strong>! Lange, wei\u00dfe Sandstr\u00e4nde mit t\u00fcrkisblauem Wasser, kleine schmale Str\u00e4nde umgeben von Felsen oder Pinienw\u00e4ldern oder Str\u00e4nde mit dem blauen Wasser des Mittelmeeres. Die griechischen Inseln mit ihrer Vielfalt sind das ultimative Segelrevier.<\/p>\n<p>Wir haben einige Routen f\u00fcr Ihren Segelurlaub , die eine Auswahl griechischer Inseln in den Kykladen und im Saronischen Golf umfassen, zusammengestellt. Diese Ziele sind einfach und schnell von unserer Basis in Athen zu erreichen. Jede Route beinhaltet einen kurzen \u00dcberblick \u00fcber die Insel, ihre Highlights, den Hafen , Entfernung und andere Informationen.<\/p>\n<h2>Routen in den griechischen Inseln<\/h2>\n<h3 style=\"font-size: 1.5em; margin-bottom: 5px;\"><a href=\"inseln-im-saronischen-golf.html\">Route &#8211; Saronischer Golf<\/a><\/h3>\n<p>Ein T\u00f6rn zu den einfach erreichbaren Inseln des Saronischen Golf, nach \u00c4gina, Poros, Hydra, Spetses, und zum Amphitheater von Epidavros. Eine Woche segeln im Saronischen Golf, ideal f\u00fcr Einsteiger, auch bei Fortgeschrittenen beliebt.<\/p>\n<h3 style=\"font-size: 1.5em; margin-bottom: 5px;\"><a href=\"saronischen-golf-ost-peleponnese.html\">Route &#8211; Saronischer Golf &#038; Ost Peloponnese<\/a><\/h3>\n<p>Ein zwei Wochen Charter f\u00fchrt Sie in den Argolischen Golf. besichtigen Sie die Historischen St\u00e4tte Monemvasia und Navplion. Es ist viel weniger Betrieb als im Saronischen Golf und unser bevorzugtes Gebiet zum Entspannen.<\/p>\n<h3 style=\"font-size: 1.5em; margin-bottom: 5px;\"><a href=\"die-kykladen.html\">Route &#8211; N\u00f6rdliche Kykladen<\/a><\/h3>\n<p>Die Kykladen sind die klassischen griechischen Inseln, viel Sonne, sauberes Wasser und wundersch\u00f6ne Str\u00e4nde. Viele Inseln sind so nah zusammen das sie nach Herzenslust Islandhopping machen k\u00f6nnen. Unsere Route bringt Sie zu den Inseln Kea, Syros, Paros, Serifos, Kythnos und mit einem Stopp am Poseidon Tempel von Sounion zur\u00fcck nach Athen.<\/p>\n<h3 style=\"font-size: 1.5em; margin-bottom: 5px;\"><a href=\"route-die-kykladen-i.html\">Route &#8211; Kykladen I<\/a><\/h3>\n<p>Mehr Zeit die Kykladen zu erkunden ? F\u00fcgen Sie zur oberen Route Mykonos, Naxos, Schinoussa, Ios, Folegandros, Milos und Sifnos hinzu. Gro\u00dfes Segeln!<\/p>\n<h3 style=\"font-size: 1.5em; margin-bottom: 5px;\"><a href=\"route-die-kykladen-ii.html\">Route &#8211; Kykladen II<\/a><\/h3>\n<p>Eine Modifikation der letzten Route. Auf nach Amorgos, bekannt geworden durch den Film &#8222;Im Rausch der Tiefe&#8220;. Die Kykladen Inseln sind ein ideales Ziel um Ihren T\u00f6rn einmalig zu machen.<\/p>\n","protected":false},"excerpt":{"rendered":"<p>Die 13,676 km K\u00fcstenline Griechenlands mit dem Segelboot zu erkunden ist eine der sch\u00f6nen Dinge im Leben (sagen wir), hier k\u00f6nnen Sie den Strand Ihrer Tr\u00e4ume finden! Lange, wei\u00dfe Sandstr\u00e4nde mit t\u00fcrkisblauem Wasser, kleine schmale Str\u00e4nde umgeben von Felsen oder Pinienw\u00e4ldern oder Str\u00e4nde mit dem blauen Wasser des Mittelmeeres. Die griechischen Inseln mit ihrer Vielfalt &hellip; <a href=\"https:\/\/www.sailgreeceyachts.com\/de\/torns-griechischen-inseln.html\">Continued<\/a><\/p>\n","protected":false},"author":2,"featured_media":0,"parent":0,"menu_order":0,"comment_status":"closed","ping_status":"closed","template":"","meta":{"_acf_changed":false,"footnotes":""},"class_list":["post-632","page","type-page","status-publish","hentry"],"acf":[],"yoast_head":"<!-- This site is optimized with the Yoast SEO plugin v27.1.1 - https:\/\/yoast.com\/product\/yoast-seo-wordpress\/ -->\n<title>T\u00f6rns durch die Griechischen Inseln | Sail Greece Yachts<\/title>\n<meta name=\"robots\" content=\"index, follow, max-snippet:-1, max-image-preview:large, max-video-preview:-1\" \/>\n<link rel=\"canonical\" href=\"https:\/\/www.sailgreeceyachts.com\/de\/torns-griechischen-inseln.html\" \/>\n<meta property=\"og:locale\" content=\"de_DE\" \/>\n<meta property=\"og:type\" content=\"article\" \/>\n<meta property=\"og:title\" content=\"T\u00f6rns durch die Griechischen Inseln | Sail Greece Yachts\" \/>\n<meta property=\"og:description\" content=\"Die 13,676 km K\u00fcstenline Griechenlands mit dem Segelboot zu erkunden ist eine der sch\u00f6nen Dinge im Leben (sagen wir), hier k\u00f6nnen Sie den Strand Ihrer Tr\u00e4ume finden! Lange, wei\u00dfe Sandstr\u00e4nde mit t\u00fcrkisblauem Wasser, kleine schmale Str\u00e4nde umgeben von Felsen oder Pinienw\u00e4ldern oder Str\u00e4nde mit dem blauen Wasser des Mittelmeeres. Die griechischen Inseln mit ihrer Vielfalt &hellip; Continued\" \/>\n<meta property=\"og:url\" content=\"https:\/\/www.sailgreeceyachts.com\/de\/torns-griechischen-inseln.html\" \/>\n<meta property=\"og:site_name\" content=\"Sail Greece Yacht Charters\" \/>\n<meta property=\"article:publisher\" content=\"https:\/\/www.facebook.com\/Sail.Greece.Yacht.Charters\/\" \/>\n<meta property=\"article:modified_time\" content=\"2016-04-05T20:05:52+00:00\" \/>\n<meta property=\"og:image\" content=\"http:\/\/www.sailgreece.gr\/assets\/facebook-300-300.png\" \/>\n<script type=\"application\/ld+json\" class=\"yoast-schema-graph\">{\"@context\":\"https:\/\/schema.org\",\"@graph\":[{\"@type\":\"WebPage\",\"@id\":\"https:\/\/www.sailgreeceyachts.com\/de\/torns-griechischen-inseln.html\",\"url\":\"https:\/\/www.sailgreeceyachts.com\/de\/torns-griechischen-inseln.html\",\"name\":\"T\u00f6rns durch die Griechischen Inseln | Sail Greece Yachts\",\"isPartOf\":{\"@id\":\"https:\/\/www.sailgreeceyachts.com\/de#website\"},\"datePublished\":\"2015-12-16T08:49:31+00:00\",\"dateModified\":\"2016-04-05T20:05:52+00:00\",\"breadcrumb\":{\"@id\":\"https:\/\/www.sailgreeceyachts.com\/de\/torns-griechischen-inseln.html#breadcrumb\"},\"inLanguage\":\"de\",\"potentialAction\":[{\"@type\":\"ReadAction\",\"target\":[\"https:\/\/www.sailgreeceyachts.com\/de\/torns-griechischen-inseln.html\"]}]},{\"@type\":\"BreadcrumbList\",\"@id\":\"https:\/\/www.sailgreeceyachts.com\/de\/torns-griechischen-inseln.html#breadcrumb\",\"itemListElement\":[{\"@type\":\"ListItem\",\"position\":1,\"name\":\"Home\",\"item\":\"https:\/\/www.sailgreeceyachts.com\/de\"},{\"@type\":\"ListItem\",\"position\":2,\"name\":\"T\u00f6rns durch die Griechischen Inseln\"}]},{\"@type\":\"WebSite\",\"@id\":\"https:\/\/www.sailgreeceyachts.com\/de#website\",\"url\":\"https:\/\/www.sailgreeceyachts.com\/de\",\"name\":\"Sail Greece Yacht Charters\",\"description\":\"\",\"potentialAction\":[{\"@type\":\"SearchAction\",\"target\":{\"@type\":\"EntryPoint\",\"urlTemplate\":\"https:\/\/www.sailgreeceyachts.com\/de?s={search_term_string}\"},\"query-input\":{\"@type\":\"PropertyValueSpecification\",\"valueRequired\":true,\"valueName\":\"search_term_string\"}}],\"inLanguage\":\"de\"}]}<\/script>\n<!-- \/ Yoast SEO plugin. -->","yoast_head_json":{"title":"T\u00f6rns durch die Griechischen Inseln | Sail Greece Yachts","robots":{"index":"index","follow":"follow","max-snippet":"max-snippet:-1","max-image-preview":"max-image-preview:large","max-video-preview":"max-video-preview:-1"},"canonical":"https:\/\/www.sailgreeceyachts.com\/de\/torns-griechischen-inseln.html","og_locale":"de_DE","og_type":"article","og_title":"T\u00f6rns durch die Griechischen Inseln | Sail Greece Yachts","og_description":"Die 13,676 km K\u00fcstenline Griechenlands mit dem Segelboot zu erkunden ist eine der sch\u00f6nen Dinge im Leben (sagen wir), hier k\u00f6nnen Sie den Strand Ihrer Tr\u00e4ume finden! Lange, wei\u00dfe Sandstr\u00e4nde mit t\u00fcrkisblauem Wasser, kleine schmale Str\u00e4nde umgeben von Felsen oder Pinienw\u00e4ldern oder Str\u00e4nde mit dem blauen Wasser des Mittelmeeres. Die griechischen Inseln mit ihrer Vielfalt &hellip; Continued","og_url":"https:\/\/www.sailgreeceyachts.com\/de\/torns-griechischen-inseln.html","og_site_name":"Sail Greece Yacht Charters","article_publisher":"https:\/\/www.facebook.com\/Sail.Greece.Yacht.Charters\/","article_modified_time":"2016-04-05T20:05:52+00:00","og_image":[{"url":"http:\/\/www.sailgreece.gr\/assets\/facebook-300-300.png","type":"","width":"","height":""}],"schema":{"@context":"https:\/\/schema.org","@graph":[{"@type":"WebPage","@id":"https:\/\/www.sailgreeceyachts.com\/de\/torns-griechischen-inseln.html","url":"https:\/\/www.sailgreeceyachts.com\/de\/torns-griechischen-inseln.html","name":"T\u00f6rns durch die Griechischen Inseln | Sail Greece Yachts","isPartOf":{"@id":"https:\/\/www.sailgreeceyachts.com\/de#website"},"datePublished":"2015-12-16T08:49:31+00:00","dateModified":"2016-04-05T20:05:52+00:00","breadcrumb":{"@id":"https:\/\/www.sailgreeceyachts.com\/de\/torns-griechischen-inseln.html#breadcrumb"},"inLanguage":"de","potentialAction":[{"@type":"ReadAction","target":["https:\/\/www.sailgreeceyachts.com\/de\/torns-griechischen-inseln.html"]}]},{"@type":"BreadcrumbList","@id":"https:\/\/www.sailgreeceyachts.com\/de\/torns-griechischen-inseln.html#breadcrumb","itemListElement":[{"@type":"ListItem","position":1,"name":"Home","item":"https:\/\/www.sailgreeceyachts.com\/de"},{"@type":"ListItem","position":2,"name":"T\u00f6rns durch die Griechischen Inseln"}]},{"@type":"WebSite","@id":"https:\/\/www.sailgreeceyachts.com\/de#website","url":"https:\/\/www.sailgreeceyachts.com\/de","name":"Sail Greece Yacht Charters","description":"","potentialAction":[{"@type":"SearchAction","target":{"@type":"EntryPoint","urlTemplate":"https:\/\/www.sailgreeceyachts.com\/de?s={search_term_string}"},"query-input":{"@type":"PropertyValueSpecification","valueRequired":true,"valueName":"search_term_string"}}],"inLanguage":"de"}]}},"_links":{"self":[{"href":"https:\/\/www.sailgreeceyachts.com\/de\/wp-json\/wp\/v2\/pages\/632","targetHints":{"allow":["GET"]}}],"collection":[{"href":"https:\/\/www.sailgreeceyachts.com\/de\/wp-json\/wp\/v2\/pages"}],"about":[{"href":"https:\/\/www.sailgreeceyachts.com\/de\/wp-json\/wp\/v2\/types\/page"}],"author":[{"embeddable":true,"href":"https:\/\/www.sailgreeceyachts.com\/de\/wp-json\/wp\/v2\/users\/2"}],"replies":[{"embeddable":true,"href":"https:\/\/www.sailgreeceyachts.com\/de\/wp-json\/wp\/v2\/comments?post=632"}],"version-history":[{"count":0,"href":"https:\/\/www.sailgreeceyachts.com\/de\/wp-json\/wp\/v2\/pages\/632\/revisions"}],"wp:attachment":[{"href":"https:\/\/www.sailgreeceyachts.com\/de\/wp-json\/wp\/v2\/media?parent=632"}],"curies":[{"name":"wp","href":"https:\/\/api.w.org\/{rel}","templated":true}]}}