{"id":631,"date":"2016-04-03T14:55:00","date_gmt":"2016-04-03T14:55:00","guid":{"rendered":"http:\/\/www.kollective.gr\/sailgreeceyachts-dev\/de\/?page_id=631"},"modified":"2016-04-03T18:44:49","modified_gmt":"2016-04-03T18:44:49","slug":"yachtcharter-griechischen-inseln","status":"publish","type":"page","link":"https:\/\/www.sailgreeceyachts.com\/de\/yachtcharter-griechischen-inseln.html","title":{"rendered":"YachtCharter in den griechischen Inseln"},"content":{"rendered":"<p>Wir glauben das Griechenland das perfekte Segelgebiet ist. Die blaue See, fantastische Str\u00e4nde, Kultur und historische St\u00e4tten, alles in Reichweite unserer Basis in Athen. Was wollen Sie mehr? Es gibt etwas f\u00fcr jeden Geschmack. Inseln mit einsamen Str\u00e4nden oder mit Entertainment und Nachtleben. Viele Inseln mit historischen St\u00e4tten, der \u00e4ltesten Zivilisation in Europa. F\u00fcr viele ist es aber die verlockende See, der Sand und die fast das ganze Jahr scheinende Sonne, die einen Segelt\u00f6rn in Griechenland unvergesslich machen.<\/p>\n<p>Kontaktieren Sie uns, falls Sie Hilfe bei der Planung Ihres Segelurlaubes ben\u00f6tigen. Wir sind uns sicher das sie Ihr Segelabenteuer duch die griechischen Inseln nicht vergessen werden, und wir hoffen, das viele von Ihnen zur\u00fcckkommen werden.<\/p>\n<p>Sie wissen nicht wo Sie hinfahren sollen? F\u00fcr etwas Inspiration schauen Sie auf der Seite: <a href=\"torns-griechischen-inseln.html\">T\u00d6RNS DURCH DIE GRIECHISCHEN INSELN<\/a> Hier sind Vorschl\u00e4ge f\u00fcr 1 und 2 Wochen T\u00f6rns. Wir hoffen Sie bald in Griechenland begr\u00fc\u00dfen zu d\u00fcrfen.<\/p>\n","protected":false},"excerpt":{"rendered":"<p>Wir glauben das Griechenland das perfekte Segelgebiet ist. Die blaue See, fantastische Str\u00e4nde, Kultur und historische St\u00e4tten, alles in Reichweite unserer Basis in Athen. Was wollen Sie mehr? Es gibt etwas f\u00fcr jeden Geschmack. Inseln mit einsamen Str\u00e4nden oder mit Entertainment und Nachtleben. Viele Inseln mit historischen St\u00e4tten, der \u00e4ltesten Zivilisation in Europa. F\u00fcr viele &hellip; <a href=\"https:\/\/www.sailgreeceyachts.com\/de\/yachtcharter-griechischen-inseln.html\">Continued<\/a><\/p>\n","protected":false},"author":2,"featured_media":0,"parent":0,"menu_order":0,"comment_status":"closed","ping_status":"closed","template":"","meta":{"_acf_changed":false,"footnotes":""},"class_list":["post-631","page","type-page","status-publish","hentry"],"acf":[],"yoast_head":"<!-- This site is optimized with the Yoast SEO plugin v27.1.1 - https:\/\/yoast.com\/product\/yoast-seo-wordpress\/ -->\n<title>YachtCharter in den griechischen Inseln | Sail Greece Yachts<\/title>\n<meta name=\"robots\" content=\"index, follow, max-snippet:-1, max-image-preview:large, max-video-preview:-1\" \/>\n<link rel=\"canonical\" href=\"https:\/\/www.sailgreeceyachts.com\/de\/yachtcharter-griechischen-inseln.html\" \/>\n<meta property=\"og:locale\" content=\"de_DE\" \/>\n<meta property=\"og:type\" content=\"article\" \/>\n<meta property=\"og:title\" content=\"YachtCharter in den griechischen Inseln | Sail Greece Yachts\" \/>\n<meta property=\"og:description\" content=\"Wir glauben das Griechenland das perfekte Segelgebiet ist. Die blaue See, fantastische Str\u00e4nde, Kultur und historische St\u00e4tten, alles in Reichweite unserer Basis in Athen. Was wollen Sie mehr? Es gibt etwas f\u00fcr jeden Geschmack. Inseln mit einsamen Str\u00e4nden oder mit Entertainment und Nachtleben. Viele Inseln mit historischen St\u00e4tten, der \u00e4ltesten Zivilisation in Europa. F\u00fcr viele &hellip; Continued\" \/>\n<meta property=\"og:url\" content=\"https:\/\/www.sailgreeceyachts.com\/de\/yachtcharter-griechischen-inseln.html\" \/>\n<meta property=\"og:site_name\" content=\"Sail Greece Yacht Charters\" \/>\n<meta property=\"article:publisher\" content=\"https:\/\/www.facebook.com\/Sail.Greece.Yacht.Charters\/\" \/>\n<meta property=\"article:modified_time\" content=\"2016-04-03T18:44:49+00:00\" \/>\n<meta property=\"og:image\" content=\"http:\/\/www.sailgreece.gr\/assets\/facebook-300-300.png\" \/>\n<script type=\"application\/ld+json\" class=\"yoast-schema-graph\">{\"@context\":\"https:\/\/schema.org\",\"@graph\":[{\"@type\":\"WebPage\",\"@id\":\"https:\/\/www.sailgreeceyachts.com\/de\/yachtcharter-griechischen-inseln.html\",\"url\":\"https:\/\/www.sailgreeceyachts.com\/de\/yachtcharter-griechischen-inseln.html\",\"name\":\"YachtCharter in den griechischen Inseln | Sail Greece Yachts\",\"isPartOf\":{\"@id\":\"https:\/\/www.sailgreeceyachts.com\/de#website\"},\"datePublished\":\"2016-04-03T14:55:00+00:00\",\"dateModified\":\"2016-04-03T18:44:49+00:00\",\"breadcrumb\":{\"@id\":\"https:\/\/www.sailgreeceyachts.com\/de\/yachtcharter-griechischen-inseln.html#breadcrumb\"},\"inLanguage\":\"de\",\"potentialAction\":[{\"@type\":\"ReadAction\",\"target\":[\"https:\/\/www.sailgreeceyachts.com\/de\/yachtcharter-griechischen-inseln.html\"]}]},{\"@type\":\"BreadcrumbList\",\"@id\":\"https:\/\/www.sailgreeceyachts.com\/de\/yachtcharter-griechischen-inseln.html#breadcrumb\",\"itemListElement\":[{\"@type\":\"ListItem\",\"position\":1,\"name\":\"Home\",\"item\":\"https:\/\/www.sailgreeceyachts.com\/de\"},{\"@type\":\"ListItem\",\"position\":2,\"name\":\"YachtCharter in den griechischen Inseln\"}]},{\"@type\":\"WebSite\",\"@id\":\"https:\/\/www.sailgreeceyachts.com\/de#website\",\"url\":\"https:\/\/www.sailgreeceyachts.com\/de\",\"name\":\"Sail Greece Yacht Charters\",\"description\":\"\",\"potentialAction\":[{\"@type\":\"SearchAction\",\"target\":{\"@type\":\"EntryPoint\",\"urlTemplate\":\"https:\/\/www.sailgreeceyachts.com\/de?s={search_term_string}\"},\"query-input\":{\"@type\":\"PropertyValueSpecification\",\"valueRequired\":true,\"valueName\":\"search_term_string\"}}],\"inLanguage\":\"de\"}]}<\/script>\n<!-- \/ Yoast SEO plugin. -->","yoast_head_json":{"title":"YachtCharter in den griechischen Inseln | Sail Greece Yachts","robots":{"index":"index","follow":"follow","max-snippet":"max-snippet:-1","max-image-preview":"max-image-preview:large","max-video-preview":"max-video-preview:-1"},"canonical":"https:\/\/www.sailgreeceyachts.com\/de\/yachtcharter-griechischen-inseln.html","og_locale":"de_DE","og_type":"article","og_title":"YachtCharter in den griechischen Inseln | Sail Greece Yachts","og_description":"Wir glauben das Griechenland das perfekte Segelgebiet ist. Die blaue See, fantastische Str\u00e4nde, Kultur und historische St\u00e4tten, alles in Reichweite unserer Basis in Athen. Was wollen Sie mehr? Es gibt etwas f\u00fcr jeden Geschmack. Inseln mit einsamen Str\u00e4nden oder mit Entertainment und Nachtleben. Viele Inseln mit historischen St\u00e4tten, der \u00e4ltesten Zivilisation in Europa. F\u00fcr viele &hellip; Continued","og_url":"https:\/\/www.sailgreeceyachts.com\/de\/yachtcharter-griechischen-inseln.html","og_site_name":"Sail Greece Yacht Charters","article_publisher":"https:\/\/www.facebook.com\/Sail.Greece.Yacht.Charters\/","article_modified_time":"2016-04-03T18:44:49+00:00","og_image":[{"url":"http:\/\/www.sailgreece.gr\/assets\/facebook-300-300.png","type":"","width":"","height":""}],"schema":{"@context":"https:\/\/schema.org","@graph":[{"@type":"WebPage","@id":"https:\/\/www.sailgreeceyachts.com\/de\/yachtcharter-griechischen-inseln.html","url":"https:\/\/www.sailgreeceyachts.com\/de\/yachtcharter-griechischen-inseln.html","name":"YachtCharter in den griechischen Inseln | Sail Greece Yachts","isPartOf":{"@id":"https:\/\/www.sailgreeceyachts.com\/de#website"},"datePublished":"2016-04-03T14:55:00+00:00","dateModified":"2016-04-03T18:44:49+00:00","breadcrumb":{"@id":"https:\/\/www.sailgreeceyachts.com\/de\/yachtcharter-griechischen-inseln.html#breadcrumb"},"inLanguage":"de","potentialAction":[{"@type":"ReadAction","target":["https:\/\/www.sailgreeceyachts.com\/de\/yachtcharter-griechischen-inseln.html"]}]},{"@type":"BreadcrumbList","@id":"https:\/\/www.sailgreeceyachts.com\/de\/yachtcharter-griechischen-inseln.html#breadcrumb","itemListElement":[{"@type":"ListItem","position":1,"name":"Home","item":"https:\/\/www.sailgreeceyachts.com\/de"},{"@type":"ListItem","position":2,"name":"YachtCharter in den griechischen Inseln"}]},{"@type":"WebSite","@id":"https:\/\/www.sailgreeceyachts.com\/de#website","url":"https:\/\/www.sailgreeceyachts.com\/de","name":"Sail Greece Yacht Charters","description":"","potentialAction":[{"@type":"SearchAction","target":{"@type":"EntryPoint","urlTemplate":"https:\/\/www.sailgreeceyachts.com\/de?s={search_term_string}"},"query-input":{"@type":"PropertyValueSpecification","valueRequired":true,"valueName":"search_term_string"}}],"inLanguage":"de"}]}},"_links":{"self":[{"href":"https:\/\/www.sailgreeceyachts.com\/de\/wp-json\/wp\/v2\/pages\/631","targetHints":{"allow":["GET"]}}],"collection":[{"href":"https:\/\/www.sailgreeceyachts.com\/de\/wp-json\/wp\/v2\/pages"}],"about":[{"href":"https:\/\/www.sailgreeceyachts.com\/de\/wp-json\/wp\/v2\/types\/page"}],"author":[{"embeddable":true,"href":"https:\/\/www.sailgreeceyachts.com\/de\/wp-json\/wp\/v2\/users\/2"}],"replies":[{"embeddable":true,"href":"https:\/\/www.sailgreeceyachts.com\/de\/wp-json\/wp\/v2\/comments?post=631"}],"version-history":[{"count":0,"href":"https:\/\/www.sailgreeceyachts.com\/de\/wp-json\/wp\/v2\/pages\/631\/revisions"}],"wp:attachment":[{"href":"https:\/\/www.sailgreeceyachts.com\/de\/wp-json\/wp\/v2\/media?parent=631"}],"curies":[{"name":"wp","href":"https:\/\/api.w.org\/{rel}","templated":true}]}}