{"id":622,"date":"2015-12-17T13:26:46","date_gmt":"2015-12-17T13:26:46","guid":{"rendered":"http:\/\/www.kollective.gr\/sailgreeceyachts-dev\/de\/?page_id=622"},"modified":"2016-04-03T13:54:06","modified_gmt":"2016-04-03T13:54:06","slug":"charteryachten","status":"publish","type":"page","link":"https:\/\/www.sailgreeceyachts.com\/de\/charteryachten.html","title":{"rendered":"Unsere Charteryachten"},"content":{"rendered":"<p>Unsere Flotte besteht aus 12 Segelyachten angefangen mit &#8222;Mickey&#8220; einer Oceanis 351 bis zu &#8222;Anna &#038; Anna II&#8220; unseren Cyclades 50.5. Kleine Gruppen, gr\u00f6\u00dfere Gruppen, Familien, kein Problem, wir haben f\u00fcr alle Gruppen und Budget das richtige Boot. Alle unsere Yachten geh\u00f6ren uns und werden in perfektem Zustand gehalten. Daf\u00fcr zust\u00e4ndig ist unser Vassilis, Maschinenbauingenieur und Allroundtechniker.<\/p>\n<p>Unterhalb sehen Sie eine Liste unserer Boote inklusive technischer Information, Schemas, Inventarlisten und einigen Fotos. F\u00fcr eine Anfrage \u00fcber ein bestimmtes Boot klicken Sie den &#8222;Chartern Sie dieses Boot&#8220; Knopf auf der Seite des jeweiligen Bootes. F\u00fcr andere Informationen nutzen Sie bitte die E-Mail Anfrage, wir werden so schnell wie m\u00f6glich antworten.<\/p>\n<p><strong>Unsere Flotte besteht aus folgenden Segelyachten<\/strong><\/p>\n","protected":false},"excerpt":{"rendered":"<p>Unsere Flotte besteht aus 12 Segelyachten angefangen mit &#8222;Mickey&#8220; einer Oceanis 351 bis zu &#8222;Anna &#038; Anna II&#8220; unseren Cyclades 50.5. Kleine Gruppen, gr\u00f6\u00dfere Gruppen, Familien, kein Problem, wir haben f\u00fcr alle Gruppen und Budget das richtige Boot. Alle unsere Yachten geh\u00f6ren uns und werden in perfektem Zustand gehalten. Daf\u00fcr zust\u00e4ndig ist unser Vassilis, Maschinenbauingenieur &hellip; <a href=\"https:\/\/www.sailgreeceyachts.com\/de\/charteryachten.html\">Continued<\/a><\/p>\n","protected":false},"author":2,"featured_media":0,"parent":0,"menu_order":0,"comment_status":"closed","ping_status":"closed","template":"template-sailboats.php","meta":{"_acf_changed":false,"footnotes":""},"class_list":["post-622","page","type-page","status-publish","hentry"],"acf":[],"yoast_head":"<!-- This site is optimized with the Yoast SEO plugin v27.1.1 - https:\/\/yoast.com\/product\/yoast-seo-wordpress\/ -->\n<title>Unsere Charteryachten - Sail Greece Yacht Charters<\/title>\n<meta name=\"robots\" content=\"index, follow, max-snippet:-1, max-image-preview:large, max-video-preview:-1\" \/>\n<link rel=\"canonical\" href=\"https:\/\/www.sailgreeceyachts.com\/de\/charteryachten.html\" \/>\n<meta property=\"og:locale\" content=\"de_DE\" \/>\n<meta property=\"og:type\" content=\"article\" \/>\n<meta property=\"og:title\" content=\"Unsere Charteryachten - Sail Greece Yacht Charters\" \/>\n<meta property=\"og:description\" content=\"Unsere Flotte besteht aus 12 Segelyachten angefangen mit &#8222;Mickey&#8220; einer Oceanis 351 bis zu &#8222;Anna &#038; Anna II&#8220; unseren Cyclades 50.5. Kleine Gruppen, gr\u00f6\u00dfere Gruppen, Familien, kein Problem, wir haben f\u00fcr alle Gruppen und Budget das richtige Boot. Alle unsere Yachten geh\u00f6ren uns und werden in perfektem Zustand gehalten. Daf\u00fcr zust\u00e4ndig ist unser Vassilis, Maschinenbauingenieur &hellip; Continued\" \/>\n<meta property=\"og:url\" content=\"https:\/\/www.sailgreeceyachts.com\/de\/charteryachten.html\" \/>\n<meta property=\"og:site_name\" content=\"Sail Greece Yacht Charters\" \/>\n<meta property=\"article:publisher\" content=\"https:\/\/www.facebook.com\/Sail.Greece.Yacht.Charters\/\" \/>\n<meta property=\"article:modified_time\" content=\"2016-04-03T13:54:06+00:00\" \/>\n<meta property=\"og:image\" content=\"http:\/\/www.sailgreece.gr\/assets\/facebook-300-300.png\" \/>\n<script type=\"application\/ld+json\" class=\"yoast-schema-graph\">{\"@context\":\"https:\/\/schema.org\",\"@graph\":[{\"@type\":\"WebPage\",\"@id\":\"https:\/\/www.sailgreeceyachts.com\/de\/charteryachten.html\",\"url\":\"https:\/\/www.sailgreeceyachts.com\/de\/charteryachten.html\",\"name\":\"Unsere Charteryachten - Sail Greece Yacht Charters\",\"isPartOf\":{\"@id\":\"https:\/\/www.sailgreeceyachts.com\/de#website\"},\"datePublished\":\"2015-12-17T13:26:46+00:00\",\"dateModified\":\"2016-04-03T13:54:06+00:00\",\"breadcrumb\":{\"@id\":\"https:\/\/www.sailgreeceyachts.com\/de\/charteryachten.html#breadcrumb\"},\"inLanguage\":\"de\",\"potentialAction\":[{\"@type\":\"ReadAction\",\"target\":[\"https:\/\/www.sailgreeceyachts.com\/de\/charteryachten.html\"]}]},{\"@type\":\"BreadcrumbList\",\"@id\":\"https:\/\/www.sailgreeceyachts.com\/de\/charteryachten.html#breadcrumb\",\"itemListElement\":[{\"@type\":\"ListItem\",\"position\":1,\"name\":\"Home\",\"item\":\"https:\/\/www.sailgreeceyachts.com\/de\"},{\"@type\":\"ListItem\",\"position\":2,\"name\":\"Unsere Charteryachten\"}]},{\"@type\":\"WebSite\",\"@id\":\"https:\/\/www.sailgreeceyachts.com\/de#website\",\"url\":\"https:\/\/www.sailgreeceyachts.com\/de\",\"name\":\"Sail Greece Yacht Charters\",\"description\":\"\",\"potentialAction\":[{\"@type\":\"SearchAction\",\"target\":{\"@type\":\"EntryPoint\",\"urlTemplate\":\"https:\/\/www.sailgreeceyachts.com\/de?s={search_term_string}\"},\"query-input\":{\"@type\":\"PropertyValueSpecification\",\"valueRequired\":true,\"valueName\":\"search_term_string\"}}],\"inLanguage\":\"de\"}]}<\/script>\n<!-- \/ Yoast SEO plugin. -->","yoast_head_json":{"title":"Unsere Charteryachten - Sail Greece Yacht Charters","robots":{"index":"index","follow":"follow","max-snippet":"max-snippet:-1","max-image-preview":"max-image-preview:large","max-video-preview":"max-video-preview:-1"},"canonical":"https:\/\/www.sailgreeceyachts.com\/de\/charteryachten.html","og_locale":"de_DE","og_type":"article","og_title":"Unsere Charteryachten - Sail Greece Yacht Charters","og_description":"Unsere Flotte besteht aus 12 Segelyachten angefangen mit &#8222;Mickey&#8220; einer Oceanis 351 bis zu &#8222;Anna &#038; Anna II&#8220; unseren Cyclades 50.5. Kleine Gruppen, gr\u00f6\u00dfere Gruppen, Familien, kein Problem, wir haben f\u00fcr alle Gruppen und Budget das richtige Boot. Alle unsere Yachten geh\u00f6ren uns und werden in perfektem Zustand gehalten. Daf\u00fcr zust\u00e4ndig ist unser Vassilis, Maschinenbauingenieur &hellip; Continued","og_url":"https:\/\/www.sailgreeceyachts.com\/de\/charteryachten.html","og_site_name":"Sail Greece Yacht Charters","article_publisher":"https:\/\/www.facebook.com\/Sail.Greece.Yacht.Charters\/","article_modified_time":"2016-04-03T13:54:06+00:00","og_image":[{"url":"http:\/\/www.sailgreece.gr\/assets\/facebook-300-300.png","type":"","width":"","height":""}],"schema":{"@context":"https:\/\/schema.org","@graph":[{"@type":"WebPage","@id":"https:\/\/www.sailgreeceyachts.com\/de\/charteryachten.html","url":"https:\/\/www.sailgreeceyachts.com\/de\/charteryachten.html","name":"Unsere Charteryachten - Sail Greece Yacht Charters","isPartOf":{"@id":"https:\/\/www.sailgreeceyachts.com\/de#website"},"datePublished":"2015-12-17T13:26:46+00:00","dateModified":"2016-04-03T13:54:06+00:00","breadcrumb":{"@id":"https:\/\/www.sailgreeceyachts.com\/de\/charteryachten.html#breadcrumb"},"inLanguage":"de","potentialAction":[{"@type":"ReadAction","target":["https:\/\/www.sailgreeceyachts.com\/de\/charteryachten.html"]}]},{"@type":"BreadcrumbList","@id":"https:\/\/www.sailgreeceyachts.com\/de\/charteryachten.html#breadcrumb","itemListElement":[{"@type":"ListItem","position":1,"name":"Home","item":"https:\/\/www.sailgreeceyachts.com\/de"},{"@type":"ListItem","position":2,"name":"Unsere Charteryachten"}]},{"@type":"WebSite","@id":"https:\/\/www.sailgreeceyachts.com\/de#website","url":"https:\/\/www.sailgreeceyachts.com\/de","name":"Sail Greece Yacht Charters","description":"","potentialAction":[{"@type":"SearchAction","target":{"@type":"EntryPoint","urlTemplate":"https:\/\/www.sailgreeceyachts.com\/de?s={search_term_string}"},"query-input":{"@type":"PropertyValueSpecification","valueRequired":true,"valueName":"search_term_string"}}],"inLanguage":"de"}]}},"_links":{"self":[{"href":"https:\/\/www.sailgreeceyachts.com\/de\/wp-json\/wp\/v2\/pages\/622","targetHints":{"allow":["GET"]}}],"collection":[{"href":"https:\/\/www.sailgreeceyachts.com\/de\/wp-json\/wp\/v2\/pages"}],"about":[{"href":"https:\/\/www.sailgreeceyachts.com\/de\/wp-json\/wp\/v2\/types\/page"}],"author":[{"embeddable":true,"href":"https:\/\/www.sailgreeceyachts.com\/de\/wp-json\/wp\/v2\/users\/2"}],"replies":[{"embeddable":true,"href":"https:\/\/www.sailgreeceyachts.com\/de\/wp-json\/wp\/v2\/comments?post=622"}],"version-history":[{"count":0,"href":"https:\/\/www.sailgreeceyachts.com\/de\/wp-json\/wp\/v2\/pages\/622\/revisions"}],"wp:attachment":[{"href":"https:\/\/www.sailgreeceyachts.com\/de\/wp-json\/wp\/v2\/media?parent=622"}],"curies":[{"name":"wp","href":"https:\/\/api.w.org\/{rel}","templated":true}]}}