{"id":614,"date":"2015-12-16T08:47:14","date_gmt":"2015-12-16T08:47:14","guid":{"rendered":"http:\/\/www.kollective.gr\/sailgreeceyachts-dev\/de\/?page_id=614"},"modified":"2016-04-03T13:51:08","modified_gmt":"2016-04-03T13:51:08","slug":"yacht-charter-alimos-athen","status":"publish","type":"page","link":"https:\/\/www.sailgreeceyachts.com\/de\/yacht-charter-alimos-athen.html","title":{"rendered":"Sail Greece Yachts in Alimos Marina, Athen"},"content":{"rendered":"<p><strong>Unsere Basis befindet sich in Alimos Marina, Athen, Griechenland.<br \/>\nUnsere Segelboote befinden sich an Pier Nr.6, Liegeplatz 610 &#8211; 616.<\/strong><\/p>\n<div class=\"google-maps\">\n<iframe loading=\"lazy\" width=\"475\" height=\"450\" frameborder=\"0\" scrolling=\"no\" marginheight=\"0\" marginwidth=\"0\" src=\"http:\/\/maps.google.com\/maps?f=q&amp;source=s_q&amp;hl=en&amp;geocode=&amp;q=Marina+Alimou,+Pier+6+(Master+base),+Vergovitsis+39+(HQ),+Athens+11475,+Greece&amp;sll=37.0625,-95.677068&amp;sspn=38.22949,92.900391&amp;ie=UTF8&amp;hq=Marina+Alimou,+Pier+6+(Master+base),+Vergovitsis+39+(HQ),&amp;hnear=Athens+11475,+Greece&amp;cid=16718275286139810968&amp;ll=37.917964,23.705707&amp;spn=0.015235,0.020342&amp;z=15&amp;iwloc=A&amp;output=embed\"><\/iframe><br \/><small><a href=\"http:\/\/maps.google.com\/maps?f=q&amp;source=embed&amp;hl=en&amp;geocode=&amp;q=Marina+Alimou,+Pier+6+(Master+base),+Vergovitsis+39+(HQ),+Athens+11475,+Greece&amp;sll=37.0625,-95.677068&amp;sspn=38.22949,92.900391&amp;ie=UTF8&amp;hq=Marina+Alimou,+Pier+6+(Master+base),+Vergovitsis+39+(HQ),&amp;hnear=Athens+11475,+Greece&amp;cid=16718275286139810968&amp;ll=37.917964,23.705707&amp;spn=0.015235,0.020342&amp;z=15&amp;iwloc=A\" style=\"color:#0000FF;text-align:left\">View Larger Map<\/a><\/small><\/p>\n<\/div>\n<p>Unsere Segelboote werden normalerweise in Athen gecharterd und auch dorthin zur\u00fcckgebracht, aber es ist auch m\u00f6glich OneWay T\u00f6rns zu buchen.<\/p>\n<p>Alle unsere Boote sind versichert bei Lloyds in London. Zus\u00e4tzliche Punkte inclusive:<\/p>\n<ul>\n<li>pers\u00f6hnliche Unfallversicherung<\/li>\n<li>\u00d6lverschmutzung<\/li>\n<li>Sch\u00e4den durch Dritte<\/li>\n<\/ul>\n<blockquote><p>Das griechische Gesetz verlangt mindestens eine Person mit <strong>Bootsf\u00fchrerschein<\/strong> (oder vergleichbares Dokument) im Falle eines Charters an Bord einer Yacht.<\/p><\/blockquote>\n","protected":false},"excerpt":{"rendered":"<p>Unsere Basis befindet sich in Alimos Marina, Athen, Griechenland. Unsere Segelboote befinden sich an Pier Nr.6, Liegeplatz 610 &#8211; 616. View Larger Map Unsere Segelboote werden normalerweise in Athen gecharterd und auch dorthin zur\u00fcckgebracht, aber es ist auch m\u00f6glich OneWay T\u00f6rns zu buchen. Alle unsere Boote sind versichert bei Lloyds in London. Zus\u00e4tzliche Punkte inclusive: &hellip; <a href=\"https:\/\/www.sailgreeceyachts.com\/de\/yacht-charter-alimos-athen.html\">Continued<\/a><\/p>\n","protected":false},"author":2,"featured_media":0,"parent":0,"menu_order":0,"comment_status":"closed","ping_status":"closed","template":"","meta":{"_acf_changed":false,"footnotes":""},"class_list":["post-614","page","type-page","status-publish","hentry"],"acf":[],"yoast_head":"<!-- This site is optimized with the Yoast SEO plugin v27.1.1 - https:\/\/yoast.com\/product\/yoast-seo-wordpress\/ -->\n<title>Yachtcharter in Alimos Marina, Athen | Sail Greece Yachts<\/title>\n<meta name=\"description\" content=\"Unsere Basis befindet sich in Alimos Marina, Athen, Griechenland.\" \/>\n<meta name=\"robots\" content=\"index, follow, max-snippet:-1, max-image-preview:large, max-video-preview:-1\" \/>\n<link rel=\"canonical\" href=\"https:\/\/www.sailgreeceyachts.com\/de\/yacht-charter-alimos-athen.html\" \/>\n<meta property=\"og:locale\" content=\"de_DE\" \/>\n<meta property=\"og:type\" content=\"article\" \/>\n<meta property=\"og:title\" content=\"Yachtcharter in Alimos Marina, Athen | Sail Greece Yachts\" \/>\n<meta property=\"og:description\" content=\"Unsere Basis befindet sich in Alimos Marina, Athen, Griechenland.\" \/>\n<meta property=\"og:url\" content=\"https:\/\/www.sailgreeceyachts.com\/de\/yacht-charter-alimos-athen.html\" \/>\n<meta property=\"og:site_name\" content=\"Sail Greece Yacht Charters\" \/>\n<meta property=\"article:publisher\" content=\"https:\/\/www.facebook.com\/Sail.Greece.Yacht.Charters\/\" \/>\n<meta property=\"article:modified_time\" content=\"2016-04-03T13:51:08+00:00\" \/>\n<meta property=\"og:image\" content=\"http:\/\/www.sailgreece.gr\/assets\/facebook-300-300.png\" \/>\n<script type=\"application\/ld+json\" class=\"yoast-schema-graph\">{\"@context\":\"https:\/\/schema.org\",\"@graph\":[{\"@type\":\"WebPage\",\"@id\":\"https:\/\/www.sailgreeceyachts.com\/de\/yacht-charter-alimos-athen.html\",\"url\":\"https:\/\/www.sailgreeceyachts.com\/de\/yacht-charter-alimos-athen.html\",\"name\":\"Yachtcharter in Alimos Marina, Athen | Sail Greece Yachts\",\"isPartOf\":{\"@id\":\"https:\/\/www.sailgreeceyachts.com\/de#website\"},\"datePublished\":\"2015-12-16T08:47:14+00:00\",\"dateModified\":\"2016-04-03T13:51:08+00:00\",\"description\":\"Unsere Basis befindet sich in Alimos Marina, Athen, Griechenland.\",\"breadcrumb\":{\"@id\":\"https:\/\/www.sailgreeceyachts.com\/de\/yacht-charter-alimos-athen.html#breadcrumb\"},\"inLanguage\":\"de\",\"potentialAction\":[{\"@type\":\"ReadAction\",\"target\":[\"https:\/\/www.sailgreeceyachts.com\/de\/yacht-charter-alimos-athen.html\"]}]},{\"@type\":\"BreadcrumbList\",\"@id\":\"https:\/\/www.sailgreeceyachts.com\/de\/yacht-charter-alimos-athen.html#breadcrumb\",\"itemListElement\":[{\"@type\":\"ListItem\",\"position\":1,\"name\":\"Home\",\"item\":\"https:\/\/www.sailgreeceyachts.com\/de\"},{\"@type\":\"ListItem\",\"position\":2,\"name\":\"Sail Greece Yachts in Alimos Marina, Athen\"}]},{\"@type\":\"WebSite\",\"@id\":\"https:\/\/www.sailgreeceyachts.com\/de#website\",\"url\":\"https:\/\/www.sailgreeceyachts.com\/de\",\"name\":\"Sail Greece Yacht Charters\",\"description\":\"\",\"potentialAction\":[{\"@type\":\"SearchAction\",\"target\":{\"@type\":\"EntryPoint\",\"urlTemplate\":\"https:\/\/www.sailgreeceyachts.com\/de?s={search_term_string}\"},\"query-input\":{\"@type\":\"PropertyValueSpecification\",\"valueRequired\":true,\"valueName\":\"search_term_string\"}}],\"inLanguage\":\"de\"}]}<\/script>\n<!-- \/ Yoast SEO plugin. -->","yoast_head_json":{"title":"Yachtcharter in Alimos Marina, Athen | Sail Greece Yachts","description":"Unsere Basis befindet sich in Alimos Marina, Athen, Griechenland.","robots":{"index":"index","follow":"follow","max-snippet":"max-snippet:-1","max-image-preview":"max-image-preview:large","max-video-preview":"max-video-preview:-1"},"canonical":"https:\/\/www.sailgreeceyachts.com\/de\/yacht-charter-alimos-athen.html","og_locale":"de_DE","og_type":"article","og_title":"Yachtcharter in Alimos Marina, Athen | Sail Greece Yachts","og_description":"Unsere Basis befindet sich in Alimos Marina, Athen, Griechenland.","og_url":"https:\/\/www.sailgreeceyachts.com\/de\/yacht-charter-alimos-athen.html","og_site_name":"Sail Greece Yacht Charters","article_publisher":"https:\/\/www.facebook.com\/Sail.Greece.Yacht.Charters\/","article_modified_time":"2016-04-03T13:51:08+00:00","og_image":[{"url":"http:\/\/www.sailgreece.gr\/assets\/facebook-300-300.png","type":"","width":"","height":""}],"schema":{"@context":"https:\/\/schema.org","@graph":[{"@type":"WebPage","@id":"https:\/\/www.sailgreeceyachts.com\/de\/yacht-charter-alimos-athen.html","url":"https:\/\/www.sailgreeceyachts.com\/de\/yacht-charter-alimos-athen.html","name":"Yachtcharter in Alimos Marina, Athen | Sail Greece Yachts","isPartOf":{"@id":"https:\/\/www.sailgreeceyachts.com\/de#website"},"datePublished":"2015-12-16T08:47:14+00:00","dateModified":"2016-04-03T13:51:08+00:00","description":"Unsere Basis befindet sich in Alimos Marina, Athen, Griechenland.","breadcrumb":{"@id":"https:\/\/www.sailgreeceyachts.com\/de\/yacht-charter-alimos-athen.html#breadcrumb"},"inLanguage":"de","potentialAction":[{"@type":"ReadAction","target":["https:\/\/www.sailgreeceyachts.com\/de\/yacht-charter-alimos-athen.html"]}]},{"@type":"BreadcrumbList","@id":"https:\/\/www.sailgreeceyachts.com\/de\/yacht-charter-alimos-athen.html#breadcrumb","itemListElement":[{"@type":"ListItem","position":1,"name":"Home","item":"https:\/\/www.sailgreeceyachts.com\/de"},{"@type":"ListItem","position":2,"name":"Sail Greece Yachts in Alimos Marina, Athen"}]},{"@type":"WebSite","@id":"https:\/\/www.sailgreeceyachts.com\/de#website","url":"https:\/\/www.sailgreeceyachts.com\/de","name":"Sail Greece Yacht Charters","description":"","potentialAction":[{"@type":"SearchAction","target":{"@type":"EntryPoint","urlTemplate":"https:\/\/www.sailgreeceyachts.com\/de?s={search_term_string}"},"query-input":{"@type":"PropertyValueSpecification","valueRequired":true,"valueName":"search_term_string"}}],"inLanguage":"de"}]}},"_links":{"self":[{"href":"https:\/\/www.sailgreeceyachts.com\/de\/wp-json\/wp\/v2\/pages\/614","targetHints":{"allow":["GET"]}}],"collection":[{"href":"https:\/\/www.sailgreeceyachts.com\/de\/wp-json\/wp\/v2\/pages"}],"about":[{"href":"https:\/\/www.sailgreeceyachts.com\/de\/wp-json\/wp\/v2\/types\/page"}],"author":[{"embeddable":true,"href":"https:\/\/www.sailgreeceyachts.com\/de\/wp-json\/wp\/v2\/users\/2"}],"replies":[{"embeddable":true,"href":"https:\/\/www.sailgreeceyachts.com\/de\/wp-json\/wp\/v2\/comments?post=614"}],"version-history":[{"count":0,"href":"https:\/\/www.sailgreeceyachts.com\/de\/wp-json\/wp\/v2\/pages\/614\/revisions"}],"wp:attachment":[{"href":"https:\/\/www.sailgreeceyachts.com\/de\/wp-json\/wp\/v2\/media?parent=614"}],"curies":[{"name":"wp","href":"https:\/\/api.w.org\/{rel}","templated":true}]}}