{"id":613,"date":"2015-12-16T08:45:13","date_gmt":"2015-12-16T08:45:13","guid":{"rendered":"http:\/\/www.kollective.gr\/sailgreeceyachts-dev\/de\/?page_id=613"},"modified":"2016-04-03T13:47:59","modified_gmt":"2016-04-03T13:47:59","slug":"yacht-charter-athen","status":"publish","type":"page","link":"https:\/\/www.sailgreeceyachts.com\/de\/yacht-charter-athen.html","title":{"rendered":"Sail Greece Yacht Charter in Athen"},"content":{"rendered":"<p>&#8222;Sail Greece&#8220; Yacht Charter wurde vor 25 Jahren von zwei Freunden, Giannis Makridakis, einem Kapit\u00e4n der griechischen Handelsmarine und Vassilis Patiniotis, einem Bootsbauingenieur, gegr\u00fcndet.<\/p>\n<p>Unsere Basis befindet sich an Pier Nr.6 in der Marina Alimos, Athen, Griechenland.<\/p>\n<p>Wir versuchen wie Kunden zu denken und uns liegt mehr daran Freunde, die das Segeln genie\u00dfen, zu gewinnen, als nur Kunden. Wir sind Mitglied der <a href=\"http:\/\/www.sitesap.gr\/en\/\" target=\"_blank\">Greek Professional Yacht Owners Association<\/a> (SITESAP).<\/p>\n<blockquote><p>Wir verchartern nur unsere eigenen Segelyachten ohne Provision.<\/p><\/blockquote>\n<p>Wir sind keine grosse Charteragentur, die Boote verchartert, die ihnen nicht geh\u00f6ren. Wir behandeln jedes Boot als w\u00e4re es unser eigenes, weil es so ist!<\/p>\n<p><strong>Ein paar Gr\u00fcnde warum Sie bei uns chartern sollten<\/strong>:<\/p>\n<ol>\n<li>Wir sind die Eigner aller Yachten die wir verchartern<\/li>\n<li>Die beste Garantie f\u00fcr unsere Kunden ist unser pers\u00f6nliches Interesse den Zustand der Segelyachten auf h\u00f6chstem Niveau zu halten<\/li>\n<li>Wir sind die ersten und letzten Personen, die Sie bei Ankunft in und beim Verlassen von Griechenlandsehen werden. \ud83d\ude42<\/li>\n<\/ol>\n<h2>Unsere Liegepl\u00e4tze in der Marina Alimos, Athen<\/h2>\n<p>Unsere Liegepl\u00e4tze befinden sich in der Marina Alimos, Athen, Griechenland. Die Yachten befinden sich an der Pier 6, Liegeplatznummer 610 &#8211; 616. Weitere Informationen und eine detaillierte Karte finden Sie hier: <a href=\"yacht-charter-alimos-athen.html\">Alimos Marina, Athens<\/a><\/p>\n","protected":false},"excerpt":{"rendered":"<p>&#8222;Sail Greece&#8220; Yacht Charter wurde vor 25 Jahren von zwei Freunden, Giannis Makridakis, einem Kapit\u00e4n der griechischen Handelsmarine und Vassilis Patiniotis, einem Bootsbauingenieur, gegr\u00fcndet. Unsere Basis befindet sich an Pier Nr.6 in der Marina Alimos, Athen, Griechenland. Wir versuchen wie Kunden zu denken und uns liegt mehr daran Freunde, die das Segeln genie\u00dfen, zu gewinnen, &hellip; <a href=\"https:\/\/www.sailgreeceyachts.com\/de\/yacht-charter-athen.html\">Continued<\/a><\/p>\n","protected":false},"author":2,"featured_media":0,"parent":0,"menu_order":0,"comment_status":"closed","ping_status":"closed","template":"","meta":{"_acf_changed":false,"footnotes":""},"class_list":["post-613","page","type-page","status-publish","hentry"],"acf":[],"yoast_head":"<!-- This site is optimized with the Yoast SEO plugin v27.1.1 - https:\/\/yoast.com\/product\/yoast-seo-wordpress\/ -->\n<title>Yachtcharter in Athen | Sail Greece Yachts<\/title>\n<meta name=\"description\" content=\"Wir sind keine grosse Charteragentur, die Boote verchartert, die ihnen nicht geh\u00f6ren. Wir behandeln jedes Boot als w\u00e4re es unser eigenes, weil es so ist!\" \/>\n<meta name=\"robots\" content=\"index, follow, max-snippet:-1, max-image-preview:large, max-video-preview:-1\" \/>\n<link rel=\"canonical\" href=\"https:\/\/www.sailgreeceyachts.com\/de\/yacht-charter-athen.html\" \/>\n<meta property=\"og:locale\" content=\"de_DE\" \/>\n<meta property=\"og:type\" content=\"article\" \/>\n<meta property=\"og:title\" content=\"Yachtcharter in Athen | Sail Greece Yachts\" \/>\n<meta property=\"og:description\" content=\"Wir sind keine grosse Charteragentur, die Boote verchartert, die ihnen nicht geh\u00f6ren. Wir behandeln jedes Boot als w\u00e4re es unser eigenes, weil es so ist!\" \/>\n<meta property=\"og:url\" content=\"https:\/\/www.sailgreeceyachts.com\/de\/yacht-charter-athen.html\" \/>\n<meta property=\"og:site_name\" content=\"Sail Greece Yacht Charters\" \/>\n<meta property=\"article:publisher\" content=\"https:\/\/www.facebook.com\/Sail.Greece.Yacht.Charters\/\" \/>\n<meta property=\"article:modified_time\" content=\"2016-04-03T13:47:59+00:00\" \/>\n<meta property=\"og:image\" content=\"http:\/\/www.sailgreece.gr\/assets\/facebook-300-300.png\" \/>\n<script type=\"application\/ld+json\" class=\"yoast-schema-graph\">{\"@context\":\"https:\/\/schema.org\",\"@graph\":[{\"@type\":\"WebPage\",\"@id\":\"https:\/\/www.sailgreeceyachts.com\/de\/yacht-charter-athen.html\",\"url\":\"https:\/\/www.sailgreeceyachts.com\/de\/yacht-charter-athen.html\",\"name\":\"Yachtcharter in Athen | Sail Greece Yachts\",\"isPartOf\":{\"@id\":\"https:\/\/www.sailgreeceyachts.com\/de#website\"},\"datePublished\":\"2015-12-16T08:45:13+00:00\",\"dateModified\":\"2016-04-03T13:47:59+00:00\",\"description\":\"Wir sind keine grosse Charteragentur, die Boote verchartert, die ihnen nicht geh\u00f6ren. Wir behandeln jedes Boot als w\u00e4re es unser eigenes, weil es so ist!\",\"breadcrumb\":{\"@id\":\"https:\/\/www.sailgreeceyachts.com\/de\/yacht-charter-athen.html#breadcrumb\"},\"inLanguage\":\"de\",\"potentialAction\":[{\"@type\":\"ReadAction\",\"target\":[\"https:\/\/www.sailgreeceyachts.com\/de\/yacht-charter-athen.html\"]}]},{\"@type\":\"BreadcrumbList\",\"@id\":\"https:\/\/www.sailgreeceyachts.com\/de\/yacht-charter-athen.html#breadcrumb\",\"itemListElement\":[{\"@type\":\"ListItem\",\"position\":1,\"name\":\"Home\",\"item\":\"https:\/\/www.sailgreeceyachts.com\/de\"},{\"@type\":\"ListItem\",\"position\":2,\"name\":\"Sail Greece Yacht Charter in Athen\"}]},{\"@type\":\"WebSite\",\"@id\":\"https:\/\/www.sailgreeceyachts.com\/de#website\",\"url\":\"https:\/\/www.sailgreeceyachts.com\/de\",\"name\":\"Sail Greece Yacht Charters\",\"description\":\"\",\"potentialAction\":[{\"@type\":\"SearchAction\",\"target\":{\"@type\":\"EntryPoint\",\"urlTemplate\":\"https:\/\/www.sailgreeceyachts.com\/de?s={search_term_string}\"},\"query-input\":{\"@type\":\"PropertyValueSpecification\",\"valueRequired\":true,\"valueName\":\"search_term_string\"}}],\"inLanguage\":\"de\"}]}<\/script>\n<!-- \/ Yoast SEO plugin. -->","yoast_head_json":{"title":"Yachtcharter in Athen | Sail Greece Yachts","description":"Wir sind keine grosse Charteragentur, die Boote verchartert, die ihnen nicht geh\u00f6ren. Wir behandeln jedes Boot als w\u00e4re es unser eigenes, weil es so ist!","robots":{"index":"index","follow":"follow","max-snippet":"max-snippet:-1","max-image-preview":"max-image-preview:large","max-video-preview":"max-video-preview:-1"},"canonical":"https:\/\/www.sailgreeceyachts.com\/de\/yacht-charter-athen.html","og_locale":"de_DE","og_type":"article","og_title":"Yachtcharter in Athen | Sail Greece Yachts","og_description":"Wir sind keine grosse Charteragentur, die Boote verchartert, die ihnen nicht geh\u00f6ren. Wir behandeln jedes Boot als w\u00e4re es unser eigenes, weil es so ist!","og_url":"https:\/\/www.sailgreeceyachts.com\/de\/yacht-charter-athen.html","og_site_name":"Sail Greece Yacht Charters","article_publisher":"https:\/\/www.facebook.com\/Sail.Greece.Yacht.Charters\/","article_modified_time":"2016-04-03T13:47:59+00:00","og_image":[{"url":"http:\/\/www.sailgreece.gr\/assets\/facebook-300-300.png","type":"","width":"","height":""}],"schema":{"@context":"https:\/\/schema.org","@graph":[{"@type":"WebPage","@id":"https:\/\/www.sailgreeceyachts.com\/de\/yacht-charter-athen.html","url":"https:\/\/www.sailgreeceyachts.com\/de\/yacht-charter-athen.html","name":"Yachtcharter in Athen | Sail Greece Yachts","isPartOf":{"@id":"https:\/\/www.sailgreeceyachts.com\/de#website"},"datePublished":"2015-12-16T08:45:13+00:00","dateModified":"2016-04-03T13:47:59+00:00","description":"Wir sind keine grosse Charteragentur, die Boote verchartert, die ihnen nicht geh\u00f6ren. Wir behandeln jedes Boot als w\u00e4re es unser eigenes, weil es so ist!","breadcrumb":{"@id":"https:\/\/www.sailgreeceyachts.com\/de\/yacht-charter-athen.html#breadcrumb"},"inLanguage":"de","potentialAction":[{"@type":"ReadAction","target":["https:\/\/www.sailgreeceyachts.com\/de\/yacht-charter-athen.html"]}]},{"@type":"BreadcrumbList","@id":"https:\/\/www.sailgreeceyachts.com\/de\/yacht-charter-athen.html#breadcrumb","itemListElement":[{"@type":"ListItem","position":1,"name":"Home","item":"https:\/\/www.sailgreeceyachts.com\/de"},{"@type":"ListItem","position":2,"name":"Sail Greece Yacht Charter in Athen"}]},{"@type":"WebSite","@id":"https:\/\/www.sailgreeceyachts.com\/de#website","url":"https:\/\/www.sailgreeceyachts.com\/de","name":"Sail Greece Yacht Charters","description":"","potentialAction":[{"@type":"SearchAction","target":{"@type":"EntryPoint","urlTemplate":"https:\/\/www.sailgreeceyachts.com\/de?s={search_term_string}"},"query-input":{"@type":"PropertyValueSpecification","valueRequired":true,"valueName":"search_term_string"}}],"inLanguage":"de"}]}},"_links":{"self":[{"href":"https:\/\/www.sailgreeceyachts.com\/de\/wp-json\/wp\/v2\/pages\/613","targetHints":{"allow":["GET"]}}],"collection":[{"href":"https:\/\/www.sailgreeceyachts.com\/de\/wp-json\/wp\/v2\/pages"}],"about":[{"href":"https:\/\/www.sailgreeceyachts.com\/de\/wp-json\/wp\/v2\/types\/page"}],"author":[{"embeddable":true,"href":"https:\/\/www.sailgreeceyachts.com\/de\/wp-json\/wp\/v2\/users\/2"}],"replies":[{"embeddable":true,"href":"https:\/\/www.sailgreeceyachts.com\/de\/wp-json\/wp\/v2\/comments?post=613"}],"version-history":[{"count":0,"href":"https:\/\/www.sailgreeceyachts.com\/de\/wp-json\/wp\/v2\/pages\/613\/revisions"}],"wp:attachment":[{"href":"https:\/\/www.sailgreeceyachts.com\/de\/wp-json\/wp\/v2\/media?parent=613"}],"curies":[{"name":"wp","href":"https:\/\/api.w.org\/{rel}","templated":true}]}}