{"id":603,"date":"2015-12-16T08:19:43","date_gmt":"2015-12-16T08:19:43","guid":{"rendered":"http:\/\/www.kollective.gr\/sailgreeceyachts-dev\/?page_id=603&#038;lang=de"},"modified":"2021-11-25T08:26:06","modified_gmt":"2021-11-25T08:26:06","slug":"yacht-charter-griechenland-den-griechischen-inseln","status":"publish","type":"page","link":"https:\/\/www.sailgreeceyachts.com\/de","title":{"rendered":"Yacht Charter in Griechenland &#038; den griechischen Inseln"},"content":{"rendered":"<p><img loading=\"lazy\" decoding=\"async\" class=\"alignnone size-full wp-image-286 img-responsive\" style=\"float: right; margin: 0px 0px 20px 20px;\" src=\"https:\/\/www.sailgreeceyachts.com\/assets\/polaroid_home_page.jpg\" alt=\"Sailing in Greece\" width=\"182\" height=\"213\" \/>Willkommen bei &#8222;Sail Greece&#8220; Yachtcharter in Athen ! Wir wollen Sie einladen einen wundersch\u00f6nen Segelurlaub in Griechenland auf einer unseren Yachten, mit Skipper oder Bareboat, zu verbringen. Nutzen Sie die Gelegenheit zu einem einzigartigen Urlaub in den griechischen Inseln.<\/p>\n<p>Das Ziel von &#8222;Sail Greece&#8220; ist Ihnen die beste, preisg\u00fcnstige Yacht und den gr\u00f6\u00dftm\u00f6glichen Service zu bieten.<\/p>\n<p>Wir m\u00f6chten Freunde gewinnen, die oft nach Griechenland zur\u00fcckkehren, um die Sch\u00f6nheit der griechischen See, der Inseln, das Wetter und das Segeln zu genie\u00dfen. Wir versuchen Ihnen einen Segelurlaub zu arrangieren, den Sie nicht vergessen werden.<\/p>\n<blockquote><p>&#8222;Sail Greece&#8220; ist Eigner aller Yachten die verchartert werden. Sie k\u00f6nnen sich auf wettbewerbsf\u00e4hige Preise und hervorragenden Service verlassen.<\/p><\/blockquote>\n<p>Start!! Durchst\u00f6bern Sie unsere Seite <a href=\"sailboats.html\">Charteryachten<\/a>, senden Sie eine Anfrage f\u00fcr weitere Informationen auf der Seite <a href=\"charter_a_yacht.html\">Charterformular<\/a> und tr\u00e4umen Sie vom Segeln durch das kristallklare Wasser der \u00c4g\u00e4is w\u00e4hrend eines Besuches der vielen Inseln. Falls Sie wissen m\u00f6chten was unsere Kunden \u00fcber uns sagen, besuchen Sie unsere <a href=\"https:\/\/www.google.de\/maps\/place\/Sail+Greece+Yacht+Charters\/@37.91363,23.7037643,17z\/data=!3m1!4b1!4m2!3m1!1s0x0:0xe8033ecba78e3498\" target=\"_blank\" rel=\"noopener\">Google Place Page<\/a>.<\/p>\n<h2>Warum &#8222;Sail Greece&#8220; Yachtcharter?<\/h2>\n<p>&#8222;Sail Greece&#8220; Yacht Charter wurde vor 25 Jahren von zwei Freunden, <strong>Giannis Makridakis<\/strong>, einem Kapit\u00e4n der griechischen Handelsmarine und <strong>Vassilis Patiniotis<\/strong>, einem Bootsbauingenieur, gegr\u00fcndet. Wir versuchen wie Kunden zu denken und Segelfreunde zu gewinnen, nicht nur Kunden. Wir verchartern nur unsere eigenen Segelyachten ohne Provision, so das Sie sich auf einen angemessenen Charterpreis und promte pers\u00f6nliche Unterst\u00fctzung verlassen k\u00f6nnen.<\/p>\n<h2>Segeln in den griechischen Inseln<\/h2>\n<p>Griechenland beheimatet \u00fcber 1400 Inseln, von kleinen unbewohnten bis zu den wundersch\u00f6nen, glamour\u00f6sen Inseln Santurin und Mykonos. Egal was Sie m\u00f6chten, baden, Nachtleben und Kultur, arch\u00e4ologische und historische Orte, &#8230; oder eine Kombination aus allem, Sie werden die passende Insel finden. Wir garantieren, wenn Sie Segeln m\u00f6gen werden Sie Segeln in Griechenland lieben.<\/p>\n<p>Ein gro\u00dfer Vorteil sind die geringen Entfernungen zwischen den meisten Inseln. Wenn Sie eine Woche Zeit haben (oder nur ein Wochenende) besuchen Sie die Inseln des Saronischen Golf oder der Kykladen von Athen aus.<\/p>\n<p>Wenn Sie l\u00e4nger Zeit als eine Woche haben, nehmen Sie sich die Zeit zum Entspannen und erkunden Sie die griechischen Inseln intensiver und besuchen Sie weitere. Vorschl\u00e4ge finden Sie auf der Seite <a href=\"torns-griechischen-inseln.html\">T\u00f6rnvorschl\u00e4ge<\/a> oder fragen Sie uns \u00fcber die Seite <a href=\"charter_a_yacht.html\">Charterformular<\/a>.<\/p>\n<p>Mehr praktische Informationen finden Sie auf der Seite <a href=\"https:\/\/www.cruiserswiki.org\/wiki\/Greece\" target=\"_blank\" rel=\"noopener\">Cruisers Wiki<\/a>, die vieleEinzelheiten \u00fcber verschiedene Lnseln, die Marinas und Einrichtungen bietet.<\/p>\n<p><strong>Wir freuen uns Sie auf unserer Basis in Athen begr\u00fc\u00dfen zu d\u00fcrfen!<\/strong><\/p>\n","protected":false},"excerpt":{"rendered":"<p>Willkommen bei &#8222;Sail Greece&#8220; Yachtcharter in Athen ! Wir wollen Sie einladen einen wundersch\u00f6nen Segelurlaub in Griechenland auf einer unseren Yachten, mit Skipper oder Bareboat, zu verbringen. Nutzen Sie die Gelegenheit zu einem einzigartigen Urlaub in den griechischen Inseln. Das Ziel von &#8222;Sail Greece&#8220; ist Ihnen die beste, preisg\u00fcnstige Yacht und den gr\u00f6\u00dftm\u00f6glichen Service zu &hellip; <a href=\"https:\/\/www.sailgreeceyachts.com\/de\">Continued<\/a><\/p>\n","protected":false},"author":2,"featured_media":0,"parent":0,"menu_order":-1,"comment_status":"closed","ping_status":"closed","template":"","meta":{"_acf_changed":false,"footnotes":""},"class_list":["post-603","page","type-page","status-publish","hentry"],"acf":[],"yoast_head":"<!-- This site is optimized with the Yoast SEO plugin v27.1.1 - https:\/\/yoast.com\/product\/yoast-seo-wordpress\/ -->\n<title>Yacht Charter in Griechenland &amp; den griechischen Inseln - Sail Greece Yacht Charters<\/title>\n<meta name=\"description\" content=\"Sail Greece Yachtcharter von unserer Basis in Alimos Marina, Athen zu den griechischen Inseln an. Gute Boote zu guten preisen, garantiert!\" \/>\n<meta name=\"robots\" content=\"index, follow, max-snippet:-1, max-image-preview:large, max-video-preview:-1\" \/>\n<link rel=\"canonical\" href=\"https:\/\/www.sailgreeceyachts.com\/de\" \/>\n<meta property=\"og:locale\" content=\"de_DE\" \/>\n<meta property=\"og:type\" content=\"article\" \/>\n<meta property=\"og:title\" content=\"Yacht Charter in Griechenland &amp; den griechischen Inseln - Sail Greece Yacht Charters\" \/>\n<meta property=\"og:description\" content=\"Sail Greece Yachtcharter von unserer Basis in Alimos Marina, Athen zu den griechischen Inseln an. Gute Boote zu guten preisen, garantiert!\" \/>\n<meta property=\"og:url\" content=\"https:\/\/www.sailgreeceyachts.com\/de\" \/>\n<meta property=\"og:site_name\" content=\"Sail Greece Yacht Charters\" \/>\n<meta property=\"article:publisher\" content=\"https:\/\/www.facebook.com\/Sail.Greece.Yacht.Charters\/\" \/>\n<meta property=\"article:modified_time\" content=\"2021-11-25T08:26:06+00:00\" \/>\n<meta property=\"og:image\" content=\"https:\/\/www.sailgreeceyachts.com\/assets\/polaroid_home_page.jpg\" \/>\n<script type=\"application\/ld+json\" class=\"yoast-schema-graph\">{\"@context\":\"https:\/\/schema.org\",\"@graph\":[{\"@type\":\"WebPage\",\"@id\":\"https:\/\/www.sailgreeceyachts.com\/de\",\"url\":\"https:\/\/www.sailgreeceyachts.com\/de\",\"name\":\"Yacht Charter in Griechenland & den griechischen Inseln - Sail Greece Yacht Charters\",\"isPartOf\":{\"@id\":\"https:\/\/www.sailgreeceyachts.com\/de#website\"},\"primaryImageOfPage\":{\"@id\":\"https:\/\/www.sailgreeceyachts.com\/de#primaryimage\"},\"image\":{\"@id\":\"https:\/\/www.sailgreeceyachts.com\/de#primaryimage\"},\"thumbnailUrl\":\"https:\/\/www.sailgreeceyachts.com\/assets\/polaroid_home_page.jpg\",\"datePublished\":\"2015-12-16T08:19:43+00:00\",\"dateModified\":\"2021-11-25T08:26:06+00:00\",\"description\":\"Sail Greece Yachtcharter von unserer Basis in Alimos Marina, Athen zu den griechischen Inseln an. Gute Boote zu guten preisen, garantiert!\",\"breadcrumb\":{\"@id\":\"https:\/\/www.sailgreeceyachts.com\/de#breadcrumb\"},\"inLanguage\":\"de\",\"potentialAction\":[{\"@type\":\"ReadAction\",\"target\":[\"https:\/\/www.sailgreeceyachts.com\/de\"]}]},{\"@type\":\"ImageObject\",\"inLanguage\":\"de\",\"@id\":\"https:\/\/www.sailgreeceyachts.com\/de#primaryimage\",\"url\":\"https:\/\/www.sailgreeceyachts.com\/assets\/polaroid_home_page.jpg\",\"contentUrl\":\"https:\/\/www.sailgreeceyachts.com\/assets\/polaroid_home_page.jpg\"},{\"@type\":\"BreadcrumbList\",\"@id\":\"https:\/\/www.sailgreeceyachts.com\/de#breadcrumb\",\"itemListElement\":[{\"@type\":\"ListItem\",\"position\":1,\"name\":\"Home\",\"item\":\"https:\/\/www.sailgreeceyachts.com\/de\"},{\"@type\":\"ListItem\",\"position\":2,\"name\":\"Yacht Charter in Griechenland &#038; den griechischen Inseln\"}]},{\"@type\":\"WebSite\",\"@id\":\"https:\/\/www.sailgreeceyachts.com\/de#website\",\"url\":\"https:\/\/www.sailgreeceyachts.com\/de\",\"name\":\"Sail Greece Yacht Charters\",\"description\":\"\",\"potentialAction\":[{\"@type\":\"SearchAction\",\"target\":{\"@type\":\"EntryPoint\",\"urlTemplate\":\"https:\/\/www.sailgreeceyachts.com\/de?s={search_term_string}\"},\"query-input\":{\"@type\":\"PropertyValueSpecification\",\"valueRequired\":true,\"valueName\":\"search_term_string\"}}],\"inLanguage\":\"de\"}]}<\/script>\n<!-- \/ Yoast SEO plugin. -->","yoast_head_json":{"title":"Yacht Charter in Griechenland & den griechischen Inseln - Sail Greece Yacht Charters","description":"Sail Greece Yachtcharter von unserer Basis in Alimos Marina, Athen zu den griechischen Inseln an. Gute Boote zu guten preisen, garantiert!","robots":{"index":"index","follow":"follow","max-snippet":"max-snippet:-1","max-image-preview":"max-image-preview:large","max-video-preview":"max-video-preview:-1"},"canonical":"https:\/\/www.sailgreeceyachts.com\/de","og_locale":"de_DE","og_type":"article","og_title":"Yacht Charter in Griechenland & den griechischen Inseln - Sail Greece Yacht Charters","og_description":"Sail Greece Yachtcharter von unserer Basis in Alimos Marina, Athen zu den griechischen Inseln an. Gute Boote zu guten preisen, garantiert!","og_url":"https:\/\/www.sailgreeceyachts.com\/de","og_site_name":"Sail Greece Yacht Charters","article_publisher":"https:\/\/www.facebook.com\/Sail.Greece.Yacht.Charters\/","article_modified_time":"2021-11-25T08:26:06+00:00","og_image":[{"url":"https:\/\/www.sailgreeceyachts.com\/assets\/polaroid_home_page.jpg","type":"","width":"","height":""}],"schema":{"@context":"https:\/\/schema.org","@graph":[{"@type":"WebPage","@id":"https:\/\/www.sailgreeceyachts.com\/de","url":"https:\/\/www.sailgreeceyachts.com\/de","name":"Yacht Charter in Griechenland & den griechischen Inseln - Sail Greece Yacht Charters","isPartOf":{"@id":"https:\/\/www.sailgreeceyachts.com\/de#website"},"primaryImageOfPage":{"@id":"https:\/\/www.sailgreeceyachts.com\/de#primaryimage"},"image":{"@id":"https:\/\/www.sailgreeceyachts.com\/de#primaryimage"},"thumbnailUrl":"https:\/\/www.sailgreeceyachts.com\/assets\/polaroid_home_page.jpg","datePublished":"2015-12-16T08:19:43+00:00","dateModified":"2021-11-25T08:26:06+00:00","description":"Sail Greece Yachtcharter von unserer Basis in Alimos Marina, Athen zu den griechischen Inseln an. Gute Boote zu guten preisen, garantiert!","breadcrumb":{"@id":"https:\/\/www.sailgreeceyachts.com\/de#breadcrumb"},"inLanguage":"de","potentialAction":[{"@type":"ReadAction","target":["https:\/\/www.sailgreeceyachts.com\/de"]}]},{"@type":"ImageObject","inLanguage":"de","@id":"https:\/\/www.sailgreeceyachts.com\/de#primaryimage","url":"https:\/\/www.sailgreeceyachts.com\/assets\/polaroid_home_page.jpg","contentUrl":"https:\/\/www.sailgreeceyachts.com\/assets\/polaroid_home_page.jpg"},{"@type":"BreadcrumbList","@id":"https:\/\/www.sailgreeceyachts.com\/de#breadcrumb","itemListElement":[{"@type":"ListItem","position":1,"name":"Home","item":"https:\/\/www.sailgreeceyachts.com\/de"},{"@type":"ListItem","position":2,"name":"Yacht Charter in Griechenland &#038; den griechischen Inseln"}]},{"@type":"WebSite","@id":"https:\/\/www.sailgreeceyachts.com\/de#website","url":"https:\/\/www.sailgreeceyachts.com\/de","name":"Sail Greece Yacht Charters","description":"","potentialAction":[{"@type":"SearchAction","target":{"@type":"EntryPoint","urlTemplate":"https:\/\/www.sailgreeceyachts.com\/de?s={search_term_string}"},"query-input":{"@type":"PropertyValueSpecification","valueRequired":true,"valueName":"search_term_string"}}],"inLanguage":"de"}]}},"_links":{"self":[{"href":"https:\/\/www.sailgreeceyachts.com\/de\/wp-json\/wp\/v2\/pages\/603","targetHints":{"allow":["GET"]}}],"collection":[{"href":"https:\/\/www.sailgreeceyachts.com\/de\/wp-json\/wp\/v2\/pages"}],"about":[{"href":"https:\/\/www.sailgreeceyachts.com\/de\/wp-json\/wp\/v2\/types\/page"}],"author":[{"embeddable":true,"href":"https:\/\/www.sailgreeceyachts.com\/de\/wp-json\/wp\/v2\/users\/2"}],"replies":[{"embeddable":true,"href":"https:\/\/www.sailgreeceyachts.com\/de\/wp-json\/wp\/v2\/comments?post=603"}],"version-history":[{"count":1,"href":"https:\/\/www.sailgreeceyachts.com\/de\/wp-json\/wp\/v2\/pages\/603\/revisions"}],"predecessor-version":[{"id":2146,"href":"https:\/\/www.sailgreeceyachts.com\/de\/wp-json\/wp\/v2\/pages\/603\/revisions\/2146"}],"wp:attachment":[{"href":"https:\/\/www.sailgreeceyachts.com\/de\/wp-json\/wp\/v2\/media?parent=603"}],"curies":[{"name":"wp","href":"https:\/\/api.w.org\/{rel}","templated":true}]}}